{"id":709,"date":"2025-11-05T14:38:46","date_gmt":"2025-11-05T14:38:46","guid":{"rendered":"https:\/\/midulceesperausa.inabaweb.com\/?post_type=product&#038;p=709"},"modified":"2025-12-20T15:14:29","modified_gmt":"2025-12-20T15:14:29","slug":"regalo-perfecto-para-recien-nacido-pelele-y-gorro-100-hipoalergenico","status":"publish","type":"product","link":"https:\/\/midulceesperastore.com\/es\/producto\/regalo-perfecto-para-recien-nacido-pelele-y-gorro-100-hipoalergenico\/","title":{"rendered":"Regalo perfecto para reci\u00e9n nacido \u2013 Pelele y gorro 100% hipoalerg\u00e9nico"},"content":{"rendered":"","protected":false},"excerpt":{"rendered":"<p data-start=\"262\" data-end=\"391\">Set para reci\u00e9n nacido (0\u20133M) en tejido 100% hipoalerg\u00e9nico. Incluye pelele y gorro. Hecho en Portugal y Espa\u00f1a. \u00a1Env\u00edo incluido!<\/p>\n<p data-start=\"429\" data-end=\"617\">Un regalo elegante y pr\u00e1ctico para reci\u00e9n nacidos. Este set incluye <strong data-start=\"497\" data-end=\"515\">pelele y gorro<\/strong> confeccionados en <strong data-start=\"534\" data-end=\"564\">100% tejido hipoalerg\u00e9nico<\/strong>, suaves y delicados con la piel sensible del beb\u00e9.<\/p>\n<p data-start=\"619\" data-end=\"674\"><strong data-start=\"619\" data-end=\"630\">Tama\u00f1o:<\/strong> 0\u20133 meses (para beb\u00e9s de 6 a 9.5 libras).<\/p>\n<p data-start=\"676\" data-end=\"743\"><strong data-start=\"676\" data-end=\"687\">Origen:<\/strong> hecho con calidad y cuidado en <strong data-start=\"719\" data-end=\"740\">Portugal y Espa\u00f1a<\/strong>.<\/p>\n<p data-start=\"745\" data-end=\"854\">Perfecto para dar la bienvenida a un reci\u00e9n nacido, combinando confort, estilo y seguridad en cada detalle.<\/p>\n<p data-start=\"856\" data-end=\"886\"><strong data-start=\"856\" data-end=\"868\">Incluye:<\/strong> env\u00edo incluido.<\/p>\n<p data-start=\"888\" data-end=\"908\"><strong data-start=\"888\" data-end=\"899\">Precio:<\/strong> $68.00<\/p>\n<p data-start=\"910\" data-end=\"975\" data-is-last-node=\"\" data-is-only-node=\"\">Un regalo encantador y seguro para los primeros d\u00edas del beb\u00e9.<\/p>\n","protected":false},"featured_media":710,"comment_status":"open","ping_status":"closed","template":"","meta":{"_joinchat":[]},"product_brand":[],"product_cat":[15,38,52,33,32,49,34],"product_tag":[],"class_list":{"0":"post-709","1":"product","2":"type-product","3":"status-publish","4":"has-post-thumbnail","6":"product_cat-categoria-general","7":"product_cat-colleciones","8":"product_cat-mejor-mameluco-para-bebe-recien-nacido","9":"product_cat-ninas","10":"product_cat-pelele-y-gorro","11":"product_cat-primera-puesta-personalizada-para-bebes-bordado-incluido","12":"product_cat-ropa-de-bebes-recien-nacidos-ninos","14":"first","15":"instock","16":"shipping-taxable","17":"purchasable","18":"product-type-simple"},"yoast_head":"<!-- This site is optimized with the Yoast SEO plugin v26.8 - https:\/\/yoast.com\/product\/yoast-seo-wordpress\/ -->\n<title>Regalo perfecto para reci\u00e9n nacido \u2013 Pelele y gorro 100% hipoalerg\u00e9nico - Midulceesperastore<\/title>\n<meta name=\"robots\" content=\"index, follow, max-snippet:-1, max-image-preview:large, max-video-preview:-1\" \/>\n<link rel=\"canonical\" href=\"https:\/\/midulceesperastore.com\/es\/producto\/regalo-perfecto-para-recien-nacido-pelele-y-gorro-100-hipoalergenico\/\" \/>\n<meta property=\"og:locale\" content=\"es_ES\" \/>\n<meta property=\"og:type\" content=\"article\" \/>\n<meta property=\"og:title\" content=\"Regalo perfecto para reci\u00e9n nacido \u2013 Pelele y gorro 100% hipoalerg\u00e9nico - Midulceesperastore\" \/>\n<meta property=\"og:description\" content=\"Set para reci\u00e9n nacido (0\u20133M) en tejido 100% hipoalerg\u00e9nico. Incluye pelele y gorro. Hecho en Portugal y Espa\u00f1a. \u00a1Env\u00edo incluido! Un regalo elegante y pr\u00e1ctico para reci\u00e9n nacidos. Este set incluye pelele y gorro confeccionados en 100% tejido hipoalerg\u00e9nico, suaves y delicados con la piel sensible del beb\u00e9. Tama\u00f1o: 0\u20133 meses (para beb\u00e9s de 6 a 9.5 libras). Origen: hecho con calidad y cuidado en Portugal y Espa\u00f1a. Perfecto para dar la bienvenida a un reci\u00e9n nacido, combinando confort, estilo y seguridad en cada detalle. Incluye: env\u00edo incluido. Precio: $68.00 Un regalo encantador y seguro para los primeros d\u00edas del beb\u00e9.\" \/>\n<meta property=\"og:url\" content=\"https:\/\/midulceesperastore.com\/es\/producto\/regalo-perfecto-para-recien-nacido-pelele-y-gorro-100-hipoalergenico\/\" \/>\n<meta property=\"og:site_name\" content=\"Midulceesperastore\" \/>\n<meta property=\"article:publisher\" content=\"https:\/\/www.facebook.com\/people\/Mi-Dulce-Espera-L-L-C\/\" \/>\n<meta property=\"article:modified_time\" content=\"2025-12-20T15:14:29+00:00\" \/>\n<meta property=\"og:image\" content=\"https:\/\/midulceesperastore.com\/es\/wp-content\/uploads\/2025\/11\/Screenshot-2025-11-05T103649.694.png\" \/>\n\t<meta property=\"og:image:width\" content=\"486\" \/>\n\t<meta property=\"og:image:height\" content=\"621\" \/>\n\t<meta property=\"og:image:type\" content=\"image\/png\" \/>\n<meta name=\"twitter:card\" content=\"summary_large_image\" \/>\n<meta name=\"twitter:label1\" content=\"Tiempo de lectura\" \/>\n\t<meta name=\"twitter:data1\" content=\"1 minuto\" \/>\n<script type=\"application\/ld+json\" class=\"yoast-schema-graph\">{\"@context\":\"https:\/\/schema.org\",\"@graph\":[{\"@type\":\"WebPage\",\"@id\":\"https:\/\/midulceesperastore.com\/es\/producto\/regalo-perfecto-para-recien-nacido-pelele-y-gorro-100-hipoalergenico\/\",\"url\":\"https:\/\/midulceesperastore.com\/es\/producto\/regalo-perfecto-para-recien-nacido-pelele-y-gorro-100-hipoalergenico\/\",\"name\":\"Regalo perfecto para reci\u00e9n nacido \u2013 Pelele y gorro 100% hipoalerg\u00e9nico - Midulceesperastore\",\"isPartOf\":{\"@id\":\"https:\/\/midulceesperastore.com\/es\/#website\"},\"primaryImageOfPage\":{\"@id\":\"https:\/\/midulceesperastore.com\/es\/producto\/regalo-perfecto-para-recien-nacido-pelele-y-gorro-100-hipoalergenico\/#primaryimage\"},\"image\":{\"@id\":\"https:\/\/midulceesperastore.com\/es\/producto\/regalo-perfecto-para-recien-nacido-pelele-y-gorro-100-hipoalergenico\/#primaryimage\"},\"thumbnailUrl\":\"https:\/\/midulceesperastore.com\/es\/wp-content\/uploads\/2025\/11\/Screenshot-2025-11-05T103649.694.png\",\"datePublished\":\"2025-11-05T14:38:46+00:00\",\"dateModified\":\"2025-12-20T15:14:29+00:00\",\"breadcrumb\":{\"@id\":\"https:\/\/midulceesperastore.com\/es\/producto\/regalo-perfecto-para-recien-nacido-pelele-y-gorro-100-hipoalergenico\/#breadcrumb\"},\"inLanguage\":\"es\",\"potentialAction\":[{\"@type\":\"ReadAction\",\"target\":[\"https:\/\/midulceesperastore.com\/es\/producto\/regalo-perfecto-para-recien-nacido-pelele-y-gorro-100-hipoalergenico\/\"]}]},{\"@type\":\"ImageObject\",\"inLanguage\":\"es\",\"@id\":\"https:\/\/midulceesperastore.com\/es\/producto\/regalo-perfecto-para-recien-nacido-pelele-y-gorro-100-hipoalergenico\/#primaryimage\",\"url\":\"https:\/\/midulceesperastore.com\/es\/wp-content\/uploads\/2025\/11\/Screenshot-2025-11-05T103649.694.png\",\"contentUrl\":\"https:\/\/midulceesperastore.com\/es\/wp-content\/uploads\/2025\/11\/Screenshot-2025-11-05T103649.694.png\",\"width\":486,\"height\":621},{\"@type\":\"BreadcrumbList\",\"@id\":\"https:\/\/midulceesperastore.com\/es\/producto\/regalo-perfecto-para-recien-nacido-pelele-y-gorro-100-hipoalergenico\/#breadcrumb\",\"itemListElement\":[{\"@type\":\"ListItem\",\"position\":1,\"name\":\"Portada\",\"item\":\"https:\/\/midulceesperastore.com\/es\/\"},{\"@type\":\"ListItem\",\"position\":2,\"name\":\"Productos\",\"item\":\"https:\/\/midulceesperastore.com\/es\/kit-por-defecto\/\"},{\"@type\":\"ListItem\",\"position\":3,\"name\":\"Regalo perfecto para reci\u00e9n nacido \u2013 Pelele y gorro 100% hipoalerg\u00e9nico\"}]},{\"@type\":\"WebSite\",\"@id\":\"https:\/\/midulceesperastore.com\/es\/#website\",\"url\":\"https:\/\/midulceesperastore.com\/es\/\",\"name\":\"Midulceesperastore\",\"description\":\"Set de Bienvenida para Beb\u00e9s\",\"publisher\":{\"@id\":\"https:\/\/midulceesperastore.com\/es\/#organization\"},\"potentialAction\":[{\"@type\":\"SearchAction\",\"target\":{\"@type\":\"EntryPoint\",\"urlTemplate\":\"https:\/\/midulceesperastore.com\/es\/?s={search_term_string}\"},\"query-input\":{\"@type\":\"PropertyValueSpecification\",\"valueRequired\":true,\"valueName\":\"search_term_string\"}}],\"inLanguage\":\"es\"},{\"@type\":\"Organization\",\"@id\":\"https:\/\/midulceesperastore.com\/es\/#organization\",\"name\":\"Midulceesperastore\",\"url\":\"https:\/\/midulceesperastore.com\/es\/\",\"logo\":{\"@type\":\"ImageObject\",\"inLanguage\":\"es\",\"@id\":\"https:\/\/midulceesperastore.com\/es\/#\/schema\/logo\/image\/\",\"url\":\"https:\/\/midulceesperastore.com\/es\/wp-content\/uploads\/2025\/12\/cropped-Set-de-Bienvenida-para-Bebes-1.png\",\"contentUrl\":\"https:\/\/midulceesperastore.com\/es\/wp-content\/uploads\/2025\/12\/cropped-Set-de-Bienvenida-para-Bebes-1.png\",\"width\":512,\"height\":512,\"caption\":\"Midulceesperastore\"},\"image\":{\"@id\":\"https:\/\/midulceesperastore.com\/es\/#\/schema\/logo\/image\/\"},\"sameAs\":[\"https:\/\/www.facebook.com\/people\/Mi-Dulce-Espera-L-L-C\/\"]}]}<\/script>\n<!-- \/ Yoast SEO plugin. -->","yoast_head_json":{"title":"Regalo perfecto para reci\u00e9n nacido \u2013 Pelele y gorro 100% hipoalerg\u00e9nico - Midulceesperastore","robots":{"index":"index","follow":"follow","max-snippet":"max-snippet:-1","max-image-preview":"max-image-preview:large","max-video-preview":"max-video-preview:-1"},"canonical":"https:\/\/midulceesperastore.com\/es\/producto\/regalo-perfecto-para-recien-nacido-pelele-y-gorro-100-hipoalergenico\/","og_locale":"es_ES","og_type":"article","og_title":"Regalo perfecto para reci\u00e9n nacido \u2013 Pelele y gorro 100% hipoalerg\u00e9nico - Midulceesperastore","og_description":"Set para reci\u00e9n nacido (0\u20133M) en tejido 100% hipoalerg\u00e9nico. Incluye pelele y gorro. Hecho en Portugal y Espa\u00f1a. \u00a1Env\u00edo incluido! Un regalo elegante y pr\u00e1ctico para reci\u00e9n nacidos. Este set incluye pelele y gorro confeccionados en 100% tejido hipoalerg\u00e9nico, suaves y delicados con la piel sensible del beb\u00e9. Tama\u00f1o: 0\u20133 meses (para beb\u00e9s de 6 a 9.5 libras). Origen: hecho con calidad y cuidado en Portugal y Espa\u00f1a. Perfecto para dar la bienvenida a un reci\u00e9n nacido, combinando confort, estilo y seguridad en cada detalle. Incluye: env\u00edo incluido. Precio: $68.00 Un regalo encantador y seguro para los primeros d\u00edas del beb\u00e9.","og_url":"https:\/\/midulceesperastore.com\/es\/producto\/regalo-perfecto-para-recien-nacido-pelele-y-gorro-100-hipoalergenico\/","og_site_name":"Midulceesperastore","article_publisher":"https:\/\/www.facebook.com\/people\/Mi-Dulce-Espera-L-L-C\/","article_modified_time":"2025-12-20T15:14:29+00:00","og_image":[{"width":486,"height":621,"url":"https:\/\/midulceesperastore.com\/es\/wp-content\/uploads\/2025\/11\/Screenshot-2025-11-05T103649.694.png","type":"image\/png"}],"twitter_card":"summary_large_image","twitter_misc":{"Tiempo de lectura":"1 minuto"},"schema":{"@context":"https:\/\/schema.org","@graph":[{"@type":"WebPage","@id":"https:\/\/midulceesperastore.com\/es\/producto\/regalo-perfecto-para-recien-nacido-pelele-y-gorro-100-hipoalergenico\/","url":"https:\/\/midulceesperastore.com\/es\/producto\/regalo-perfecto-para-recien-nacido-pelele-y-gorro-100-hipoalergenico\/","name":"Regalo perfecto para reci\u00e9n nacido \u2013 Pelele y gorro 100% hipoalerg\u00e9nico - Midulceesperastore","isPartOf":{"@id":"https:\/\/midulceesperastore.com\/es\/#website"},"primaryImageOfPage":{"@id":"https:\/\/midulceesperastore.com\/es\/producto\/regalo-perfecto-para-recien-nacido-pelele-y-gorro-100-hipoalergenico\/#primaryimage"},"image":{"@id":"https:\/\/midulceesperastore.com\/es\/producto\/regalo-perfecto-para-recien-nacido-pelele-y-gorro-100-hipoalergenico\/#primaryimage"},"thumbnailUrl":"https:\/\/midulceesperastore.com\/es\/wp-content\/uploads\/2025\/11\/Screenshot-2025-11-05T103649.694.png","datePublished":"2025-11-05T14:38:46+00:00","dateModified":"2025-12-20T15:14:29+00:00","breadcrumb":{"@id":"https:\/\/midulceesperastore.com\/es\/producto\/regalo-perfecto-para-recien-nacido-pelele-y-gorro-100-hipoalergenico\/#breadcrumb"},"inLanguage":"es","potentialAction":[{"@type":"ReadAction","target":["https:\/\/midulceesperastore.com\/es\/producto\/regalo-perfecto-para-recien-nacido-pelele-y-gorro-100-hipoalergenico\/"]}]},{"@type":"ImageObject","inLanguage":"es","@id":"https:\/\/midulceesperastore.com\/es\/producto\/regalo-perfecto-para-recien-nacido-pelele-y-gorro-100-hipoalergenico\/#primaryimage","url":"https:\/\/midulceesperastore.com\/es\/wp-content\/uploads\/2025\/11\/Screenshot-2025-11-05T103649.694.png","contentUrl":"https:\/\/midulceesperastore.com\/es\/wp-content\/uploads\/2025\/11\/Screenshot-2025-11-05T103649.694.png","width":486,"height":621},{"@type":"BreadcrumbList","@id":"https:\/\/midulceesperastore.com\/es\/producto\/regalo-perfecto-para-recien-nacido-pelele-y-gorro-100-hipoalergenico\/#breadcrumb","itemListElement":[{"@type":"ListItem","position":1,"name":"Portada","item":"https:\/\/midulceesperastore.com\/es\/"},{"@type":"ListItem","position":2,"name":"Productos","item":"https:\/\/midulceesperastore.com\/es\/kit-por-defecto\/"},{"@type":"ListItem","position":3,"name":"Regalo perfecto para reci\u00e9n nacido \u2013 Pelele y gorro 100% hipoalerg\u00e9nico"}]},{"@type":"WebSite","@id":"https:\/\/midulceesperastore.com\/es\/#website","url":"https:\/\/midulceesperastore.com\/es\/","name":"Midulceesperastore","description":"Set de Bienvenida para Beb\u00e9s","publisher":{"@id":"https:\/\/midulceesperastore.com\/es\/#organization"},"potentialAction":[{"@type":"SearchAction","target":{"@type":"EntryPoint","urlTemplate":"https:\/\/midulceesperastore.com\/es\/?s={search_term_string}"},"query-input":{"@type":"PropertyValueSpecification","valueRequired":true,"valueName":"search_term_string"}}],"inLanguage":"es"},{"@type":"Organization","@id":"https:\/\/midulceesperastore.com\/es\/#organization","name":"Midulceesperastore","url":"https:\/\/midulceesperastore.com\/es\/","logo":{"@type":"ImageObject","inLanguage":"es","@id":"https:\/\/midulceesperastore.com\/es\/#\/schema\/logo\/image\/","url":"https:\/\/midulceesperastore.com\/es\/wp-content\/uploads\/2025\/12\/cropped-Set-de-Bienvenida-para-Bebes-1.png","contentUrl":"https:\/\/midulceesperastore.com\/es\/wp-content\/uploads\/2025\/12\/cropped-Set-de-Bienvenida-para-Bebes-1.png","width":512,"height":512,"caption":"Midulceesperastore"},"image":{"@id":"https:\/\/midulceesperastore.com\/es\/#\/schema\/logo\/image\/"},"sameAs":["https:\/\/www.facebook.com\/people\/Mi-Dulce-Espera-L-L-C\/"]}]}},"_links":{"self":[{"href":"https:\/\/midulceesperastore.com\/es\/wp-json\/wp\/v2\/product\/709","targetHints":{"allow":["GET"]}}],"collection":[{"href":"https:\/\/midulceesperastore.com\/es\/wp-json\/wp\/v2\/product"}],"about":[{"href":"https:\/\/midulceesperastore.com\/es\/wp-json\/wp\/v2\/types\/product"}],"replies":[{"embeddable":true,"href":"https:\/\/midulceesperastore.com\/es\/wp-json\/wp\/v2\/comments?post=709"}],"wp:featuredmedia":[{"embeddable":true,"href":"https:\/\/midulceesperastore.com\/es\/wp-json\/wp\/v2\/media\/710"}],"wp:attachment":[{"href":"https:\/\/midulceesperastore.com\/es\/wp-json\/wp\/v2\/media?parent=709"}],"wp:term":[{"taxonomy":"product_brand","embeddable":true,"href":"https:\/\/midulceesperastore.com\/es\/wp-json\/wp\/v2\/product_brand?post=709"},{"taxonomy":"product_cat","embeddable":true,"href":"https:\/\/midulceesperastore.com\/es\/wp-json\/wp\/v2\/product_cat?post=709"},{"taxonomy":"product_tag","embeddable":true,"href":"https:\/\/midulceesperastore.com\/es\/wp-json\/wp\/v2\/product_tag?post=709"}],"curies":[{"name":"wp","href":"https:\/\/api.w.org\/{rel}","templated":true}]}}