{"id":703,"date":"2025-11-05T14:31:17","date_gmt":"2025-11-05T14:31:17","guid":{"rendered":"https:\/\/midulceesperausa.inabaweb.com\/?post_type=product&#038;p=703"},"modified":"2026-01-28T19:49:10","modified_gmt":"2026-01-28T19:49:10","slug":"set-de-bienvenida-para-bebes-recien-nacidos-jake","status":"publish","type":"product","link":"https:\/\/midulceesperastore.com\/es\/producto\/set-de-bienvenida-para-bebes-recien-nacidos-jake\/","title":{"rendered":"Set de Bienvenida para Beb\u00e9s Reci\u00e9n Nacidos- Jake"},"content":{"rendered":"","protected":false},"excerpt":{"rendered":"<p data-start=\"271\" data-end=\"441\">Set de lujo para reci\u00e9n nacido (0\u20133M) elaborado en 100% algod\u00f3n hipoalerg\u00e9nico. Incluye 6 piezas, manta personalizada y chupete elegante. \u00a1Personalizaci\u00f3n y env\u00edo gratis!<\/p>\n<p data-start=\"479\" data-end=\"725\">Celebra la llegada de tu beb\u00e9 con nuestro <strong data-start=\"521\" data-end=\"566\">Ajuar de nacimiento personalizado de lujo<\/strong>, un set dise\u00f1ado para brindar suavidad, comodidad y estilo durante los primeros d\u00edas. Perfecto como regalo o para recibir a tu peque\u00f1o con un detalle \u00fanico.<\/p>\n<p data-start=\"727\" data-end=\"782\"><strong data-start=\"727\" data-end=\"738\">Tama\u00f1o:<\/strong> 0\u20133 meses (para beb\u00e9s de 6 a 9.5 libras).<\/p>\n<p data-start=\"784\" data-end=\"808\"><strong data-start=\"784\" data-end=\"806\">Contenido del set:<\/strong><\/p>\n<ol data-start=\"809\" data-end=\"1468\">\n<li data-start=\"809\" data-end=\"986\">\n<p data-start=\"812\" data-end=\"986\"><strong data-start=\"812\" data-end=\"843\">Conjunto largo de 6 piezas:<\/strong> incluye mameluco, gorro, abrigo, guantes y zapatitos elaborados en <strong data-start=\"911\" data-end=\"942\">100% algod\u00f3n hipoalerg\u00e9nico<\/strong>, suaves y delicados con la piel del beb\u00e9.<\/p>\n<\/li>\n<li data-start=\"987\" data-end=\"1270\">\n<p data-start=\"990\" data-end=\"1270\"><strong data-start=\"990\" data-end=\"1044\">Chupete elegante personalizado con clip de cadena:<\/strong> fabricado en <strong data-start=\"1058\" data-end=\"1091\">silicona de grado alimenticio<\/strong>, libre de BPA y PVC. Decorado con <strong data-start=\"1126\" data-end=\"1165\">diamantes de imitaci\u00f3n efecto bling<\/strong> y protector en el mam\u00f3n.<br data-start=\"1190\" data-end=\"1193\" \/><em data-start=\"1196\" data-end=\"1214\">Recomendaciones:<\/em> no hervir, no sumergir en agua ni usar en microondas.<\/p>\n<\/li>\n<li data-start=\"1271\" data-end=\"1468\">\n<p data-start=\"1274\" data-end=\"1468\"><strong data-start=\"1274\" data-end=\"1309\">Manta personalizada con nombre:<\/strong> lado frontal de <strong data-start=\"1326\" data-end=\"1372\">tejido polar suave con burbujas en relieve<\/strong> y reverso de <strong data-start=\"1386\" data-end=\"1407\">microfibra sherpa<\/strong>. Tama\u00f1o: 70 \u00d7 90 cm, ideal para la delicada piel del beb\u00e9.<\/p>\n<\/li>\n<\/ol>\n<p data-start=\"1470\" data-end=\"1538\"><strong data-start=\"1470\" data-end=\"1482\">Incluye:<\/strong> personalizaci\u00f3n gratuita y env\u00edo sin costo adicional.<\/p>\n<p data-start=\"1540\" data-end=\"1561\"><strong data-start=\"1540\" data-end=\"1551\">Precio:<\/strong> $145.00<\/p>\n<p data-start=\"1563\" data-end=\"1676\" data-is-last-node=\"\" data-is-only-node=\"\">Un ajuar encantador y elegante que combina estilo, confort y ternura para los primeros d\u00edas del reci\u00e9n nacido.<\/p>\n","protected":false},"featured_media":2042,"comment_status":"open","ping_status":"closed","template":"","meta":{"_joinchat":[]},"product_brand":[],"product_cat":[15,30,38,28,51,52,49,34,37,35],"product_tag":[],"class_list":{"0":"post-703","1":"product","2":"type-product","3":"status-publish","4":"has-post-thumbnail","6":"product_cat-categoria-general","7":"product_cat-ajuar-de-nacimiento","8":"product_cat-colleciones","9":"product_cat-conjunto","10":"product_cat-conjuntos-personalizados-para-bebes","11":"product_cat-mejor-mameluco-para-bebe-recien-nacido","12":"product_cat-primera-puesta-personalizada-para-bebes-bordado-incluido","13":"product_cat-ropa-de-bebes-recien-nacidos-ninos","14":"product_cat-set-de-bienvenida-para-bebes-recien-nacidos","15":"product_cat-set-tejido","16":"wcpa_has_options","18":"first","19":"instock","20":"shipping-taxable","21":"purchasable","22":"product-type-simple"},"yoast_head":"<!-- This site is optimized with the Yoast SEO plugin v26.8 - https:\/\/yoast.com\/product\/yoast-seo-wordpress\/ -->\n<title>Set de Bienvenida para Beb\u00e9s Reci\u00e9n Nacidos- Jake - Midulceesperastore<\/title>\n<meta name=\"robots\" content=\"index, follow, max-snippet:-1, max-image-preview:large, max-video-preview:-1\" \/>\n<link rel=\"canonical\" href=\"https:\/\/midulceesperastore.com\/es\/producto\/set-de-bienvenida-para-bebes-recien-nacidos-jake\/\" \/>\n<meta property=\"og:locale\" content=\"es_ES\" \/>\n<meta property=\"og:type\" content=\"article\" \/>\n<meta property=\"og:title\" content=\"Set de Bienvenida para Beb\u00e9s Reci\u00e9n Nacidos- Jake - Midulceesperastore\" \/>\n<meta property=\"og:description\" content=\"Set de lujo para reci\u00e9n nacido (0\u20133M) elaborado en 100% algod\u00f3n hipoalerg\u00e9nico. Incluye 6 piezas, manta personalizada y chupete elegante. \u00a1Personalizaci\u00f3n y env\u00edo gratis! Celebra la llegada de tu beb\u00e9 con nuestro Ajuar de nacimiento personalizado de lujo, un set dise\u00f1ado para brindar suavidad, comodidad y estilo durante los primeros d\u00edas. Perfecto como regalo o para recibir a tu peque\u00f1o con un detalle \u00fanico. Tama\u00f1o: 0\u20133 meses (para beb\u00e9s de 6 a 9.5 libras). Contenido del set:     Conjunto largo de 6 piezas: incluye mameluco, gorro, abrigo, guantes y zapatitos elaborados en 100% algod\u00f3n hipoalerg\u00e9nico, suaves y delicados con la piel del beb\u00e9.    Chupete elegante personalizado con clip de cadena: fabricado en silicona de grado alimenticio, libre de BPA y PVC. Decorado con diamantes de imitaci\u00f3n efecto bling y protector en el mam\u00f3n.Recomendaciones: no hervir, no sumergir en agua ni usar en microondas.    Manta personalizada con nombre: lado frontal de tejido polar suave con burbujas en relieve y reverso de microfibra sherpa. Tama\u00f1o: 70 \u00d7 90 cm, ideal para la delicada piel del beb\u00e9.   Incluye: personalizaci\u00f3n gratuita y env\u00edo sin costo adicional. Precio: $145.00 Un ajuar encantador y elegante que combina estilo, confort y ternura para los primeros d\u00edas del reci\u00e9n nacido.\" \/>\n<meta property=\"og:url\" content=\"https:\/\/midulceesperastore.com\/es\/producto\/set-de-bienvenida-para-bebes-recien-nacidos-jake\/\" \/>\n<meta property=\"og:site_name\" content=\"Midulceesperastore\" \/>\n<meta property=\"article:publisher\" content=\"https:\/\/www.facebook.com\/people\/Mi-Dulce-Espera-L-L-C\/\" \/>\n<meta property=\"article:modified_time\" content=\"2026-01-28T19:49:10+00:00\" \/>\n<meta property=\"og:image\" content=\"https:\/\/midulceesperastore.com\/es\/wp-content\/uploads\/2025\/11\/WhatsApp-Image-2026-01-28-at-2.40.59-PM.jpeg\" \/>\n\t<meta property=\"og:image:width\" content=\"2048\" \/>\n\t<meta property=\"og:image:height\" content=\"2048\" \/>\n\t<meta property=\"og:image:type\" content=\"image\/jpeg\" \/>\n<meta name=\"twitter:card\" content=\"summary_large_image\" \/>\n<meta name=\"twitter:label1\" content=\"Tiempo de lectura\" \/>\n\t<meta name=\"twitter:data1\" content=\"1 minuto\" \/>\n<script type=\"application\/ld+json\" class=\"yoast-schema-graph\">{\"@context\":\"https:\/\/schema.org\",\"@graph\":[{\"@type\":\"WebPage\",\"@id\":\"https:\/\/midulceesperastore.com\/es\/producto\/set-de-bienvenida-para-bebes-recien-nacidos-jake\/\",\"url\":\"https:\/\/midulceesperastore.com\/es\/producto\/set-de-bienvenida-para-bebes-recien-nacidos-jake\/\",\"name\":\"Set de Bienvenida para Beb\u00e9s Reci\u00e9n Nacidos- Jake - Midulceesperastore\",\"isPartOf\":{\"@id\":\"https:\/\/midulceesperastore.com\/es\/#website\"},\"primaryImageOfPage\":{\"@id\":\"https:\/\/midulceesperastore.com\/es\/producto\/set-de-bienvenida-para-bebes-recien-nacidos-jake\/#primaryimage\"},\"image\":{\"@id\":\"https:\/\/midulceesperastore.com\/es\/producto\/set-de-bienvenida-para-bebes-recien-nacidos-jake\/#primaryimage\"},\"thumbnailUrl\":\"https:\/\/midulceesperastore.com\/es\/wp-content\/uploads\/2025\/11\/WhatsApp-Image-2026-01-28-at-2.40.59-PM.jpeg\",\"datePublished\":\"2025-11-05T14:31:17+00:00\",\"dateModified\":\"2026-01-28T19:49:10+00:00\",\"breadcrumb\":{\"@id\":\"https:\/\/midulceesperastore.com\/es\/producto\/set-de-bienvenida-para-bebes-recien-nacidos-jake\/#breadcrumb\"},\"inLanguage\":\"es\",\"potentialAction\":[{\"@type\":\"ReadAction\",\"target\":[\"https:\/\/midulceesperastore.com\/es\/producto\/set-de-bienvenida-para-bebes-recien-nacidos-jake\/\"]}]},{\"@type\":\"ImageObject\",\"inLanguage\":\"es\",\"@id\":\"https:\/\/midulceesperastore.com\/es\/producto\/set-de-bienvenida-para-bebes-recien-nacidos-jake\/#primaryimage\",\"url\":\"https:\/\/midulceesperastore.com\/es\/wp-content\/uploads\/2025\/11\/WhatsApp-Image-2026-01-28-at-2.40.59-PM.jpeg\",\"contentUrl\":\"https:\/\/midulceesperastore.com\/es\/wp-content\/uploads\/2025\/11\/WhatsApp-Image-2026-01-28-at-2.40.59-PM.jpeg\",\"width\":2048,\"height\":2048},{\"@type\":\"BreadcrumbList\",\"@id\":\"https:\/\/midulceesperastore.com\/es\/producto\/set-de-bienvenida-para-bebes-recien-nacidos-jake\/#breadcrumb\",\"itemListElement\":[{\"@type\":\"ListItem\",\"position\":1,\"name\":\"Portada\",\"item\":\"https:\/\/midulceesperastore.com\/es\/\"},{\"@type\":\"ListItem\",\"position\":2,\"name\":\"Productos\",\"item\":\"https:\/\/midulceesperastore.com\/es\/kit-por-defecto\/\"},{\"@type\":\"ListItem\",\"position\":3,\"name\":\"Set de Bienvenida para Beb\u00e9s Reci\u00e9n Nacidos- Jake\"}]},{\"@type\":\"WebSite\",\"@id\":\"https:\/\/midulceesperastore.com\/es\/#website\",\"url\":\"https:\/\/midulceesperastore.com\/es\/\",\"name\":\"Midulceesperastore\",\"description\":\"Set de Bienvenida para Beb\u00e9s\",\"publisher\":{\"@id\":\"https:\/\/midulceesperastore.com\/es\/#organization\"},\"potentialAction\":[{\"@type\":\"SearchAction\",\"target\":{\"@type\":\"EntryPoint\",\"urlTemplate\":\"https:\/\/midulceesperastore.com\/es\/?s={search_term_string}\"},\"query-input\":{\"@type\":\"PropertyValueSpecification\",\"valueRequired\":true,\"valueName\":\"search_term_string\"}}],\"inLanguage\":\"es\"},{\"@type\":\"Organization\",\"@id\":\"https:\/\/midulceesperastore.com\/es\/#organization\",\"name\":\"Midulceesperastore\",\"url\":\"https:\/\/midulceesperastore.com\/es\/\",\"logo\":{\"@type\":\"ImageObject\",\"inLanguage\":\"es\",\"@id\":\"https:\/\/midulceesperastore.com\/es\/#\/schema\/logo\/image\/\",\"url\":\"https:\/\/midulceesperastore.com\/es\/wp-content\/uploads\/2025\/12\/cropped-Set-de-Bienvenida-para-Bebes-1.png\",\"contentUrl\":\"https:\/\/midulceesperastore.com\/es\/wp-content\/uploads\/2025\/12\/cropped-Set-de-Bienvenida-para-Bebes-1.png\",\"width\":512,\"height\":512,\"caption\":\"Midulceesperastore\"},\"image\":{\"@id\":\"https:\/\/midulceesperastore.com\/es\/#\/schema\/logo\/image\/\"},\"sameAs\":[\"https:\/\/www.facebook.com\/people\/Mi-Dulce-Espera-L-L-C\/\"]}]}<\/script>\n<!-- \/ Yoast SEO plugin. -->","yoast_head_json":{"title":"Set de Bienvenida para Beb\u00e9s Reci\u00e9n Nacidos- Jake - Midulceesperastore","robots":{"index":"index","follow":"follow","max-snippet":"max-snippet:-1","max-image-preview":"max-image-preview:large","max-video-preview":"max-video-preview:-1"},"canonical":"https:\/\/midulceesperastore.com\/es\/producto\/set-de-bienvenida-para-bebes-recien-nacidos-jake\/","og_locale":"es_ES","og_type":"article","og_title":"Set de Bienvenida para Beb\u00e9s Reci\u00e9n Nacidos- Jake - Midulceesperastore","og_description":"Set de lujo para reci\u00e9n nacido (0\u20133M) elaborado en 100% algod\u00f3n hipoalerg\u00e9nico. Incluye 6 piezas, manta personalizada y chupete elegante. \u00a1Personalizaci\u00f3n y env\u00edo gratis! Celebra la llegada de tu beb\u00e9 con nuestro Ajuar de nacimiento personalizado de lujo, un set dise\u00f1ado para brindar suavidad, comodidad y estilo durante los primeros d\u00edas. Perfecto como regalo o para recibir a tu peque\u00f1o con un detalle \u00fanico. Tama\u00f1o: 0\u20133 meses (para beb\u00e9s de 6 a 9.5 libras). Contenido del set:     Conjunto largo de 6 piezas: incluye mameluco, gorro, abrigo, guantes y zapatitos elaborados en 100% algod\u00f3n hipoalerg\u00e9nico, suaves y delicados con la piel del beb\u00e9.    Chupete elegante personalizado con clip de cadena: fabricado en silicona de grado alimenticio, libre de BPA y PVC. Decorado con diamantes de imitaci\u00f3n efecto bling y protector en el mam\u00f3n.Recomendaciones: no hervir, no sumergir en agua ni usar en microondas.    Manta personalizada con nombre: lado frontal de tejido polar suave con burbujas en relieve y reverso de microfibra sherpa. Tama\u00f1o: 70 \u00d7 90 cm, ideal para la delicada piel del beb\u00e9.   Incluye: personalizaci\u00f3n gratuita y env\u00edo sin costo adicional. Precio: $145.00 Un ajuar encantador y elegante que combina estilo, confort y ternura para los primeros d\u00edas del reci\u00e9n nacido.","og_url":"https:\/\/midulceesperastore.com\/es\/producto\/set-de-bienvenida-para-bebes-recien-nacidos-jake\/","og_site_name":"Midulceesperastore","article_publisher":"https:\/\/www.facebook.com\/people\/Mi-Dulce-Espera-L-L-C\/","article_modified_time":"2026-01-28T19:49:10+00:00","og_image":[{"width":2048,"height":2048,"url":"https:\/\/midulceesperastore.com\/es\/wp-content\/uploads\/2025\/11\/WhatsApp-Image-2026-01-28-at-2.40.59-PM.jpeg","type":"image\/jpeg"}],"twitter_card":"summary_large_image","twitter_misc":{"Tiempo de lectura":"1 minuto"},"schema":{"@context":"https:\/\/schema.org","@graph":[{"@type":"WebPage","@id":"https:\/\/midulceesperastore.com\/es\/producto\/set-de-bienvenida-para-bebes-recien-nacidos-jake\/","url":"https:\/\/midulceesperastore.com\/es\/producto\/set-de-bienvenida-para-bebes-recien-nacidos-jake\/","name":"Set de Bienvenida para Beb\u00e9s Reci\u00e9n Nacidos- Jake - Midulceesperastore","isPartOf":{"@id":"https:\/\/midulceesperastore.com\/es\/#website"},"primaryImageOfPage":{"@id":"https:\/\/midulceesperastore.com\/es\/producto\/set-de-bienvenida-para-bebes-recien-nacidos-jake\/#primaryimage"},"image":{"@id":"https:\/\/midulceesperastore.com\/es\/producto\/set-de-bienvenida-para-bebes-recien-nacidos-jake\/#primaryimage"},"thumbnailUrl":"https:\/\/midulceesperastore.com\/es\/wp-content\/uploads\/2025\/11\/WhatsApp-Image-2026-01-28-at-2.40.59-PM.jpeg","datePublished":"2025-11-05T14:31:17+00:00","dateModified":"2026-01-28T19:49:10+00:00","breadcrumb":{"@id":"https:\/\/midulceesperastore.com\/es\/producto\/set-de-bienvenida-para-bebes-recien-nacidos-jake\/#breadcrumb"},"inLanguage":"es","potentialAction":[{"@type":"ReadAction","target":["https:\/\/midulceesperastore.com\/es\/producto\/set-de-bienvenida-para-bebes-recien-nacidos-jake\/"]}]},{"@type":"ImageObject","inLanguage":"es","@id":"https:\/\/midulceesperastore.com\/es\/producto\/set-de-bienvenida-para-bebes-recien-nacidos-jake\/#primaryimage","url":"https:\/\/midulceesperastore.com\/es\/wp-content\/uploads\/2025\/11\/WhatsApp-Image-2026-01-28-at-2.40.59-PM.jpeg","contentUrl":"https:\/\/midulceesperastore.com\/es\/wp-content\/uploads\/2025\/11\/WhatsApp-Image-2026-01-28-at-2.40.59-PM.jpeg","width":2048,"height":2048},{"@type":"BreadcrumbList","@id":"https:\/\/midulceesperastore.com\/es\/producto\/set-de-bienvenida-para-bebes-recien-nacidos-jake\/#breadcrumb","itemListElement":[{"@type":"ListItem","position":1,"name":"Portada","item":"https:\/\/midulceesperastore.com\/es\/"},{"@type":"ListItem","position":2,"name":"Productos","item":"https:\/\/midulceesperastore.com\/es\/kit-por-defecto\/"},{"@type":"ListItem","position":3,"name":"Set de Bienvenida para Beb\u00e9s Reci\u00e9n Nacidos- Jake"}]},{"@type":"WebSite","@id":"https:\/\/midulceesperastore.com\/es\/#website","url":"https:\/\/midulceesperastore.com\/es\/","name":"Midulceesperastore","description":"Set de Bienvenida para Beb\u00e9s","publisher":{"@id":"https:\/\/midulceesperastore.com\/es\/#organization"},"potentialAction":[{"@type":"SearchAction","target":{"@type":"EntryPoint","urlTemplate":"https:\/\/midulceesperastore.com\/es\/?s={search_term_string}"},"query-input":{"@type":"PropertyValueSpecification","valueRequired":true,"valueName":"search_term_string"}}],"inLanguage":"es"},{"@type":"Organization","@id":"https:\/\/midulceesperastore.com\/es\/#organization","name":"Midulceesperastore","url":"https:\/\/midulceesperastore.com\/es\/","logo":{"@type":"ImageObject","inLanguage":"es","@id":"https:\/\/midulceesperastore.com\/es\/#\/schema\/logo\/image\/","url":"https:\/\/midulceesperastore.com\/es\/wp-content\/uploads\/2025\/12\/cropped-Set-de-Bienvenida-para-Bebes-1.png","contentUrl":"https:\/\/midulceesperastore.com\/es\/wp-content\/uploads\/2025\/12\/cropped-Set-de-Bienvenida-para-Bebes-1.png","width":512,"height":512,"caption":"Midulceesperastore"},"image":{"@id":"https:\/\/midulceesperastore.com\/es\/#\/schema\/logo\/image\/"},"sameAs":["https:\/\/www.facebook.com\/people\/Mi-Dulce-Espera-L-L-C\/"]}]}},"_links":{"self":[{"href":"https:\/\/midulceesperastore.com\/es\/wp-json\/wp\/v2\/product\/703","targetHints":{"allow":["GET"]}}],"collection":[{"href":"https:\/\/midulceesperastore.com\/es\/wp-json\/wp\/v2\/product"}],"about":[{"href":"https:\/\/midulceesperastore.com\/es\/wp-json\/wp\/v2\/types\/product"}],"replies":[{"embeddable":true,"href":"https:\/\/midulceesperastore.com\/es\/wp-json\/wp\/v2\/comments?post=703"}],"wp:featuredmedia":[{"embeddable":true,"href":"https:\/\/midulceesperastore.com\/es\/wp-json\/wp\/v2\/media\/2042"}],"wp:attachment":[{"href":"https:\/\/midulceesperastore.com\/es\/wp-json\/wp\/v2\/media?parent=703"}],"wp:term":[{"taxonomy":"product_brand","embeddable":true,"href":"https:\/\/midulceesperastore.com\/es\/wp-json\/wp\/v2\/product_brand?post=703"},{"taxonomy":"product_cat","embeddable":true,"href":"https:\/\/midulceesperastore.com\/es\/wp-json\/wp\/v2\/product_cat?post=703"},{"taxonomy":"product_tag","embeddable":true,"href":"https:\/\/midulceesperastore.com\/es\/wp-json\/wp\/v2\/product_tag?post=703"}],"curies":[{"name":"wp","href":"https:\/\/api.w.org\/{rel}","templated":true}]}}