{"id":695,"date":"2025-11-05T14:21:59","date_gmt":"2025-11-05T14:21:59","guid":{"rendered":"https:\/\/midulceesperausa.inabaweb.com\/?post_type=product&#038;p=695"},"modified":"2026-03-30T21:37:30","modified_gmt":"2026-03-30T21:37:30","slug":"ajuar-de-nacimiento-personalizado-de-lujo-set-6-piezas-con-manta-y-chupete-elegante-2","status":"publish","type":"product","link":"https:\/\/midulceesperastore.com\/es\/producto\/ajuar-de-nacimiento-personalizado-de-lujo-set-6-piezas-con-manta-y-chupete-elegante-2\/","title":{"rendered":"Set de Bienvenida para Beb\u00e9s Reci\u00e9n Nacidos-Luz"},"content":{"rendered":"","protected":false},"excerpt":{"rendered":"<p data-start=\"298\" data-end=\"480\">Set de lujo para reci\u00e9n nacido (0\u20133M) elaborado en 100% algod\u00f3n hipoalerg\u00e9nico. Incluye manta personalizada, chupete elegante y conjunto de 6 piezas. \u00a1Personalizaci\u00f3n y env\u00edo gratis!<\/p>\n<p data-start=\"518\" data-end=\"763\">Descubre la dulzura y elegancia de nuestro <strong data-start=\"561\" data-end=\"606\">Ajuar de nacimiento personalizado de lujo<\/strong>, dise\u00f1ado para acompa\u00f1ar los primeros d\u00edas de tu beb\u00e9 con suavidad, confort y estilo. Ideal para regalo o para recibir a tu peque\u00f1o con un toque especial.<\/p>\n<p data-start=\"765\" data-end=\"820\"><strong data-start=\"765\" data-end=\"776\">Tama\u00f1o:<\/strong> 0\u20133 meses (para beb\u00e9s de 6 a 9.5 libras).<\/p>\n<p data-start=\"822\" data-end=\"846\"><strong data-start=\"822\" data-end=\"844\">Contenido del set:<\/strong><\/p>\n<ul data-start=\"847\" data-end=\"1493\">\n<li data-start=\"847\" data-end=\"1015\">\n<p data-start=\"849\" data-end=\"1015\"><strong data-start=\"849\" data-end=\"880\">Conjunto largo de 6 piezas:<\/strong> gorro, abrigo, mameluco, guantes y zapatitos elaborados en <strong data-start=\"940\" data-end=\"971\">100% algod\u00f3n hipoalerg\u00e9nico<\/strong>, suaves y delicados con la piel del beb\u00e9.<\/p>\n<\/li>\n<li data-start=\"1016\" data-end=\"1291\">\n<p data-start=\"1018\" data-end=\"1291\"><strong data-start=\"1018\" data-end=\"1072\">Chupete elegante personalizado con clip de cadena:<\/strong> hecho en <strong data-start=\"1082\" data-end=\"1115\">silicona de grado alimenticio<\/strong>, libre de BPA y PVC. Decorado con <strong data-start=\"1150\" data-end=\"1189\">diamantes de imitaci\u00f3n efecto bling<\/strong> y protector en el mam\u00f3n.<br data-start=\"1214\" data-end=\"1217\" \/><em data-start=\"1219\" data-end=\"1235\">Recomendaci\u00f3n:<\/em> No hervir, no sumergir en agua ni usar en microondas.<\/p>\n<\/li>\n<li data-start=\"1292\" data-end=\"1493\">\n<p data-start=\"1294\" data-end=\"1493\"><strong data-start=\"1294\" data-end=\"1329\">Manta personalizada con nombre:<\/strong> lado frontal de <strong data-start=\"1346\" data-end=\"1386\">tejido polar con burbujas en relieve<\/strong> y reverso en <strong data-start=\"1400\" data-end=\"1433\">microfibra sherpa ultra suave<\/strong>. Tama\u00f1o: <strong data-start=\"1443\" data-end=\"1457\">70 \u00d7 90 cm<\/strong>, perfecta para una piel delicada.<\/p>\n<\/li>\n<\/ul>\n<p data-start=\"1495\" data-end=\"1550\"><strong data-start=\"1495\" data-end=\"1507\">Incluye:<\/strong> personalizaci\u00f3n gratuita y env\u00edo gratis.<\/p>\n<p data-start=\"1552\" data-end=\"1573\"><strong data-start=\"1552\" data-end=\"1563\">Precio:<\/strong> $145.00<\/p>\n<p data-start=\"1575\" data-end=\"1696\" data-is-last-node=\"\" data-is-only-node=\"\">Un detalle \u00fanico y elegante para celebrar la dulce espera o regalar a quienes viven la hermosa experiencia de ser padres.<\/p>\n","protected":false},"featured_media":696,"comment_status":"open","ping_status":"closed","template":"","meta":{"_joinchat":[]},"product_brand":[],"product_cat":[15,30,28,51,52,33,36,49,37,35],"product_tag":[],"class_list":{"0":"post-695","1":"product","2":"type-product","3":"status-publish","4":"has-post-thumbnail","6":"product_cat-categoria-general","7":"product_cat-ajuar-de-nacimiento","8":"product_cat-conjunto","9":"product_cat-conjuntos-personalizados-para-bebes","10":"product_cat-mejor-mameluco-para-bebe-recien-nacido","11":"product_cat-ninas","12":"product_cat-personalizado","13":"product_cat-primera-puesta-personalizada-para-bebes-bordado-incluido","14":"product_cat-set-de-bienvenida-para-bebes-recien-nacidos","15":"product_cat-set-tejido","16":"wcpa_has_options","18":"first","19":"outofstock","20":"shipping-taxable","21":"purchasable","22":"product-type-simple"},"yoast_head":"<!-- This site is optimized with the Yoast SEO plugin v26.8 - https:\/\/yoast.com\/product\/yoast-seo-wordpress\/ -->\n<title>Set de Bienvenida para Beb\u00e9s Reci\u00e9n Nacidos-Luz - Midulceesperastore<\/title>\n<meta name=\"robots\" content=\"index, follow, max-snippet:-1, max-image-preview:large, max-video-preview:-1\" \/>\n<link rel=\"canonical\" href=\"https:\/\/midulceesperastore.com\/es\/producto\/ajuar-de-nacimiento-personalizado-de-lujo-set-6-piezas-con-manta-y-chupete-elegante-2\/\" \/>\n<meta property=\"og:locale\" content=\"es_ES\" \/>\n<meta property=\"og:type\" content=\"article\" \/>\n<meta property=\"og:title\" content=\"Set de Bienvenida para Beb\u00e9s Reci\u00e9n Nacidos-Luz - Midulceesperastore\" \/>\n<meta property=\"og:description\" content=\"Set de lujo para reci\u00e9n nacido (0\u20133M) elaborado en 100% algod\u00f3n hipoalerg\u00e9nico. Incluye manta personalizada, chupete elegante y conjunto de 6 piezas. \u00a1Personalizaci\u00f3n y env\u00edo gratis! Descubre la dulzura y elegancia de nuestro Ajuar de nacimiento personalizado de lujo, dise\u00f1ado para acompa\u00f1ar los primeros d\u00edas de tu beb\u00e9 con suavidad, confort y estilo. Ideal para regalo o para recibir a tu peque\u00f1o con un toque especial. Tama\u00f1o: 0\u20133 meses (para beb\u00e9s de 6 a 9.5 libras). Contenido del set:     Conjunto largo de 6 piezas: gorro, abrigo, mameluco, guantes y zapatitos elaborados en 100% algod\u00f3n hipoalerg\u00e9nico, suaves y delicados con la piel del beb\u00e9.    Chupete elegante personalizado con clip de cadena: hecho en silicona de grado alimenticio, libre de BPA y PVC. Decorado con diamantes de imitaci\u00f3n efecto bling y protector en el mam\u00f3n.Recomendaci\u00f3n: No hervir, no sumergir en agua ni usar en microondas.    Manta personalizada con nombre: lado frontal de tejido polar con burbujas en relieve y reverso en microfibra sherpa ultra suave. Tama\u00f1o: 70 \u00d7 90 cm, perfecta para una piel delicada.   Incluye: personalizaci\u00f3n gratuita y env\u00edo gratis. Precio: $145.00 Un detalle \u00fanico y elegante para celebrar la dulce espera o regalar a quienes viven la hermosa experiencia de ser padres.\" \/>\n<meta property=\"og:url\" content=\"https:\/\/midulceesperastore.com\/es\/producto\/ajuar-de-nacimiento-personalizado-de-lujo-set-6-piezas-con-manta-y-chupete-elegante-2\/\" \/>\n<meta property=\"og:site_name\" content=\"Midulceesperastore\" \/>\n<meta property=\"article:publisher\" content=\"https:\/\/www.facebook.com\/people\/Mi-Dulce-Espera-L-L-C\/\" \/>\n<meta property=\"article:modified_time\" content=\"2026-03-30T21:37:30+00:00\" \/>\n<meta property=\"og:image\" content=\"https:\/\/midulceesperastore.com\/es\/wp-content\/uploads\/2025\/11\/Screenshot-2025-11-05T101827.176.png\" \/>\n\t<meta property=\"og:image:width\" content=\"645\" \/>\n\t<meta property=\"og:image:height\" content=\"644\" \/>\n\t<meta property=\"og:image:type\" content=\"image\/png\" \/>\n<meta name=\"twitter:card\" content=\"summary_large_image\" \/>\n<meta name=\"twitter:label1\" content=\"Tiempo de lectura\" \/>\n\t<meta name=\"twitter:data1\" content=\"1 minuto\" \/>\n<script type=\"application\/ld+json\" class=\"yoast-schema-graph\">{\"@context\":\"https:\/\/schema.org\",\"@graph\":[{\"@type\":\"WebPage\",\"@id\":\"https:\/\/midulceesperastore.com\/es\/producto\/ajuar-de-nacimiento-personalizado-de-lujo-set-6-piezas-con-manta-y-chupete-elegante-2\/\",\"url\":\"https:\/\/midulceesperastore.com\/es\/producto\/ajuar-de-nacimiento-personalizado-de-lujo-set-6-piezas-con-manta-y-chupete-elegante-2\/\",\"name\":\"Set de Bienvenida para Beb\u00e9s Reci\u00e9n Nacidos-Luz - Midulceesperastore\",\"isPartOf\":{\"@id\":\"https:\/\/midulceesperastore.com\/es\/#website\"},\"primaryImageOfPage\":{\"@id\":\"https:\/\/midulceesperastore.com\/es\/producto\/ajuar-de-nacimiento-personalizado-de-lujo-set-6-piezas-con-manta-y-chupete-elegante-2\/#primaryimage\"},\"image\":{\"@id\":\"https:\/\/midulceesperastore.com\/es\/producto\/ajuar-de-nacimiento-personalizado-de-lujo-set-6-piezas-con-manta-y-chupete-elegante-2\/#primaryimage\"},\"thumbnailUrl\":\"https:\/\/midulceesperastore.com\/es\/wp-content\/uploads\/2025\/11\/Screenshot-2025-11-05T101827.176.png\",\"datePublished\":\"2025-11-05T14:21:59+00:00\",\"dateModified\":\"2026-03-30T21:37:30+00:00\",\"breadcrumb\":{\"@id\":\"https:\/\/midulceesperastore.com\/es\/producto\/ajuar-de-nacimiento-personalizado-de-lujo-set-6-piezas-con-manta-y-chupete-elegante-2\/#breadcrumb\"},\"inLanguage\":\"es\",\"potentialAction\":[{\"@type\":\"ReadAction\",\"target\":[\"https:\/\/midulceesperastore.com\/es\/producto\/ajuar-de-nacimiento-personalizado-de-lujo-set-6-piezas-con-manta-y-chupete-elegante-2\/\"]}]},{\"@type\":\"ImageObject\",\"inLanguage\":\"es\",\"@id\":\"https:\/\/midulceesperastore.com\/es\/producto\/ajuar-de-nacimiento-personalizado-de-lujo-set-6-piezas-con-manta-y-chupete-elegante-2\/#primaryimage\",\"url\":\"https:\/\/midulceesperastore.com\/es\/wp-content\/uploads\/2025\/11\/Screenshot-2025-11-05T101827.176.png\",\"contentUrl\":\"https:\/\/midulceesperastore.com\/es\/wp-content\/uploads\/2025\/11\/Screenshot-2025-11-05T101827.176.png\",\"width\":645,\"height\":644},{\"@type\":\"BreadcrumbList\",\"@id\":\"https:\/\/midulceesperastore.com\/es\/producto\/ajuar-de-nacimiento-personalizado-de-lujo-set-6-piezas-con-manta-y-chupete-elegante-2\/#breadcrumb\",\"itemListElement\":[{\"@type\":\"ListItem\",\"position\":1,\"name\":\"Portada\",\"item\":\"https:\/\/midulceesperastore.com\/es\/\"},{\"@type\":\"ListItem\",\"position\":2,\"name\":\"Productos\",\"item\":\"https:\/\/midulceesperastore.com\/es\/kit-por-defecto\/\"},{\"@type\":\"ListItem\",\"position\":3,\"name\":\"Set de Bienvenida para Beb\u00e9s Reci\u00e9n Nacidos-Luz\"}]},{\"@type\":\"WebSite\",\"@id\":\"https:\/\/midulceesperastore.com\/es\/#website\",\"url\":\"https:\/\/midulceesperastore.com\/es\/\",\"name\":\"Midulceesperastore\",\"description\":\"Set de Bienvenida para Beb\u00e9s\",\"publisher\":{\"@id\":\"https:\/\/midulceesperastore.com\/es\/#organization\"},\"potentialAction\":[{\"@type\":\"SearchAction\",\"target\":{\"@type\":\"EntryPoint\",\"urlTemplate\":\"https:\/\/midulceesperastore.com\/es\/?s={search_term_string}\"},\"query-input\":{\"@type\":\"PropertyValueSpecification\",\"valueRequired\":true,\"valueName\":\"search_term_string\"}}],\"inLanguage\":\"es\"},{\"@type\":\"Organization\",\"@id\":\"https:\/\/midulceesperastore.com\/es\/#organization\",\"name\":\"Midulceesperastore\",\"url\":\"https:\/\/midulceesperastore.com\/es\/\",\"logo\":{\"@type\":\"ImageObject\",\"inLanguage\":\"es\",\"@id\":\"https:\/\/midulceesperastore.com\/es\/#\/schema\/logo\/image\/\",\"url\":\"https:\/\/midulceesperastore.com\/es\/wp-content\/uploads\/2025\/12\/cropped-Set-de-Bienvenida-para-Bebes-1.png\",\"contentUrl\":\"https:\/\/midulceesperastore.com\/es\/wp-content\/uploads\/2025\/12\/cropped-Set-de-Bienvenida-para-Bebes-1.png\",\"width\":512,\"height\":512,\"caption\":\"Midulceesperastore\"},\"image\":{\"@id\":\"https:\/\/midulceesperastore.com\/es\/#\/schema\/logo\/image\/\"},\"sameAs\":[\"https:\/\/www.facebook.com\/people\/Mi-Dulce-Espera-L-L-C\/\"]}]}<\/script>\n<!-- \/ Yoast SEO plugin. -->","yoast_head_json":{"title":"Set de Bienvenida para Beb\u00e9s Reci\u00e9n Nacidos-Luz - Midulceesperastore","robots":{"index":"index","follow":"follow","max-snippet":"max-snippet:-1","max-image-preview":"max-image-preview:large","max-video-preview":"max-video-preview:-1"},"canonical":"https:\/\/midulceesperastore.com\/es\/producto\/ajuar-de-nacimiento-personalizado-de-lujo-set-6-piezas-con-manta-y-chupete-elegante-2\/","og_locale":"es_ES","og_type":"article","og_title":"Set de Bienvenida para Beb\u00e9s Reci\u00e9n Nacidos-Luz - Midulceesperastore","og_description":"Set de lujo para reci\u00e9n nacido (0\u20133M) elaborado en 100% algod\u00f3n hipoalerg\u00e9nico. Incluye manta personalizada, chupete elegante y conjunto de 6 piezas. \u00a1Personalizaci\u00f3n y env\u00edo gratis! Descubre la dulzura y elegancia de nuestro Ajuar de nacimiento personalizado de lujo, dise\u00f1ado para acompa\u00f1ar los primeros d\u00edas de tu beb\u00e9 con suavidad, confort y estilo. Ideal para regalo o para recibir a tu peque\u00f1o con un toque especial. Tama\u00f1o: 0\u20133 meses (para beb\u00e9s de 6 a 9.5 libras). Contenido del set:     Conjunto largo de 6 piezas: gorro, abrigo, mameluco, guantes y zapatitos elaborados en 100% algod\u00f3n hipoalerg\u00e9nico, suaves y delicados con la piel del beb\u00e9.    Chupete elegante personalizado con clip de cadena: hecho en silicona de grado alimenticio, libre de BPA y PVC. Decorado con diamantes de imitaci\u00f3n efecto bling y protector en el mam\u00f3n.Recomendaci\u00f3n: No hervir, no sumergir en agua ni usar en microondas.    Manta personalizada con nombre: lado frontal de tejido polar con burbujas en relieve y reverso en microfibra sherpa ultra suave. Tama\u00f1o: 70 \u00d7 90 cm, perfecta para una piel delicada.   Incluye: personalizaci\u00f3n gratuita y env\u00edo gratis. Precio: $145.00 Un detalle \u00fanico y elegante para celebrar la dulce espera o regalar a quienes viven la hermosa experiencia de ser padres.","og_url":"https:\/\/midulceesperastore.com\/es\/producto\/ajuar-de-nacimiento-personalizado-de-lujo-set-6-piezas-con-manta-y-chupete-elegante-2\/","og_site_name":"Midulceesperastore","article_publisher":"https:\/\/www.facebook.com\/people\/Mi-Dulce-Espera-L-L-C\/","article_modified_time":"2026-03-30T21:37:30+00:00","og_image":[{"width":645,"height":644,"url":"https:\/\/midulceesperastore.com\/es\/wp-content\/uploads\/2025\/11\/Screenshot-2025-11-05T101827.176.png","type":"image\/png"}],"twitter_card":"summary_large_image","twitter_misc":{"Tiempo de lectura":"1 minuto"},"schema":{"@context":"https:\/\/schema.org","@graph":[{"@type":"WebPage","@id":"https:\/\/midulceesperastore.com\/es\/producto\/ajuar-de-nacimiento-personalizado-de-lujo-set-6-piezas-con-manta-y-chupete-elegante-2\/","url":"https:\/\/midulceesperastore.com\/es\/producto\/ajuar-de-nacimiento-personalizado-de-lujo-set-6-piezas-con-manta-y-chupete-elegante-2\/","name":"Set de Bienvenida para Beb\u00e9s Reci\u00e9n Nacidos-Luz - Midulceesperastore","isPartOf":{"@id":"https:\/\/midulceesperastore.com\/es\/#website"},"primaryImageOfPage":{"@id":"https:\/\/midulceesperastore.com\/es\/producto\/ajuar-de-nacimiento-personalizado-de-lujo-set-6-piezas-con-manta-y-chupete-elegante-2\/#primaryimage"},"image":{"@id":"https:\/\/midulceesperastore.com\/es\/producto\/ajuar-de-nacimiento-personalizado-de-lujo-set-6-piezas-con-manta-y-chupete-elegante-2\/#primaryimage"},"thumbnailUrl":"https:\/\/midulceesperastore.com\/es\/wp-content\/uploads\/2025\/11\/Screenshot-2025-11-05T101827.176.png","datePublished":"2025-11-05T14:21:59+00:00","dateModified":"2026-03-30T21:37:30+00:00","breadcrumb":{"@id":"https:\/\/midulceesperastore.com\/es\/producto\/ajuar-de-nacimiento-personalizado-de-lujo-set-6-piezas-con-manta-y-chupete-elegante-2\/#breadcrumb"},"inLanguage":"es","potentialAction":[{"@type":"ReadAction","target":["https:\/\/midulceesperastore.com\/es\/producto\/ajuar-de-nacimiento-personalizado-de-lujo-set-6-piezas-con-manta-y-chupete-elegante-2\/"]}]},{"@type":"ImageObject","inLanguage":"es","@id":"https:\/\/midulceesperastore.com\/es\/producto\/ajuar-de-nacimiento-personalizado-de-lujo-set-6-piezas-con-manta-y-chupete-elegante-2\/#primaryimage","url":"https:\/\/midulceesperastore.com\/es\/wp-content\/uploads\/2025\/11\/Screenshot-2025-11-05T101827.176.png","contentUrl":"https:\/\/midulceesperastore.com\/es\/wp-content\/uploads\/2025\/11\/Screenshot-2025-11-05T101827.176.png","width":645,"height":644},{"@type":"BreadcrumbList","@id":"https:\/\/midulceesperastore.com\/es\/producto\/ajuar-de-nacimiento-personalizado-de-lujo-set-6-piezas-con-manta-y-chupete-elegante-2\/#breadcrumb","itemListElement":[{"@type":"ListItem","position":1,"name":"Portada","item":"https:\/\/midulceesperastore.com\/es\/"},{"@type":"ListItem","position":2,"name":"Productos","item":"https:\/\/midulceesperastore.com\/es\/kit-por-defecto\/"},{"@type":"ListItem","position":3,"name":"Set de Bienvenida para Beb\u00e9s Reci\u00e9n Nacidos-Luz"}]},{"@type":"WebSite","@id":"https:\/\/midulceesperastore.com\/es\/#website","url":"https:\/\/midulceesperastore.com\/es\/","name":"Midulceesperastore","description":"Set de Bienvenida para Beb\u00e9s","publisher":{"@id":"https:\/\/midulceesperastore.com\/es\/#organization"},"potentialAction":[{"@type":"SearchAction","target":{"@type":"EntryPoint","urlTemplate":"https:\/\/midulceesperastore.com\/es\/?s={search_term_string}"},"query-input":{"@type":"PropertyValueSpecification","valueRequired":true,"valueName":"search_term_string"}}],"inLanguage":"es"},{"@type":"Organization","@id":"https:\/\/midulceesperastore.com\/es\/#organization","name":"Midulceesperastore","url":"https:\/\/midulceesperastore.com\/es\/","logo":{"@type":"ImageObject","inLanguage":"es","@id":"https:\/\/midulceesperastore.com\/es\/#\/schema\/logo\/image\/","url":"https:\/\/midulceesperastore.com\/es\/wp-content\/uploads\/2025\/12\/cropped-Set-de-Bienvenida-para-Bebes-1.png","contentUrl":"https:\/\/midulceesperastore.com\/es\/wp-content\/uploads\/2025\/12\/cropped-Set-de-Bienvenida-para-Bebes-1.png","width":512,"height":512,"caption":"Midulceesperastore"},"image":{"@id":"https:\/\/midulceesperastore.com\/es\/#\/schema\/logo\/image\/"},"sameAs":["https:\/\/www.facebook.com\/people\/Mi-Dulce-Espera-L-L-C\/"]}]}},"_links":{"self":[{"href":"https:\/\/midulceesperastore.com\/es\/wp-json\/wp\/v2\/product\/695","targetHints":{"allow":["GET"]}}],"collection":[{"href":"https:\/\/midulceesperastore.com\/es\/wp-json\/wp\/v2\/product"}],"about":[{"href":"https:\/\/midulceesperastore.com\/es\/wp-json\/wp\/v2\/types\/product"}],"replies":[{"embeddable":true,"href":"https:\/\/midulceesperastore.com\/es\/wp-json\/wp\/v2\/comments?post=695"}],"wp:featuredmedia":[{"embeddable":true,"href":"https:\/\/midulceesperastore.com\/es\/wp-json\/wp\/v2\/media\/696"}],"wp:attachment":[{"href":"https:\/\/midulceesperastore.com\/es\/wp-json\/wp\/v2\/media?parent=695"}],"wp:term":[{"taxonomy":"product_brand","embeddable":true,"href":"https:\/\/midulceesperastore.com\/es\/wp-json\/wp\/v2\/product_brand?post=695"},{"taxonomy":"product_cat","embeddable":true,"href":"https:\/\/midulceesperastore.com\/es\/wp-json\/wp\/v2\/product_cat?post=695"},{"taxonomy":"product_tag","embeddable":true,"href":"https:\/\/midulceesperastore.com\/es\/wp-json\/wp\/v2\/product_tag?post=695"}],"curies":[{"name":"wp","href":"https:\/\/api.w.org\/{rel}","templated":true}]}}