{"id":549,"date":"2025-11-04T23:23:07","date_gmt":"2025-11-04T23:23:07","guid":{"rendered":"https:\/\/midulceesperausa.inabaweb.com\/?post_type=product&#038;p=549"},"modified":"2026-01-20T20:35:24","modified_gmt":"2026-01-20T20:35:24","slug":"set-de-bienveida-para-bebes-recien-nacidos-daysi","status":"publish","type":"product","link":"https:\/\/midulceesperastore.com\/es\/producto\/set-de-bienveida-para-bebes-recien-nacidos-daysi\/","title":{"rendered":"Set de Bienvenida para Beb\u00e9s Reci\u00e9n Nacidos-Daysi"},"content":{"rendered":"","protected":false},"excerpt":{"rendered":"<p>Ajuar de nacimiento personalizado de lujo. Incluye conjunto largo 100% algod\u00f3n, manta con nombre y chupete elegante con clip de cadena. Ideal para beb\u00e9s de 0\u20133 meses (6\u20139.5 lb). Env\u00edo y personalizaci\u00f3n gratis.<\/p>\n<p data-start=\"581\" data-end=\"872\">Descubre la ternura y elegancia de nuestro <strong data-start=\"624\" data-end=\"669\">Ajuar de Nacimiento Personalizado de Lujo<\/strong>, el regalo perfecto para dar la bienvenida a tu beb\u00e9 con estilo y suavidad. Cada set est\u00e1 confeccionado con materiales de la m\u00e1s alta calidad, pensando en la comodidad y seguridad de los m\u00e1s peque\u00f1os.<\/p>\n<p data-start=\"874\" data-end=\"931\"><strong data-start=\"877\" data-end=\"887\">Talla:<\/strong> 0\u20133 meses (para beb\u00e9s de 6 a 9.5 libras).<\/p>\n<p data-start=\"933\" data-end=\"950\"><strong data-start=\"936\" data-end=\"948\">Incluye:<\/strong><\/p>\n<ol data-start=\"951\" data-end=\"1674\">\n<li data-start=\"951\" data-end=\"1149\">\n<p data-start=\"954\" data-end=\"985\"><strong data-start=\"954\" data-end=\"983\">Conjunto largo (6 piezas)<\/strong><\/p>\n<ul data-start=\"989\" data-end=\"1149\">\n<li data-start=\"989\" data-end=\"1021\">\n<p data-start=\"991\" data-end=\"1021\">100% algod\u00f3n hipoalerg\u00e9nico.<\/p>\n<\/li>\n<li data-start=\"1025\" data-end=\"1082\">\n<p data-start=\"1027\" data-end=\"1082\">Incluye mameluco, abrigo, gorro, guantes y zapatitos.<\/p>\n<\/li>\n<li data-start=\"1086\" data-end=\"1149\">\n<p data-start=\"1088\" data-end=\"1149\">Tejido suave, transpirable y delicado con la piel del beb\u00e9.<\/p>\n<\/li>\n<\/ul>\n<\/li>\n<li data-start=\"1151\" data-end=\"1474\">\n<p data-start=\"1154\" data-end=\"1210\"><strong data-start=\"1154\" data-end=\"1208\">Chupete elegante personalizado con clip de cadena.<\/strong><\/p>\n<ul data-start=\"1214\" data-end=\"1474\">\n<li data-start=\"1214\" data-end=\"1282\">\n<p data-start=\"1216\" data-end=\"1282\">Hecho con <strong data-start=\"1226\" data-end=\"1259\">silicona de grado alimentario<\/strong>, libre de BPA y PVC.<\/p>\n<\/li>\n<li data-start=\"1286\" data-end=\"1347\">\n<p data-start=\"1288\" data-end=\"1347\">Adornado con <strong data-start=\"1301\" data-end=\"1344\">diamantes de imitaci\u00f3n con efecto bling<\/strong>.<\/p>\n<\/li>\n<li data-start=\"1351\" data-end=\"1387\">\n<p data-start=\"1353\" data-end=\"1387\">Incluye protector para el mam\u00f3n.<\/p>\n<\/li>\n<li data-start=\"1391\" data-end=\"1474\">\n<p data-start=\"1393\" data-end=\"1474\"><strong data-start=\"1396\" data-end=\"1416\">Recomendaciones:<\/strong> No hervir ni sumergir en agua. No apto para microondas.<\/p>\n<\/li>\n<\/ul>\n<\/li>\n<li data-start=\"1476\" data-end=\"1674\">\n<p data-start=\"1479\" data-end=\"1516\"><strong data-start=\"1479\" data-end=\"1514\">Manta personalizada con nombre.<\/strong><\/p>\n<ul data-start=\"1520\" data-end=\"1674\">\n<li data-start=\"1520\" data-end=\"1581\">\n<p data-start=\"1522\" data-end=\"1581\">Lado frontal: tejido polar suave con burbujas en relieve.<\/p>\n<\/li>\n<li data-start=\"1585\" data-end=\"1643\">\n<p data-start=\"1587\" data-end=\"1643\">Lado posterior: microfibra sherpa, c\u00e1lida y esponjosa.<\/p>\n<\/li>\n<li data-start=\"1647\" data-end=\"1674\">\n<p data-start=\"1649\" data-end=\"1674\">Tama\u00f1o: <strong data-start=\"1657\" data-end=\"1671\">70 \u00d7 90 cm<\/strong>.<\/p>\n<\/li>\n<\/ul>\n<\/li>\n<\/ol>\n<p data-start=\"1676\" data-end=\"1753\"><strong data-start=\"1679\" data-end=\"1724\">Incluye env\u00edo y personalizaci\u00f3n gratuita.<\/strong><br data-start=\"1724\" data-end=\"1727\" \/><strong data-start=\"1730\" data-end=\"1741\">Precio:<\/strong> US$145.00<\/p>\n<p data-start=\"1755\" data-end=\"1923\">Este ajuar es ideal para <strong data-start=\"1780\" data-end=\"1839\">baby showers, regalos de bienvenida o sesiones de fotos<\/strong>, ofreciendo una combinaci\u00f3n perfecta de <strong data-start=\"1880\" data-end=\"1921\">lujo, ternura y amor en cada detalle.<\/strong><\/p>\n","protected":false},"featured_media":550,"comment_status":"open","ping_status":"closed","template":"","meta":{"_joinchat":[]},"product_brand":[],"product_cat":[15,30,28,51,33,36,49,37,35],"product_tag":[],"class_list":{"0":"post-549","1":"product","2":"type-product","3":"status-publish","4":"has-post-thumbnail","6":"product_cat-categoria-general","7":"product_cat-ajuar-de-nacimiento","8":"product_cat-conjunto","9":"product_cat-conjuntos-personalizados-para-bebes","10":"product_cat-ninas","11":"product_cat-personalizado","12":"product_cat-primera-puesta-personalizada-para-bebes-bordado-incluido","13":"product_cat-set-de-bienvenida-para-bebes-recien-nacidos","14":"product_cat-set-tejido","15":"wcpa_has_options","17":"first","18":"outofstock","19":"shipping-taxable","20":"purchasable","21":"product-type-simple"},"yoast_head":"<!-- This site is optimized with the Yoast SEO plugin v26.8 - https:\/\/yoast.com\/product\/yoast-seo-wordpress\/ -->\n<title>Set de Bienvenida para Beb\u00e9s Reci\u00e9n Nacidos-Daysi - Midulceesperastore<\/title>\n<meta name=\"robots\" content=\"index, follow, max-snippet:-1, max-image-preview:large, max-video-preview:-1\" \/>\n<link rel=\"canonical\" href=\"https:\/\/midulceesperastore.com\/es\/producto\/set-de-bienveida-para-bebes-recien-nacidos-daysi\/\" \/>\n<meta property=\"og:locale\" content=\"es_ES\" \/>\n<meta property=\"og:type\" content=\"article\" \/>\n<meta property=\"og:title\" content=\"Set de Bienvenida para Beb\u00e9s Reci\u00e9n Nacidos-Daysi - Midulceesperastore\" \/>\n<meta property=\"og:description\" content=\"Ajuar de nacimiento personalizado de lujo. Incluye conjunto largo 100% algod\u00f3n, manta con nombre y chupete elegante con clip de cadena. Ideal para beb\u00e9s de 0\u20133 meses (6\u20139.5 lb). Env\u00edo y personalizaci\u00f3n gratis. Descubre la ternura y elegancia de nuestro Ajuar de Nacimiento Personalizado de Lujo, el regalo perfecto para dar la bienvenida a tu beb\u00e9 con estilo y suavidad. Cada set est\u00e1 confeccionado con materiales de la m\u00e1s alta calidad, pensando en la comodidad y seguridad de los m\u00e1s peque\u00f1os. Talla: 0\u20133 meses (para beb\u00e9s de 6 a 9.5 libras). Incluye:     Conjunto largo (6 piezas)     100% algod\u00f3n hipoalerg\u00e9nico.    Incluye mameluco, abrigo, gorro, guantes y zapatitos.    Tejido suave, transpirable y delicado con la piel del beb\u00e9.      Chupete elegante personalizado con clip de cadena.     Hecho con silicona de grado alimentario, libre de BPA y PVC.    Adornado con diamantes de imitaci\u00f3n con efecto bling.    Incluye protector para el mam\u00f3n.    Recomendaciones: No hervir ni sumergir en agua. No apto para microondas.      Manta personalizada con nombre.     Lado frontal: tejido polar suave con burbujas en relieve.    Lado posterior: microfibra sherpa, c\u00e1lida y esponjosa.    Tama\u00f1o: 70 \u00d7 90 cm.     Incluye env\u00edo y personalizaci\u00f3n gratuita.Precio: US$145.00 Este ajuar es ideal para baby showers, regalos de bienvenida o sesiones de fotos, ofreciendo una combinaci\u00f3n perfecta de lujo, ternura y amor en cada detalle.\" \/>\n<meta property=\"og:url\" content=\"https:\/\/midulceesperastore.com\/es\/producto\/set-de-bienveida-para-bebes-recien-nacidos-daysi\/\" \/>\n<meta property=\"og:site_name\" content=\"Midulceesperastore\" \/>\n<meta property=\"article:publisher\" content=\"https:\/\/www.facebook.com\/people\/Mi-Dulce-Espera-L-L-C\/\" \/>\n<meta property=\"article:modified_time\" content=\"2026-01-20T20:35:24+00:00\" \/>\n<meta property=\"og:image\" content=\"https:\/\/midulceesperastore.com\/es\/wp-content\/uploads\/2025\/11\/Screenshot-2025-11-04T192032.110.png\" \/>\n\t<meta property=\"og:image:width\" content=\"647\" \/>\n\t<meta property=\"og:image:height\" content=\"643\" \/>\n\t<meta property=\"og:image:type\" content=\"image\/png\" \/>\n<meta name=\"twitter:card\" content=\"summary_large_image\" \/>\n<meta name=\"twitter:label1\" content=\"Tiempo de lectura\" \/>\n\t<meta name=\"twitter:data1\" content=\"1 minuto\" \/>\n<script type=\"application\/ld+json\" class=\"yoast-schema-graph\">{\"@context\":\"https:\/\/schema.org\",\"@graph\":[{\"@type\":\"WebPage\",\"@id\":\"https:\/\/midulceesperastore.com\/es\/producto\/set-de-bienveida-para-bebes-recien-nacidos-daysi\/\",\"url\":\"https:\/\/midulceesperastore.com\/es\/producto\/set-de-bienveida-para-bebes-recien-nacidos-daysi\/\",\"name\":\"Set de Bienvenida para Beb\u00e9s Reci\u00e9n Nacidos-Daysi - Midulceesperastore\",\"isPartOf\":{\"@id\":\"https:\/\/midulceesperastore.com\/es\/#website\"},\"primaryImageOfPage\":{\"@id\":\"https:\/\/midulceesperastore.com\/es\/producto\/set-de-bienveida-para-bebes-recien-nacidos-daysi\/#primaryimage\"},\"image\":{\"@id\":\"https:\/\/midulceesperastore.com\/es\/producto\/set-de-bienveida-para-bebes-recien-nacidos-daysi\/#primaryimage\"},\"thumbnailUrl\":\"https:\/\/midulceesperastore.com\/es\/wp-content\/uploads\/2025\/11\/Screenshot-2025-11-04T192032.110.png\",\"datePublished\":\"2025-11-04T23:23:07+00:00\",\"dateModified\":\"2026-01-20T20:35:24+00:00\",\"breadcrumb\":{\"@id\":\"https:\/\/midulceesperastore.com\/es\/producto\/set-de-bienveida-para-bebes-recien-nacidos-daysi\/#breadcrumb\"},\"inLanguage\":\"es\",\"potentialAction\":[{\"@type\":\"ReadAction\",\"target\":[\"https:\/\/midulceesperastore.com\/es\/producto\/set-de-bienveida-para-bebes-recien-nacidos-daysi\/\"]}]},{\"@type\":\"ImageObject\",\"inLanguage\":\"es\",\"@id\":\"https:\/\/midulceesperastore.com\/es\/producto\/set-de-bienveida-para-bebes-recien-nacidos-daysi\/#primaryimage\",\"url\":\"https:\/\/midulceesperastore.com\/es\/wp-content\/uploads\/2025\/11\/Screenshot-2025-11-04T192032.110.png\",\"contentUrl\":\"https:\/\/midulceesperastore.com\/es\/wp-content\/uploads\/2025\/11\/Screenshot-2025-11-04T192032.110.png\",\"width\":647,\"height\":643},{\"@type\":\"BreadcrumbList\",\"@id\":\"https:\/\/midulceesperastore.com\/es\/producto\/set-de-bienveida-para-bebes-recien-nacidos-daysi\/#breadcrumb\",\"itemListElement\":[{\"@type\":\"ListItem\",\"position\":1,\"name\":\"Portada\",\"item\":\"https:\/\/midulceesperastore.com\/es\/\"},{\"@type\":\"ListItem\",\"position\":2,\"name\":\"Productos\",\"item\":\"https:\/\/midulceesperastore.com\/es\/kit-por-defecto\/\"},{\"@type\":\"ListItem\",\"position\":3,\"name\":\"Set de Bienvenida para Beb\u00e9s Reci\u00e9n Nacidos-Daysi\"}]},{\"@type\":\"WebSite\",\"@id\":\"https:\/\/midulceesperastore.com\/es\/#website\",\"url\":\"https:\/\/midulceesperastore.com\/es\/\",\"name\":\"Midulceesperastore\",\"description\":\"Set de Bienvenida para Beb\u00e9s\",\"publisher\":{\"@id\":\"https:\/\/midulceesperastore.com\/es\/#organization\"},\"potentialAction\":[{\"@type\":\"SearchAction\",\"target\":{\"@type\":\"EntryPoint\",\"urlTemplate\":\"https:\/\/midulceesperastore.com\/es\/?s={search_term_string}\"},\"query-input\":{\"@type\":\"PropertyValueSpecification\",\"valueRequired\":true,\"valueName\":\"search_term_string\"}}],\"inLanguage\":\"es\"},{\"@type\":\"Organization\",\"@id\":\"https:\/\/midulceesperastore.com\/es\/#organization\",\"name\":\"Midulceesperastore\",\"url\":\"https:\/\/midulceesperastore.com\/es\/\",\"logo\":{\"@type\":\"ImageObject\",\"inLanguage\":\"es\",\"@id\":\"https:\/\/midulceesperastore.com\/es\/#\/schema\/logo\/image\/\",\"url\":\"https:\/\/midulceesperastore.com\/es\/wp-content\/uploads\/2025\/12\/cropped-Set-de-Bienvenida-para-Bebes-1.png\",\"contentUrl\":\"https:\/\/midulceesperastore.com\/es\/wp-content\/uploads\/2025\/12\/cropped-Set-de-Bienvenida-para-Bebes-1.png\",\"width\":512,\"height\":512,\"caption\":\"Midulceesperastore\"},\"image\":{\"@id\":\"https:\/\/midulceesperastore.com\/es\/#\/schema\/logo\/image\/\"},\"sameAs\":[\"https:\/\/www.facebook.com\/people\/Mi-Dulce-Espera-L-L-C\/\"]}]}<\/script>\n<!-- \/ Yoast SEO plugin. -->","yoast_head_json":{"title":"Set de Bienvenida para Beb\u00e9s Reci\u00e9n Nacidos-Daysi - Midulceesperastore","robots":{"index":"index","follow":"follow","max-snippet":"max-snippet:-1","max-image-preview":"max-image-preview:large","max-video-preview":"max-video-preview:-1"},"canonical":"https:\/\/midulceesperastore.com\/es\/producto\/set-de-bienveida-para-bebes-recien-nacidos-daysi\/","og_locale":"es_ES","og_type":"article","og_title":"Set de Bienvenida para Beb\u00e9s Reci\u00e9n Nacidos-Daysi - Midulceesperastore","og_description":"Ajuar de nacimiento personalizado de lujo. Incluye conjunto largo 100% algod\u00f3n, manta con nombre y chupete elegante con clip de cadena. Ideal para beb\u00e9s de 0\u20133 meses (6\u20139.5 lb). Env\u00edo y personalizaci\u00f3n gratis. Descubre la ternura y elegancia de nuestro Ajuar de Nacimiento Personalizado de Lujo, el regalo perfecto para dar la bienvenida a tu beb\u00e9 con estilo y suavidad. Cada set est\u00e1 confeccionado con materiales de la m\u00e1s alta calidad, pensando en la comodidad y seguridad de los m\u00e1s peque\u00f1os. Talla: 0\u20133 meses (para beb\u00e9s de 6 a 9.5 libras). Incluye:     Conjunto largo (6 piezas)     100% algod\u00f3n hipoalerg\u00e9nico.    Incluye mameluco, abrigo, gorro, guantes y zapatitos.    Tejido suave, transpirable y delicado con la piel del beb\u00e9.      Chupete elegante personalizado con clip de cadena.     Hecho con silicona de grado alimentario, libre de BPA y PVC.    Adornado con diamantes de imitaci\u00f3n con efecto bling.    Incluye protector para el mam\u00f3n.    Recomendaciones: No hervir ni sumergir en agua. No apto para microondas.      Manta personalizada con nombre.     Lado frontal: tejido polar suave con burbujas en relieve.    Lado posterior: microfibra sherpa, c\u00e1lida y esponjosa.    Tama\u00f1o: 70 \u00d7 90 cm.     Incluye env\u00edo y personalizaci\u00f3n gratuita.Precio: US$145.00 Este ajuar es ideal para baby showers, regalos de bienvenida o sesiones de fotos, ofreciendo una combinaci\u00f3n perfecta de lujo, ternura y amor en cada detalle.","og_url":"https:\/\/midulceesperastore.com\/es\/producto\/set-de-bienveida-para-bebes-recien-nacidos-daysi\/","og_site_name":"Midulceesperastore","article_publisher":"https:\/\/www.facebook.com\/people\/Mi-Dulce-Espera-L-L-C\/","article_modified_time":"2026-01-20T20:35:24+00:00","og_image":[{"width":647,"height":643,"url":"https:\/\/midulceesperastore.com\/es\/wp-content\/uploads\/2025\/11\/Screenshot-2025-11-04T192032.110.png","type":"image\/png"}],"twitter_card":"summary_large_image","twitter_misc":{"Tiempo de lectura":"1 minuto"},"schema":{"@context":"https:\/\/schema.org","@graph":[{"@type":"WebPage","@id":"https:\/\/midulceesperastore.com\/es\/producto\/set-de-bienveida-para-bebes-recien-nacidos-daysi\/","url":"https:\/\/midulceesperastore.com\/es\/producto\/set-de-bienveida-para-bebes-recien-nacidos-daysi\/","name":"Set de Bienvenida para Beb\u00e9s Reci\u00e9n Nacidos-Daysi - Midulceesperastore","isPartOf":{"@id":"https:\/\/midulceesperastore.com\/es\/#website"},"primaryImageOfPage":{"@id":"https:\/\/midulceesperastore.com\/es\/producto\/set-de-bienveida-para-bebes-recien-nacidos-daysi\/#primaryimage"},"image":{"@id":"https:\/\/midulceesperastore.com\/es\/producto\/set-de-bienveida-para-bebes-recien-nacidos-daysi\/#primaryimage"},"thumbnailUrl":"https:\/\/midulceesperastore.com\/es\/wp-content\/uploads\/2025\/11\/Screenshot-2025-11-04T192032.110.png","datePublished":"2025-11-04T23:23:07+00:00","dateModified":"2026-01-20T20:35:24+00:00","breadcrumb":{"@id":"https:\/\/midulceesperastore.com\/es\/producto\/set-de-bienveida-para-bebes-recien-nacidos-daysi\/#breadcrumb"},"inLanguage":"es","potentialAction":[{"@type":"ReadAction","target":["https:\/\/midulceesperastore.com\/es\/producto\/set-de-bienveida-para-bebes-recien-nacidos-daysi\/"]}]},{"@type":"ImageObject","inLanguage":"es","@id":"https:\/\/midulceesperastore.com\/es\/producto\/set-de-bienveida-para-bebes-recien-nacidos-daysi\/#primaryimage","url":"https:\/\/midulceesperastore.com\/es\/wp-content\/uploads\/2025\/11\/Screenshot-2025-11-04T192032.110.png","contentUrl":"https:\/\/midulceesperastore.com\/es\/wp-content\/uploads\/2025\/11\/Screenshot-2025-11-04T192032.110.png","width":647,"height":643},{"@type":"BreadcrumbList","@id":"https:\/\/midulceesperastore.com\/es\/producto\/set-de-bienveida-para-bebes-recien-nacidos-daysi\/#breadcrumb","itemListElement":[{"@type":"ListItem","position":1,"name":"Portada","item":"https:\/\/midulceesperastore.com\/es\/"},{"@type":"ListItem","position":2,"name":"Productos","item":"https:\/\/midulceesperastore.com\/es\/kit-por-defecto\/"},{"@type":"ListItem","position":3,"name":"Set de Bienvenida para Beb\u00e9s Reci\u00e9n Nacidos-Daysi"}]},{"@type":"WebSite","@id":"https:\/\/midulceesperastore.com\/es\/#website","url":"https:\/\/midulceesperastore.com\/es\/","name":"Midulceesperastore","description":"Set de Bienvenida para Beb\u00e9s","publisher":{"@id":"https:\/\/midulceesperastore.com\/es\/#organization"},"potentialAction":[{"@type":"SearchAction","target":{"@type":"EntryPoint","urlTemplate":"https:\/\/midulceesperastore.com\/es\/?s={search_term_string}"},"query-input":{"@type":"PropertyValueSpecification","valueRequired":true,"valueName":"search_term_string"}}],"inLanguage":"es"},{"@type":"Organization","@id":"https:\/\/midulceesperastore.com\/es\/#organization","name":"Midulceesperastore","url":"https:\/\/midulceesperastore.com\/es\/","logo":{"@type":"ImageObject","inLanguage":"es","@id":"https:\/\/midulceesperastore.com\/es\/#\/schema\/logo\/image\/","url":"https:\/\/midulceesperastore.com\/es\/wp-content\/uploads\/2025\/12\/cropped-Set-de-Bienvenida-para-Bebes-1.png","contentUrl":"https:\/\/midulceesperastore.com\/es\/wp-content\/uploads\/2025\/12\/cropped-Set-de-Bienvenida-para-Bebes-1.png","width":512,"height":512,"caption":"Midulceesperastore"},"image":{"@id":"https:\/\/midulceesperastore.com\/es\/#\/schema\/logo\/image\/"},"sameAs":["https:\/\/www.facebook.com\/people\/Mi-Dulce-Espera-L-L-C\/"]}]}},"_links":{"self":[{"href":"https:\/\/midulceesperastore.com\/es\/wp-json\/wp\/v2\/product\/549","targetHints":{"allow":["GET"]}}],"collection":[{"href":"https:\/\/midulceesperastore.com\/es\/wp-json\/wp\/v2\/product"}],"about":[{"href":"https:\/\/midulceesperastore.com\/es\/wp-json\/wp\/v2\/types\/product"}],"replies":[{"embeddable":true,"href":"https:\/\/midulceesperastore.com\/es\/wp-json\/wp\/v2\/comments?post=549"}],"wp:featuredmedia":[{"embeddable":true,"href":"https:\/\/midulceesperastore.com\/es\/wp-json\/wp\/v2\/media\/550"}],"wp:attachment":[{"href":"https:\/\/midulceesperastore.com\/es\/wp-json\/wp\/v2\/media?parent=549"}],"wp:term":[{"taxonomy":"product_brand","embeddable":true,"href":"https:\/\/midulceesperastore.com\/es\/wp-json\/wp\/v2\/product_brand?post=549"},{"taxonomy":"product_cat","embeddable":true,"href":"https:\/\/midulceesperastore.com\/es\/wp-json\/wp\/v2\/product_cat?post=549"},{"taxonomy":"product_tag","embeddable":true,"href":"https:\/\/midulceesperastore.com\/es\/wp-json\/wp\/v2\/product_tag?post=549"}],"curies":[{"name":"wp","href":"https:\/\/api.w.org\/{rel}","templated":true}]}}