{"id":547,"date":"2025-11-04T23:20:07","date_gmt":"2025-11-04T23:20:07","guid":{"rendered":"https:\/\/midulceesperausa.inabaweb.com\/?post_type=product&#038;p=547"},"modified":"2025-12-14T15:25:39","modified_gmt":"2025-12-14T15:25:39","slug":"set-de-bienvenida-para-bebes-recien-nacidos-bloom","status":"publish","type":"product","link":"https:\/\/midulceesperastore.com\/es\/producto\/set-de-bienvenida-para-bebes-recien-nacidos-bloom\/","title":{"rendered":"Set de Bienvenida para Beb\u00e9s Reci\u00e9n Nacidos- Bloom"},"content":{"rendered":"","protected":false},"excerpt":{"rendered":"<p>Celebra la llegada de tu beb\u00e9 con un <strong data-start=\"316\" data-end=\"361\">ajuar de nacimiento personalizado de lujo<\/strong>, ideal para beb\u00e9s de 0 a 3 meses (6\u20139.5 lb). Incluye conjunto largo 100% algod\u00f3n, manta personalizada y chupete elegante con clip de cadena.<\/p>\n<p data-start=\"546\" data-end=\"809\">El <strong data-start=\"549\" data-end=\"594\">Ajuar de nacimiento personalizado de lujo<\/strong> es el regalo perfecto para dar la bienvenida a tu peque\u00f1o con estilo, suavidad y elegancia. Cada detalle ha sido cuidadosamente dise\u00f1ado para ofrecer <strong data-start=\"745\" data-end=\"788\">confort, seguridad y un toque exclusivo<\/strong> que lo hace \u00fanico.<\/p>\n<p data-start=\"811\" data-end=\"828\"><strong data-start=\"814\" data-end=\"826\">Incluye:<\/strong><\/p>\n<ol data-start=\"829\" data-end=\"1601\">\n<li data-start=\"829\" data-end=\"1031\">\n<p data-start=\"832\" data-end=\"895\"><strong data-start=\"832\" data-end=\"862\">Conjunto largo de 6 piezas<\/strong> \u2013 100% algod\u00f3n hipoalerg\u00e9nico.<\/p>\n<ul data-start=\"899\" data-end=\"1031\">\n<li data-start=\"899\" data-end=\"956\">\n<p data-start=\"901\" data-end=\"956\">Incluye mameluco, abrigo, gorro, guantes y zapatitos.<\/p>\n<\/li>\n<li data-start=\"960\" data-end=\"1031\">\n<p data-start=\"962\" data-end=\"1031\">Tejido suave, transpirable y seguro para la delicada piel del beb\u00e9.<\/p>\n<\/li>\n<\/ul>\n<\/li>\n<li data-start=\"1033\" data-end=\"1367\">\n<p data-start=\"1036\" data-end=\"1092\"><strong data-start=\"1036\" data-end=\"1090\">Chupete elegante personalizado con clip de cadena.<\/strong><\/p>\n<ul data-start=\"1096\" data-end=\"1367\">\n<li data-start=\"1096\" data-end=\"1170\">\n<p data-start=\"1098\" data-end=\"1170\">Fabricado con <strong data-start=\"1112\" data-end=\"1147\">silicona de calidad alimentaria<\/strong>, libre de BPA y PVC.<\/p>\n<\/li>\n<li data-start=\"1174\" data-end=\"1247\">\n<p data-start=\"1176\" data-end=\"1247\">Decorado con <strong data-start=\"1189\" data-end=\"1244\">diamantes de imitaci\u00f3n de alta clase y efecto bling<\/strong>.<\/p>\n<\/li>\n<li data-start=\"1251\" data-end=\"1285\">\n<p data-start=\"1253\" data-end=\"1285\">Incluye protector en el mam\u00f3n.<\/p>\n<\/li>\n<li data-start=\"1289\" data-end=\"1367\">\n<p data-start=\"1291\" data-end=\"1367\"><strong data-start=\"1294\" data-end=\"1314\">Recomendaciones:<\/strong> No hervir ni sumergir en agua. No usar microondas.<\/p>\n<\/li>\n<\/ul>\n<\/li>\n<li data-start=\"1369\" data-end=\"1601\">\n<p data-start=\"1372\" data-end=\"1409\"><strong data-start=\"1372\" data-end=\"1407\">Manta personalizada con nombre.<\/strong><\/p>\n<ul data-start=\"1413\" data-end=\"1601\">\n<li data-start=\"1413\" data-end=\"1474\">\n<p data-start=\"1415\" data-end=\"1474\">Lado frontal: tejido polar suave con burbujas en relieve.<\/p>\n<\/li>\n<li data-start=\"1478\" data-end=\"1570\">\n<p data-start=\"1480\" data-end=\"1570\">Lado posterior: tejido de <strong data-start=\"1506\" data-end=\"1527\">microfibra sherpa<\/strong>, c\u00e1lido y delicado con la piel del beb\u00e9.<\/p>\n<\/li>\n<li data-start=\"1574\" data-end=\"1601\">\n<p data-start=\"1576\" data-end=\"1601\">Tama\u00f1o: <strong data-start=\"1584\" data-end=\"1598\">70 \u00d7 90 cm<\/strong>.<\/p>\n<\/li>\n<\/ul>\n<\/li>\n<\/ol>\n<p data-start=\"1603\" data-end=\"1738\"><strong data-start=\"1606\" data-end=\"1651\">Incluye env\u00edo y personalizaci\u00f3n gratuita.<\/strong><br data-start=\"1651\" data-end=\"1654\" \/><strong data-start=\"1657\" data-end=\"1667\">Talla:<\/strong> 0\u20133 meses (para beb\u00e9s de 6 a 9.5 libras).<br data-start=\"1709\" data-end=\"1712\" \/><strong data-start=\"1715\" data-end=\"1726\">Precio:<\/strong> US$145.00<\/p>\n<p data-start=\"1740\" data-end=\"1878\">Ideal para <strong data-start=\"1751\" data-end=\"1810\">baby showers, sesiones de fotos o regalos de bienvenida<\/strong>, este set es una combinaci\u00f3n perfecta de ternura, calidad y lujo.<\/p>\n","protected":false},"featured_media":548,"comment_status":"open","ping_status":"closed","template":"","meta":{"_joinchat":[]},"product_brand":[],"product_cat":[15,30,28,51,33,36,49,37,35],"product_tag":[],"class_list":{"0":"post-547","1":"product","2":"type-product","3":"status-publish","4":"has-post-thumbnail","6":"product_cat-categoria-general","7":"product_cat-ajuar-de-nacimiento","8":"product_cat-conjunto","9":"product_cat-conjuntos-personalizados-para-bebes","10":"product_cat-ninas","11":"product_cat-personalizado","12":"product_cat-primera-puesta-personalizada-para-bebes-bordado-incluido","13":"product_cat-set-de-bienvenida-para-bebes-recien-nacidos","14":"product_cat-set-tejido","15":"wcpa_has_options","17":"first","18":"instock","19":"shipping-taxable","20":"purchasable","21":"product-type-simple"},"yoast_head":"<!-- This site is optimized with the Yoast SEO plugin v26.8 - https:\/\/yoast.com\/product\/yoast-seo-wordpress\/ -->\n<title>Set de Bienvenida para Beb\u00e9s Reci\u00e9n Nacidos- Bloom - Midulceesperastore<\/title>\n<meta name=\"robots\" content=\"index, follow, max-snippet:-1, max-image-preview:large, max-video-preview:-1\" \/>\n<link rel=\"canonical\" href=\"https:\/\/midulceesperastore.com\/es\/producto\/set-de-bienvenida-para-bebes-recien-nacidos-bloom\/\" \/>\n<meta property=\"og:locale\" content=\"es_ES\" \/>\n<meta property=\"og:type\" content=\"article\" \/>\n<meta property=\"og:title\" content=\"Set de Bienvenida para Beb\u00e9s Reci\u00e9n Nacidos- Bloom - Midulceesperastore\" \/>\n<meta property=\"og:description\" content=\"Celebra la llegada de tu beb\u00e9 con un ajuar de nacimiento personalizado de lujo, ideal para beb\u00e9s de 0 a 3 meses (6\u20139.5 lb). Incluye conjunto largo 100% algod\u00f3n, manta personalizada y chupete elegante con clip de cadena. El Ajuar de nacimiento personalizado de lujo es el regalo perfecto para dar la bienvenida a tu peque\u00f1o con estilo, suavidad y elegancia. Cada detalle ha sido cuidadosamente dise\u00f1ado para ofrecer confort, seguridad y un toque exclusivo que lo hace \u00fanico. Incluye:     Conjunto largo de 6 piezas \u2013 100% algod\u00f3n hipoalerg\u00e9nico.     Incluye mameluco, abrigo, gorro, guantes y zapatitos.    Tejido suave, transpirable y seguro para la delicada piel del beb\u00e9.      Chupete elegante personalizado con clip de cadena.     Fabricado con silicona de calidad alimentaria, libre de BPA y PVC.    Decorado con diamantes de imitaci\u00f3n de alta clase y efecto bling.    Incluye protector en el mam\u00f3n.    Recomendaciones: No hervir ni sumergir en agua. No usar microondas.      Manta personalizada con nombre.     Lado frontal: tejido polar suave con burbujas en relieve.    Lado posterior: tejido de microfibra sherpa, c\u00e1lido y delicado con la piel del beb\u00e9.    Tama\u00f1o: 70 \u00d7 90 cm.     Incluye env\u00edo y personalizaci\u00f3n gratuita.Talla: 0\u20133 meses (para beb\u00e9s de 6 a 9.5 libras).Precio: US$145.00 Ideal para baby showers, sesiones de fotos o regalos de bienvenida, este set es una combinaci\u00f3n perfecta de ternura, calidad y lujo.\" \/>\n<meta property=\"og:url\" content=\"https:\/\/midulceesperastore.com\/es\/producto\/set-de-bienvenida-para-bebes-recien-nacidos-bloom\/\" \/>\n<meta property=\"og:site_name\" content=\"Midulceesperastore\" \/>\n<meta property=\"article:publisher\" content=\"https:\/\/www.facebook.com\/people\/Mi-Dulce-Espera-L-L-C\/\" \/>\n<meta property=\"article:modified_time\" content=\"2025-12-14T15:25:39+00:00\" \/>\n<meta property=\"og:image\" content=\"https:\/\/midulceesperastore.com\/es\/wp-content\/uploads\/2025\/11\/Screenshot-2025-11-04T191816.883.png\" \/>\n\t<meta property=\"og:image:width\" content=\"648\" \/>\n\t<meta property=\"og:image:height\" content=\"646\" \/>\n\t<meta property=\"og:image:type\" content=\"image\/png\" \/>\n<meta name=\"twitter:card\" content=\"summary_large_image\" \/>\n<script type=\"application\/ld+json\" class=\"yoast-schema-graph\">{\"@context\":\"https:\/\/schema.org\",\"@graph\":[{\"@type\":\"WebPage\",\"@id\":\"https:\/\/midulceesperastore.com\/es\/producto\/set-de-bienvenida-para-bebes-recien-nacidos-bloom\/\",\"url\":\"https:\/\/midulceesperastore.com\/es\/producto\/set-de-bienvenida-para-bebes-recien-nacidos-bloom\/\",\"name\":\"Set de Bienvenida para Beb\u00e9s Reci\u00e9n Nacidos- Bloom - Midulceesperastore\",\"isPartOf\":{\"@id\":\"https:\/\/midulceesperastore.com\/es\/#website\"},\"primaryImageOfPage\":{\"@id\":\"https:\/\/midulceesperastore.com\/es\/producto\/set-de-bienvenida-para-bebes-recien-nacidos-bloom\/#primaryimage\"},\"image\":{\"@id\":\"https:\/\/midulceesperastore.com\/es\/producto\/set-de-bienvenida-para-bebes-recien-nacidos-bloom\/#primaryimage\"},\"thumbnailUrl\":\"https:\/\/midulceesperastore.com\/es\/wp-content\/uploads\/2025\/11\/Screenshot-2025-11-04T191816.883.png\",\"datePublished\":\"2025-11-04T23:20:07+00:00\",\"dateModified\":\"2025-12-14T15:25:39+00:00\",\"breadcrumb\":{\"@id\":\"https:\/\/midulceesperastore.com\/es\/producto\/set-de-bienvenida-para-bebes-recien-nacidos-bloom\/#breadcrumb\"},\"inLanguage\":\"es\",\"potentialAction\":[{\"@type\":\"ReadAction\",\"target\":[\"https:\/\/midulceesperastore.com\/es\/producto\/set-de-bienvenida-para-bebes-recien-nacidos-bloom\/\"]}]},{\"@type\":\"ImageObject\",\"inLanguage\":\"es\",\"@id\":\"https:\/\/midulceesperastore.com\/es\/producto\/set-de-bienvenida-para-bebes-recien-nacidos-bloom\/#primaryimage\",\"url\":\"https:\/\/midulceesperastore.com\/es\/wp-content\/uploads\/2025\/11\/Screenshot-2025-11-04T191816.883.png\",\"contentUrl\":\"https:\/\/midulceesperastore.com\/es\/wp-content\/uploads\/2025\/11\/Screenshot-2025-11-04T191816.883.png\",\"width\":648,\"height\":646},{\"@type\":\"BreadcrumbList\",\"@id\":\"https:\/\/midulceesperastore.com\/es\/producto\/set-de-bienvenida-para-bebes-recien-nacidos-bloom\/#breadcrumb\",\"itemListElement\":[{\"@type\":\"ListItem\",\"position\":1,\"name\":\"Portada\",\"item\":\"https:\/\/midulceesperastore.com\/es\/\"},{\"@type\":\"ListItem\",\"position\":2,\"name\":\"Productos\",\"item\":\"https:\/\/midulceesperastore.com\/es\/kit-por-defecto\/\"},{\"@type\":\"ListItem\",\"position\":3,\"name\":\"Set de Bienvenida para Beb\u00e9s Reci\u00e9n Nacidos- Bloom\"}]},{\"@type\":\"WebSite\",\"@id\":\"https:\/\/midulceesperastore.com\/es\/#website\",\"url\":\"https:\/\/midulceesperastore.com\/es\/\",\"name\":\"Midulceesperastore\",\"description\":\"Set de Bienvenida para Beb\u00e9s\",\"publisher\":{\"@id\":\"https:\/\/midulceesperastore.com\/es\/#organization\"},\"potentialAction\":[{\"@type\":\"SearchAction\",\"target\":{\"@type\":\"EntryPoint\",\"urlTemplate\":\"https:\/\/midulceesperastore.com\/es\/?s={search_term_string}\"},\"query-input\":{\"@type\":\"PropertyValueSpecification\",\"valueRequired\":true,\"valueName\":\"search_term_string\"}}],\"inLanguage\":\"es\"},{\"@type\":\"Organization\",\"@id\":\"https:\/\/midulceesperastore.com\/es\/#organization\",\"name\":\"Midulceesperastore\",\"url\":\"https:\/\/midulceesperastore.com\/es\/\",\"logo\":{\"@type\":\"ImageObject\",\"inLanguage\":\"es\",\"@id\":\"https:\/\/midulceesperastore.com\/es\/#\/schema\/logo\/image\/\",\"url\":\"https:\/\/midulceesperastore.com\/es\/wp-content\/uploads\/2025\/12\/cropped-Set-de-Bienvenida-para-Bebes-1.png\",\"contentUrl\":\"https:\/\/midulceesperastore.com\/es\/wp-content\/uploads\/2025\/12\/cropped-Set-de-Bienvenida-para-Bebes-1.png\",\"width\":512,\"height\":512,\"caption\":\"Midulceesperastore\"},\"image\":{\"@id\":\"https:\/\/midulceesperastore.com\/es\/#\/schema\/logo\/image\/\"},\"sameAs\":[\"https:\/\/www.facebook.com\/people\/Mi-Dulce-Espera-L-L-C\/\"]}]}<\/script>\n<!-- \/ Yoast SEO plugin. -->","yoast_head_json":{"title":"Set de Bienvenida para Beb\u00e9s Reci\u00e9n Nacidos- Bloom - Midulceesperastore","robots":{"index":"index","follow":"follow","max-snippet":"max-snippet:-1","max-image-preview":"max-image-preview:large","max-video-preview":"max-video-preview:-1"},"canonical":"https:\/\/midulceesperastore.com\/es\/producto\/set-de-bienvenida-para-bebes-recien-nacidos-bloom\/","og_locale":"es_ES","og_type":"article","og_title":"Set de Bienvenida para Beb\u00e9s Reci\u00e9n Nacidos- Bloom - Midulceesperastore","og_description":"Celebra la llegada de tu beb\u00e9 con un ajuar de nacimiento personalizado de lujo, ideal para beb\u00e9s de 0 a 3 meses (6\u20139.5 lb). Incluye conjunto largo 100% algod\u00f3n, manta personalizada y chupete elegante con clip de cadena. El Ajuar de nacimiento personalizado de lujo es el regalo perfecto para dar la bienvenida a tu peque\u00f1o con estilo, suavidad y elegancia. Cada detalle ha sido cuidadosamente dise\u00f1ado para ofrecer confort, seguridad y un toque exclusivo que lo hace \u00fanico. Incluye:     Conjunto largo de 6 piezas \u2013 100% algod\u00f3n hipoalerg\u00e9nico.     Incluye mameluco, abrigo, gorro, guantes y zapatitos.    Tejido suave, transpirable y seguro para la delicada piel del beb\u00e9.      Chupete elegante personalizado con clip de cadena.     Fabricado con silicona de calidad alimentaria, libre de BPA y PVC.    Decorado con diamantes de imitaci\u00f3n de alta clase y efecto bling.    Incluye protector en el mam\u00f3n.    Recomendaciones: No hervir ni sumergir en agua. No usar microondas.      Manta personalizada con nombre.     Lado frontal: tejido polar suave con burbujas en relieve.    Lado posterior: tejido de microfibra sherpa, c\u00e1lido y delicado con la piel del beb\u00e9.    Tama\u00f1o: 70 \u00d7 90 cm.     Incluye env\u00edo y personalizaci\u00f3n gratuita.Talla: 0\u20133 meses (para beb\u00e9s de 6 a 9.5 libras).Precio: US$145.00 Ideal para baby showers, sesiones de fotos o regalos de bienvenida, este set es una combinaci\u00f3n perfecta de ternura, calidad y lujo.","og_url":"https:\/\/midulceesperastore.com\/es\/producto\/set-de-bienvenida-para-bebes-recien-nacidos-bloom\/","og_site_name":"Midulceesperastore","article_publisher":"https:\/\/www.facebook.com\/people\/Mi-Dulce-Espera-L-L-C\/","article_modified_time":"2025-12-14T15:25:39+00:00","og_image":[{"width":648,"height":646,"url":"https:\/\/midulceesperastore.com\/es\/wp-content\/uploads\/2025\/11\/Screenshot-2025-11-04T191816.883.png","type":"image\/png"}],"twitter_card":"summary_large_image","schema":{"@context":"https:\/\/schema.org","@graph":[{"@type":"WebPage","@id":"https:\/\/midulceesperastore.com\/es\/producto\/set-de-bienvenida-para-bebes-recien-nacidos-bloom\/","url":"https:\/\/midulceesperastore.com\/es\/producto\/set-de-bienvenida-para-bebes-recien-nacidos-bloom\/","name":"Set de Bienvenida para Beb\u00e9s Reci\u00e9n Nacidos- Bloom - Midulceesperastore","isPartOf":{"@id":"https:\/\/midulceesperastore.com\/es\/#website"},"primaryImageOfPage":{"@id":"https:\/\/midulceesperastore.com\/es\/producto\/set-de-bienvenida-para-bebes-recien-nacidos-bloom\/#primaryimage"},"image":{"@id":"https:\/\/midulceesperastore.com\/es\/producto\/set-de-bienvenida-para-bebes-recien-nacidos-bloom\/#primaryimage"},"thumbnailUrl":"https:\/\/midulceesperastore.com\/es\/wp-content\/uploads\/2025\/11\/Screenshot-2025-11-04T191816.883.png","datePublished":"2025-11-04T23:20:07+00:00","dateModified":"2025-12-14T15:25:39+00:00","breadcrumb":{"@id":"https:\/\/midulceesperastore.com\/es\/producto\/set-de-bienvenida-para-bebes-recien-nacidos-bloom\/#breadcrumb"},"inLanguage":"es","potentialAction":[{"@type":"ReadAction","target":["https:\/\/midulceesperastore.com\/es\/producto\/set-de-bienvenida-para-bebes-recien-nacidos-bloom\/"]}]},{"@type":"ImageObject","inLanguage":"es","@id":"https:\/\/midulceesperastore.com\/es\/producto\/set-de-bienvenida-para-bebes-recien-nacidos-bloom\/#primaryimage","url":"https:\/\/midulceesperastore.com\/es\/wp-content\/uploads\/2025\/11\/Screenshot-2025-11-04T191816.883.png","contentUrl":"https:\/\/midulceesperastore.com\/es\/wp-content\/uploads\/2025\/11\/Screenshot-2025-11-04T191816.883.png","width":648,"height":646},{"@type":"BreadcrumbList","@id":"https:\/\/midulceesperastore.com\/es\/producto\/set-de-bienvenida-para-bebes-recien-nacidos-bloom\/#breadcrumb","itemListElement":[{"@type":"ListItem","position":1,"name":"Portada","item":"https:\/\/midulceesperastore.com\/es\/"},{"@type":"ListItem","position":2,"name":"Productos","item":"https:\/\/midulceesperastore.com\/es\/kit-por-defecto\/"},{"@type":"ListItem","position":3,"name":"Set de Bienvenida para Beb\u00e9s Reci\u00e9n Nacidos- Bloom"}]},{"@type":"WebSite","@id":"https:\/\/midulceesperastore.com\/es\/#website","url":"https:\/\/midulceesperastore.com\/es\/","name":"Midulceesperastore","description":"Set de Bienvenida para Beb\u00e9s","publisher":{"@id":"https:\/\/midulceesperastore.com\/es\/#organization"},"potentialAction":[{"@type":"SearchAction","target":{"@type":"EntryPoint","urlTemplate":"https:\/\/midulceesperastore.com\/es\/?s={search_term_string}"},"query-input":{"@type":"PropertyValueSpecification","valueRequired":true,"valueName":"search_term_string"}}],"inLanguage":"es"},{"@type":"Organization","@id":"https:\/\/midulceesperastore.com\/es\/#organization","name":"Midulceesperastore","url":"https:\/\/midulceesperastore.com\/es\/","logo":{"@type":"ImageObject","inLanguage":"es","@id":"https:\/\/midulceesperastore.com\/es\/#\/schema\/logo\/image\/","url":"https:\/\/midulceesperastore.com\/es\/wp-content\/uploads\/2025\/12\/cropped-Set-de-Bienvenida-para-Bebes-1.png","contentUrl":"https:\/\/midulceesperastore.com\/es\/wp-content\/uploads\/2025\/12\/cropped-Set-de-Bienvenida-para-Bebes-1.png","width":512,"height":512,"caption":"Midulceesperastore"},"image":{"@id":"https:\/\/midulceesperastore.com\/es\/#\/schema\/logo\/image\/"},"sameAs":["https:\/\/www.facebook.com\/people\/Mi-Dulce-Espera-L-L-C\/"]}]}},"_links":{"self":[{"href":"https:\/\/midulceesperastore.com\/es\/wp-json\/wp\/v2\/product\/547","targetHints":{"allow":["GET"]}}],"collection":[{"href":"https:\/\/midulceesperastore.com\/es\/wp-json\/wp\/v2\/product"}],"about":[{"href":"https:\/\/midulceesperastore.com\/es\/wp-json\/wp\/v2\/types\/product"}],"replies":[{"embeddable":true,"href":"https:\/\/midulceesperastore.com\/es\/wp-json\/wp\/v2\/comments?post=547"}],"wp:featuredmedia":[{"embeddable":true,"href":"https:\/\/midulceesperastore.com\/es\/wp-json\/wp\/v2\/media\/548"}],"wp:attachment":[{"href":"https:\/\/midulceesperastore.com\/es\/wp-json\/wp\/v2\/media?parent=547"}],"wp:term":[{"taxonomy":"product_brand","embeddable":true,"href":"https:\/\/midulceesperastore.com\/es\/wp-json\/wp\/v2\/product_brand?post=547"},{"taxonomy":"product_cat","embeddable":true,"href":"https:\/\/midulceesperastore.com\/es\/wp-json\/wp\/v2\/product_cat?post=547"},{"taxonomy":"product_tag","embeddable":true,"href":"https:\/\/midulceesperastore.com\/es\/wp-json\/wp\/v2\/product_tag?post=547"}],"curies":[{"name":"wp","href":"https:\/\/api.w.org\/{rel}","templated":true}]}}