{"id":545,"date":"2025-11-04T23:17:40","date_gmt":"2025-11-04T23:17:40","guid":{"rendered":"https:\/\/midulceesperausa.inabaweb.com\/?post_type=product&#038;p=545"},"modified":"2025-12-14T15:25:54","modified_gmt":"2025-12-14T15:25:54","slug":"set-de-bienvenida-para-bebes-recien-nacidos-kim","status":"publish","type":"product","link":"https:\/\/midulceesperastore.com\/es\/producto\/set-de-bienvenida-para-bebes-recien-nacidos-kim\/","title":{"rendered":"Set de Bienvenida para Beb\u00e9s Reci\u00e9n Nacidos-Kim"},"content":{"rendered":"","protected":false},"excerpt":{"rendered":"<p>Celebra la llegada de tu beb\u00e9 con un <strong data-start=\"356\" data-end=\"401\">ajuar de nacimiento personalizado de lujo<\/strong>. Incluye conjunto largo 100% algod\u00f3n y chupete elegante con clip de cadena. Ideal para beb\u00e9s de 0 a 3 meses (6\u20139.5 lb).<\/p>\n<p data-start=\"565\" data-end=\"871\">El <strong data-start=\"568\" data-end=\"613\">Ajuar de nacimiento personalizado de lujo<\/strong> de <strong data-start=\"617\" data-end=\"640\">Mi Dulce Espera LLC<\/strong> est\u00e1 dise\u00f1ado para los primeros momentos m\u00e1s especiales de tu beb\u00e9.<br data-start=\"708\" data-end=\"711\" \/>Cada set combina suavidad, elegancia y seguridad, con materiales hipoalerg\u00e9nicos y detalles personalizados que hacen de este conjunto un recuerdo inolvidable.<\/p>\n<p data-start=\"873\" data-end=\"890\"><strong data-start=\"876\" data-end=\"888\">Incluye:<\/strong><\/p>\n<ol data-start=\"891\" data-end=\"1380\">\n<li data-start=\"891\" data-end=\"1068\">\n<p data-start=\"894\" data-end=\"956\"><strong data-start=\"894\" data-end=\"923\">Conjunto largo (3 piezas)<\/strong> \u2013 100% algod\u00f3n hipoalerg\u00e9nico.<\/p>\n<ul data-start=\"960\" data-end=\"1068\">\n<li data-start=\"960\" data-end=\"997\">\n<p data-start=\"962\" data-end=\"997\">Incluye abrigo, <em data-start=\"978\" data-end=\"986\">rumper<\/em> y gorro.<\/p>\n<\/li>\n<li data-start=\"1001\" data-end=\"1068\">\n<p data-start=\"1003\" data-end=\"1068\">Suave, c\u00f3modo y seguro para la piel sensible del reci\u00e9n nacido.<\/p>\n<\/li>\n<\/ul>\n<\/li>\n<li data-start=\"1070\" data-end=\"1380\">\n<p data-start=\"1073\" data-end=\"1129\"><strong data-start=\"1073\" data-end=\"1127\">Chupete elegante personalizado con clip de cadena.<\/strong><\/p>\n<ul data-start=\"1133\" data-end=\"1380\">\n<li data-start=\"1133\" data-end=\"1208\">\n<p data-start=\"1135\" data-end=\"1208\">Hecho con <strong data-start=\"1145\" data-end=\"1180\">silicona de calidad alimentaria<\/strong>, 100% libre de BPA y PVC.<\/p>\n<\/li>\n<li data-start=\"1212\" data-end=\"1297\">\n<p data-start=\"1214\" data-end=\"1297\">Decorado con <strong data-start=\"1227\" data-end=\"1270\">diamantes de imitaci\u00f3n con efecto bling<\/strong> y protector en el mam\u00f3n.<\/p>\n<\/li>\n<li data-start=\"1301\" data-end=\"1380\">\n<p data-start=\"1303\" data-end=\"1380\">\u26a0\ufe0f <strong data-start=\"1306\" data-end=\"1326\">Recomendaciones:<\/strong> No hervir, no sumergir en agua, no usar microondas.<\/p>\n<\/li>\n<\/ul>\n<\/li>\n<\/ol>\n<p data-start=\"1382\" data-end=\"1527\"><strong data-start=\"1385\" data-end=\"1395\">Talla:<\/strong> 0\u20133 meses (para beb\u00e9s de 6 a 9.5 libras).<br data-start=\"1437\" data-end=\"1440\" \/><strong data-start=\"1443\" data-end=\"1454\">Precio:<\/strong> US$115.00 (incluye personalizaci\u00f3n y env\u00edo gratuito dentro de EE. UU.)<\/p>\n<p data-start=\"1529\" data-end=\"1701\"><strong data-start=\"1532\" data-end=\"1550\">Perfecto para:<\/strong><br data-start=\"1550\" data-end=\"1553\" \/>Baby showers, regalos de bienvenida o sesiones de fotos. Cada detalle est\u00e1 pensado para vestir a tu beb\u00e9 con ternura y estilo desde el primer d\u00eda.<\/p>\n","protected":false},"featured_media":546,"comment_status":"open","ping_status":"closed","template":"","meta":{"_joinchat":[]},"product_brand":[],"product_cat":[15,30,28,51,33,36,49,37,35],"product_tag":[],"class_list":{"0":"post-545","1":"product","2":"type-product","3":"status-publish","4":"has-post-thumbnail","6":"product_cat-categoria-general","7":"product_cat-ajuar-de-nacimiento","8":"product_cat-conjunto","9":"product_cat-conjuntos-personalizados-para-bebes","10":"product_cat-ninas","11":"product_cat-personalizado","12":"product_cat-primera-puesta-personalizada-para-bebes-bordado-incluido","13":"product_cat-set-de-bienvenida-para-bebes-recien-nacidos","14":"product_cat-set-tejido","15":"wcpa_has_options","17":"first","18":"instock","19":"shipping-taxable","20":"purchasable","21":"product-type-simple"},"yoast_head":"<!-- This site is optimized with the Yoast SEO plugin v26.8 - https:\/\/yoast.com\/product\/yoast-seo-wordpress\/ -->\n<title>Set de Bienvenida para Beb\u00e9s Reci\u00e9n Nacidos-Kim - Midulceesperastore<\/title>\n<meta name=\"robots\" content=\"index, follow, max-snippet:-1, max-image-preview:large, max-video-preview:-1\" \/>\n<link rel=\"canonical\" href=\"https:\/\/midulceesperastore.com\/es\/producto\/set-de-bienvenida-para-bebes-recien-nacidos-kim\/\" \/>\n<meta property=\"og:locale\" content=\"es_ES\" \/>\n<meta property=\"og:type\" content=\"article\" \/>\n<meta property=\"og:title\" content=\"Set de Bienvenida para Beb\u00e9s Reci\u00e9n Nacidos-Kim - Midulceesperastore\" \/>\n<meta property=\"og:description\" content=\"Celebra la llegada de tu beb\u00e9 con un ajuar de nacimiento personalizado de lujo. Incluye conjunto largo 100% algod\u00f3n y chupete elegante con clip de cadena. Ideal para beb\u00e9s de 0 a 3 meses (6\u20139.5 lb). El Ajuar de nacimiento personalizado de lujo de Mi Dulce Espera LLC est\u00e1 dise\u00f1ado para los primeros momentos m\u00e1s especiales de tu beb\u00e9.Cada set combina suavidad, elegancia y seguridad, con materiales hipoalerg\u00e9nicos y detalles personalizados que hacen de este conjunto un recuerdo inolvidable. Incluye:     Conjunto largo (3 piezas) \u2013 100% algod\u00f3n hipoalerg\u00e9nico.     Incluye abrigo, rumper y gorro.    Suave, c\u00f3modo y seguro para la piel sensible del reci\u00e9n nacido.      Chupete elegante personalizado con clip de cadena.     Hecho con silicona de calidad alimentaria, 100% libre de BPA y PVC.    Decorado con diamantes de imitaci\u00f3n con efecto bling y protector en el mam\u00f3n.    \u26a0\ufe0f Recomendaciones: No hervir, no sumergir en agua, no usar microondas.     Talla: 0\u20133 meses (para beb\u00e9s de 6 a 9.5 libras).Precio: US$115.00 (incluye personalizaci\u00f3n y env\u00edo gratuito dentro de EE. UU.) Perfecto para:Baby showers, regalos de bienvenida o sesiones de fotos. Cada detalle est\u00e1 pensado para vestir a tu beb\u00e9 con ternura y estilo desde el primer d\u00eda.\" \/>\n<meta property=\"og:url\" content=\"https:\/\/midulceesperastore.com\/es\/producto\/set-de-bienvenida-para-bebes-recien-nacidos-kim\/\" \/>\n<meta property=\"og:site_name\" content=\"Midulceesperastore\" \/>\n<meta property=\"article:publisher\" content=\"https:\/\/www.facebook.com\/people\/Mi-Dulce-Espera-L-L-C\/\" \/>\n<meta property=\"article:modified_time\" content=\"2025-12-14T15:25:54+00:00\" \/>\n<meta property=\"og:image\" content=\"https:\/\/midulceesperastore.com\/es\/wp-content\/uploads\/2025\/11\/Screenshot-2025-11-04T191521.599.png\" \/>\n\t<meta property=\"og:image:width\" content=\"647\" \/>\n\t<meta property=\"og:image:height\" content=\"642\" \/>\n\t<meta property=\"og:image:type\" content=\"image\/png\" \/>\n<meta name=\"twitter:card\" content=\"summary_large_image\" \/>\n<script type=\"application\/ld+json\" class=\"yoast-schema-graph\">{\"@context\":\"https:\/\/schema.org\",\"@graph\":[{\"@type\":\"WebPage\",\"@id\":\"https:\/\/midulceesperastore.com\/es\/producto\/set-de-bienvenida-para-bebes-recien-nacidos-kim\/\",\"url\":\"https:\/\/midulceesperastore.com\/es\/producto\/set-de-bienvenida-para-bebes-recien-nacidos-kim\/\",\"name\":\"Set de Bienvenida para Beb\u00e9s Reci\u00e9n Nacidos-Kim - Midulceesperastore\",\"isPartOf\":{\"@id\":\"https:\/\/midulceesperastore.com\/es\/#website\"},\"primaryImageOfPage\":{\"@id\":\"https:\/\/midulceesperastore.com\/es\/producto\/set-de-bienvenida-para-bebes-recien-nacidos-kim\/#primaryimage\"},\"image\":{\"@id\":\"https:\/\/midulceesperastore.com\/es\/producto\/set-de-bienvenida-para-bebes-recien-nacidos-kim\/#primaryimage\"},\"thumbnailUrl\":\"https:\/\/midulceesperastore.com\/es\/wp-content\/uploads\/2025\/11\/Screenshot-2025-11-04T191521.599.png\",\"datePublished\":\"2025-11-04T23:17:40+00:00\",\"dateModified\":\"2025-12-14T15:25:54+00:00\",\"breadcrumb\":{\"@id\":\"https:\/\/midulceesperastore.com\/es\/producto\/set-de-bienvenida-para-bebes-recien-nacidos-kim\/#breadcrumb\"},\"inLanguage\":\"es\",\"potentialAction\":[{\"@type\":\"ReadAction\",\"target\":[\"https:\/\/midulceesperastore.com\/es\/producto\/set-de-bienvenida-para-bebes-recien-nacidos-kim\/\"]}]},{\"@type\":\"ImageObject\",\"inLanguage\":\"es\",\"@id\":\"https:\/\/midulceesperastore.com\/es\/producto\/set-de-bienvenida-para-bebes-recien-nacidos-kim\/#primaryimage\",\"url\":\"https:\/\/midulceesperastore.com\/es\/wp-content\/uploads\/2025\/11\/Screenshot-2025-11-04T191521.599.png\",\"contentUrl\":\"https:\/\/midulceesperastore.com\/es\/wp-content\/uploads\/2025\/11\/Screenshot-2025-11-04T191521.599.png\",\"width\":647,\"height\":642},{\"@type\":\"BreadcrumbList\",\"@id\":\"https:\/\/midulceesperastore.com\/es\/producto\/set-de-bienvenida-para-bebes-recien-nacidos-kim\/#breadcrumb\",\"itemListElement\":[{\"@type\":\"ListItem\",\"position\":1,\"name\":\"Portada\",\"item\":\"https:\/\/midulceesperastore.com\/es\/\"},{\"@type\":\"ListItem\",\"position\":2,\"name\":\"Productos\",\"item\":\"https:\/\/midulceesperastore.com\/es\/kit-por-defecto\/\"},{\"@type\":\"ListItem\",\"position\":3,\"name\":\"Set de Bienvenida para Beb\u00e9s Reci\u00e9n Nacidos-Kim\"}]},{\"@type\":\"WebSite\",\"@id\":\"https:\/\/midulceesperastore.com\/es\/#website\",\"url\":\"https:\/\/midulceesperastore.com\/es\/\",\"name\":\"Midulceesperastore\",\"description\":\"Set de Bienvenida para Beb\u00e9s\",\"publisher\":{\"@id\":\"https:\/\/midulceesperastore.com\/es\/#organization\"},\"potentialAction\":[{\"@type\":\"SearchAction\",\"target\":{\"@type\":\"EntryPoint\",\"urlTemplate\":\"https:\/\/midulceesperastore.com\/es\/?s={search_term_string}\"},\"query-input\":{\"@type\":\"PropertyValueSpecification\",\"valueRequired\":true,\"valueName\":\"search_term_string\"}}],\"inLanguage\":\"es\"},{\"@type\":\"Organization\",\"@id\":\"https:\/\/midulceesperastore.com\/es\/#organization\",\"name\":\"Midulceesperastore\",\"url\":\"https:\/\/midulceesperastore.com\/es\/\",\"logo\":{\"@type\":\"ImageObject\",\"inLanguage\":\"es\",\"@id\":\"https:\/\/midulceesperastore.com\/es\/#\/schema\/logo\/image\/\",\"url\":\"https:\/\/midulceesperastore.com\/es\/wp-content\/uploads\/2025\/12\/cropped-Set-de-Bienvenida-para-Bebes-1.png\",\"contentUrl\":\"https:\/\/midulceesperastore.com\/es\/wp-content\/uploads\/2025\/12\/cropped-Set-de-Bienvenida-para-Bebes-1.png\",\"width\":512,\"height\":512,\"caption\":\"Midulceesperastore\"},\"image\":{\"@id\":\"https:\/\/midulceesperastore.com\/es\/#\/schema\/logo\/image\/\"},\"sameAs\":[\"https:\/\/www.facebook.com\/people\/Mi-Dulce-Espera-L-L-C\/\"]}]}<\/script>\n<!-- \/ Yoast SEO plugin. -->","yoast_head_json":{"title":"Set de Bienvenida para Beb\u00e9s Reci\u00e9n Nacidos-Kim - Midulceesperastore","robots":{"index":"index","follow":"follow","max-snippet":"max-snippet:-1","max-image-preview":"max-image-preview:large","max-video-preview":"max-video-preview:-1"},"canonical":"https:\/\/midulceesperastore.com\/es\/producto\/set-de-bienvenida-para-bebes-recien-nacidos-kim\/","og_locale":"es_ES","og_type":"article","og_title":"Set de Bienvenida para Beb\u00e9s Reci\u00e9n Nacidos-Kim - Midulceesperastore","og_description":"Celebra la llegada de tu beb\u00e9 con un ajuar de nacimiento personalizado de lujo. Incluye conjunto largo 100% algod\u00f3n y chupete elegante con clip de cadena. Ideal para beb\u00e9s de 0 a 3 meses (6\u20139.5 lb). El Ajuar de nacimiento personalizado de lujo de Mi Dulce Espera LLC est\u00e1 dise\u00f1ado para los primeros momentos m\u00e1s especiales de tu beb\u00e9.Cada set combina suavidad, elegancia y seguridad, con materiales hipoalerg\u00e9nicos y detalles personalizados que hacen de este conjunto un recuerdo inolvidable. Incluye:     Conjunto largo (3 piezas) \u2013 100% algod\u00f3n hipoalerg\u00e9nico.     Incluye abrigo, rumper y gorro.    Suave, c\u00f3modo y seguro para la piel sensible del reci\u00e9n nacido.      Chupete elegante personalizado con clip de cadena.     Hecho con silicona de calidad alimentaria, 100% libre de BPA y PVC.    Decorado con diamantes de imitaci\u00f3n con efecto bling y protector en el mam\u00f3n.    \u26a0\ufe0f Recomendaciones: No hervir, no sumergir en agua, no usar microondas.     Talla: 0\u20133 meses (para beb\u00e9s de 6 a 9.5 libras).Precio: US$115.00 (incluye personalizaci\u00f3n y env\u00edo gratuito dentro de EE. UU.) Perfecto para:Baby showers, regalos de bienvenida o sesiones de fotos. Cada detalle est\u00e1 pensado para vestir a tu beb\u00e9 con ternura y estilo desde el primer d\u00eda.","og_url":"https:\/\/midulceesperastore.com\/es\/producto\/set-de-bienvenida-para-bebes-recien-nacidos-kim\/","og_site_name":"Midulceesperastore","article_publisher":"https:\/\/www.facebook.com\/people\/Mi-Dulce-Espera-L-L-C\/","article_modified_time":"2025-12-14T15:25:54+00:00","og_image":[{"width":647,"height":642,"url":"https:\/\/midulceesperastore.com\/es\/wp-content\/uploads\/2025\/11\/Screenshot-2025-11-04T191521.599.png","type":"image\/png"}],"twitter_card":"summary_large_image","schema":{"@context":"https:\/\/schema.org","@graph":[{"@type":"WebPage","@id":"https:\/\/midulceesperastore.com\/es\/producto\/set-de-bienvenida-para-bebes-recien-nacidos-kim\/","url":"https:\/\/midulceesperastore.com\/es\/producto\/set-de-bienvenida-para-bebes-recien-nacidos-kim\/","name":"Set de Bienvenida para Beb\u00e9s Reci\u00e9n Nacidos-Kim - Midulceesperastore","isPartOf":{"@id":"https:\/\/midulceesperastore.com\/es\/#website"},"primaryImageOfPage":{"@id":"https:\/\/midulceesperastore.com\/es\/producto\/set-de-bienvenida-para-bebes-recien-nacidos-kim\/#primaryimage"},"image":{"@id":"https:\/\/midulceesperastore.com\/es\/producto\/set-de-bienvenida-para-bebes-recien-nacidos-kim\/#primaryimage"},"thumbnailUrl":"https:\/\/midulceesperastore.com\/es\/wp-content\/uploads\/2025\/11\/Screenshot-2025-11-04T191521.599.png","datePublished":"2025-11-04T23:17:40+00:00","dateModified":"2025-12-14T15:25:54+00:00","breadcrumb":{"@id":"https:\/\/midulceesperastore.com\/es\/producto\/set-de-bienvenida-para-bebes-recien-nacidos-kim\/#breadcrumb"},"inLanguage":"es","potentialAction":[{"@type":"ReadAction","target":["https:\/\/midulceesperastore.com\/es\/producto\/set-de-bienvenida-para-bebes-recien-nacidos-kim\/"]}]},{"@type":"ImageObject","inLanguage":"es","@id":"https:\/\/midulceesperastore.com\/es\/producto\/set-de-bienvenida-para-bebes-recien-nacidos-kim\/#primaryimage","url":"https:\/\/midulceesperastore.com\/es\/wp-content\/uploads\/2025\/11\/Screenshot-2025-11-04T191521.599.png","contentUrl":"https:\/\/midulceesperastore.com\/es\/wp-content\/uploads\/2025\/11\/Screenshot-2025-11-04T191521.599.png","width":647,"height":642},{"@type":"BreadcrumbList","@id":"https:\/\/midulceesperastore.com\/es\/producto\/set-de-bienvenida-para-bebes-recien-nacidos-kim\/#breadcrumb","itemListElement":[{"@type":"ListItem","position":1,"name":"Portada","item":"https:\/\/midulceesperastore.com\/es\/"},{"@type":"ListItem","position":2,"name":"Productos","item":"https:\/\/midulceesperastore.com\/es\/kit-por-defecto\/"},{"@type":"ListItem","position":3,"name":"Set de Bienvenida para Beb\u00e9s Reci\u00e9n Nacidos-Kim"}]},{"@type":"WebSite","@id":"https:\/\/midulceesperastore.com\/es\/#website","url":"https:\/\/midulceesperastore.com\/es\/","name":"Midulceesperastore","description":"Set de Bienvenida para Beb\u00e9s","publisher":{"@id":"https:\/\/midulceesperastore.com\/es\/#organization"},"potentialAction":[{"@type":"SearchAction","target":{"@type":"EntryPoint","urlTemplate":"https:\/\/midulceesperastore.com\/es\/?s={search_term_string}"},"query-input":{"@type":"PropertyValueSpecification","valueRequired":true,"valueName":"search_term_string"}}],"inLanguage":"es"},{"@type":"Organization","@id":"https:\/\/midulceesperastore.com\/es\/#organization","name":"Midulceesperastore","url":"https:\/\/midulceesperastore.com\/es\/","logo":{"@type":"ImageObject","inLanguage":"es","@id":"https:\/\/midulceesperastore.com\/es\/#\/schema\/logo\/image\/","url":"https:\/\/midulceesperastore.com\/es\/wp-content\/uploads\/2025\/12\/cropped-Set-de-Bienvenida-para-Bebes-1.png","contentUrl":"https:\/\/midulceesperastore.com\/es\/wp-content\/uploads\/2025\/12\/cropped-Set-de-Bienvenida-para-Bebes-1.png","width":512,"height":512,"caption":"Midulceesperastore"},"image":{"@id":"https:\/\/midulceesperastore.com\/es\/#\/schema\/logo\/image\/"},"sameAs":["https:\/\/www.facebook.com\/people\/Mi-Dulce-Espera-L-L-C\/"]}]}},"_links":{"self":[{"href":"https:\/\/midulceesperastore.com\/es\/wp-json\/wp\/v2\/product\/545","targetHints":{"allow":["GET"]}}],"collection":[{"href":"https:\/\/midulceesperastore.com\/es\/wp-json\/wp\/v2\/product"}],"about":[{"href":"https:\/\/midulceesperastore.com\/es\/wp-json\/wp\/v2\/types\/product"}],"replies":[{"embeddable":true,"href":"https:\/\/midulceesperastore.com\/es\/wp-json\/wp\/v2\/comments?post=545"}],"wp:featuredmedia":[{"embeddable":true,"href":"https:\/\/midulceesperastore.com\/es\/wp-json\/wp\/v2\/media\/546"}],"wp:attachment":[{"href":"https:\/\/midulceesperastore.com\/es\/wp-json\/wp\/v2\/media?parent=545"}],"wp:term":[{"taxonomy":"product_brand","embeddable":true,"href":"https:\/\/midulceesperastore.com\/es\/wp-json\/wp\/v2\/product_brand?post=545"},{"taxonomy":"product_cat","embeddable":true,"href":"https:\/\/midulceesperastore.com\/es\/wp-json\/wp\/v2\/product_cat?post=545"},{"taxonomy":"product_tag","embeddable":true,"href":"https:\/\/midulceesperastore.com\/es\/wp-json\/wp\/v2\/product_tag?post=545"}],"curies":[{"name":"wp","href":"https:\/\/api.w.org\/{rel}","templated":true}]}}