{"id":536,"date":"2025-11-04T23:07:04","date_gmt":"2025-11-04T23:07:04","guid":{"rendered":"https:\/\/midulceesperausa.inabaweb.com\/?post_type=product&#038;p=536"},"modified":"2025-11-21T20:52:58","modified_gmt":"2025-11-21T20:52:58","slug":"chupete-elegante-personalizado-con-clip-de-cadena-regalo-exclusivo-para-bebe","status":"publish","type":"product","link":"https:\/\/midulceesperastore.com\/es\/producto\/chupete-elegante-personalizado-con-clip-de-cadena-regalo-exclusivo-para-bebe\/","title":{"rendered":"Chupete elegante personalizado con clip de cadena \u2013 Regalo exclusivo para beb\u00e9"},"content":{"rendered":"","protected":false},"excerpt":{"rendered":"<p data-start=\"359\" data-end=\"571\">Un detalle lleno de estilo y ternura. Chupete personalizado con clip de cadena, hecho con silicona de calidad alimentaria 100% libre de BPA y PVC. Incluye personalizaci\u00f3n y env\u00edo gratuito a todo EE. UU.<\/p>\n<p data-start=\"651\" data-end=\"913\">El <strong data-start=\"654\" data-end=\"707\">chupete elegante personalizado con clip de cadena<\/strong> de <strong data-start=\"711\" data-end=\"734\">Mi Dulce Espera LLC<\/strong> combina seguridad, confort y lujo en una sola pieza. Dise\u00f1ado con <strong data-start=\"801\" data-end=\"860\">silicona de calidad alimentaria 100% libre de BPA y PVC<\/strong>, es seguro para el beb\u00e9 y delicado con sus enc\u00edas.<\/p>\n<p data-start=\"915\" data-end=\"1206\">Su dise\u00f1o exclusivo incluye <strong data-start=\"943\" data-end=\"1004\">diamantes de imitaci\u00f3n con un toque de brillo y elegancia<\/strong>, adem\u00e1s de un <strong data-start=\"1019\" data-end=\"1047\">clip de cadena exquisito<\/strong> que evita ca\u00eddas y aporta un toque sofisticado. Ideal para sesiones de fotos, regalos de baby shower o para complementar los primeros accesorios de tu beb\u00e9.<\/p>\n<p data-start=\"1208\" data-end=\"1233\">\ud83d\udc96 <strong data-start=\"1211\" data-end=\"1231\">Caracter\u00edsticas:<\/strong><\/p>\n<ul data-start=\"1234\" data-end=\"1593\">\n<li data-start=\"1234\" data-end=\"1288\">\n<p data-start=\"1236\" data-end=\"1288\">Personalizable con el nombre o iniciales del beb\u00e9.<\/p>\n<\/li>\n<li data-start=\"1289\" data-end=\"1361\">\n<p data-start=\"1291\" data-end=\"1361\">Hecho con silicona de calidad alimentaria (100% libre de BPA y PVC).<\/p>\n<\/li>\n<li data-start=\"1362\" data-end=\"1417\">\n<p data-start=\"1364\" data-end=\"1417\">Decorado con diamantes de imitaci\u00f3n efecto <em data-start=\"1407\" data-end=\"1414\">bling<\/em>.<\/p>\n<\/li>\n<li data-start=\"1418\" data-end=\"1471\">\n<p data-start=\"1420\" data-end=\"1471\">Incluye protector en el mam\u00f3n para mayor higiene.<\/p>\n<\/li>\n<li data-start=\"1472\" data-end=\"1506\">\n<p data-start=\"1474\" data-end=\"1506\">No hervir ni sumergir en agua.<\/p>\n<\/li>\n<li data-start=\"1507\" data-end=\"1535\">\n<p data-start=\"1509\" data-end=\"1535\">No apto para microondas.<\/p>\n<\/li>\n<li data-start=\"1536\" data-end=\"1593\">\n<p data-start=\"1538\" data-end=\"1593\">Precio: <strong data-start=\"1546\" data-end=\"1591\">$35.00 (incluye env\u00edo y personalizaci\u00f3n).<\/strong><\/p>\n<\/li>\n<\/ul>\n<p data-start=\"1595\" data-end=\"1700\">\ud83c\udf81 <strong data-start=\"1598\" data-end=\"1616\">Perfecto para:<\/strong><br data-start=\"1616\" data-end=\"1619\" \/>Regalo de nacimiento, baby shower o accesorio exclusivo para tu peque\u00f1o tesoro.<\/p>\n","protected":false},"featured_media":537,"comment_status":"open","ping_status":"closed","template":"","meta":{"_joinchat":[]},"product_brand":[],"product_cat":[15,29,36],"product_tag":[],"class_list":{"0":"post-536","1":"product","2":"type-product","3":"status-publish","4":"has-post-thumbnail","6":"product_cat-categoria-general","7":"product_cat-chupete-para-bebes","8":"product_cat-personalizado","9":"wcpa_has_options","11":"first","12":"instock","13":"shipping-taxable","14":"purchasable","15":"product-type-simple"},"yoast_head":"<!-- This site is optimized with the Yoast SEO plugin v26.8 - https:\/\/yoast.com\/product\/yoast-seo-wordpress\/ -->\n<title>Chupete elegante personalizado con clip de cadena \u2013 Regalo exclusivo para beb\u00e9 - Midulceesperastore<\/title>\n<meta name=\"robots\" content=\"index, follow, max-snippet:-1, max-image-preview:large, max-video-preview:-1\" \/>\n<link rel=\"canonical\" href=\"https:\/\/midulceesperastore.com\/es\/producto\/chupete-elegante-personalizado-con-clip-de-cadena-regalo-exclusivo-para-bebe\/\" \/>\n<meta property=\"og:locale\" content=\"es_ES\" \/>\n<meta property=\"og:type\" content=\"article\" \/>\n<meta property=\"og:title\" content=\"Chupete elegante personalizado con clip de cadena \u2013 Regalo exclusivo para beb\u00e9 - Midulceesperastore\" \/>\n<meta property=\"og:description\" content=\"Un detalle lleno de estilo y ternura. Chupete personalizado con clip de cadena, hecho con silicona de calidad alimentaria 100% libre de BPA y PVC. Incluye personalizaci\u00f3n y env\u00edo gratuito a todo EE. UU. El chupete elegante personalizado con clip de cadena de Mi Dulce Espera LLC combina seguridad, confort y lujo en una sola pieza. Dise\u00f1ado con silicona de calidad alimentaria 100% libre de BPA y PVC, es seguro para el beb\u00e9 y delicado con sus enc\u00edas. Su dise\u00f1o exclusivo incluye diamantes de imitaci\u00f3n con un toque de brillo y elegancia, adem\u00e1s de un clip de cadena exquisito que evita ca\u00eddas y aporta un toque sofisticado. Ideal para sesiones de fotos, regalos de baby shower o para complementar los primeros accesorios de tu beb\u00e9. \ud83d\udc96 Caracter\u00edsticas:     Personalizable con el nombre o iniciales del beb\u00e9.    Hecho con silicona de calidad alimentaria (100% libre de BPA y PVC).    Decorado con diamantes de imitaci\u00f3n efecto bling.    Incluye protector en el mam\u00f3n para mayor higiene.    No hervir ni sumergir en agua.    No apto para microondas.    Precio: $35.00 (incluye env\u00edo y personalizaci\u00f3n).   \ud83c\udf81 Perfecto para:Regalo de nacimiento, baby shower o accesorio exclusivo para tu peque\u00f1o tesoro.\" \/>\n<meta property=\"og:url\" content=\"https:\/\/midulceesperastore.com\/es\/producto\/chupete-elegante-personalizado-con-clip-de-cadena-regalo-exclusivo-para-bebe\/\" \/>\n<meta property=\"og:site_name\" content=\"Midulceesperastore\" \/>\n<meta property=\"article:publisher\" content=\"https:\/\/www.facebook.com\/people\/Mi-Dulce-Espera-L-L-C\/\" \/>\n<meta property=\"article:modified_time\" content=\"2025-11-21T20:52:58+00:00\" \/>\n<meta property=\"og:image\" content=\"https:\/\/midulceesperastore.com\/es\/wp-content\/uploads\/2025\/11\/138338a0-06f9-4871-b3ec-359777920eef.jpg\" \/>\n\t<meta property=\"og:image:width\" content=\"2048\" \/>\n\t<meta property=\"og:image:height\" content=\"2048\" \/>\n\t<meta property=\"og:image:type\" content=\"image\/jpeg\" \/>\n<meta name=\"twitter:card\" content=\"summary_large_image\" \/>\n<script type=\"application\/ld+json\" class=\"yoast-schema-graph\">{\"@context\":\"https:\/\/schema.org\",\"@graph\":[{\"@type\":\"WebPage\",\"@id\":\"https:\/\/midulceesperastore.com\/es\/producto\/chupete-elegante-personalizado-con-clip-de-cadena-regalo-exclusivo-para-bebe\/\",\"url\":\"https:\/\/midulceesperastore.com\/es\/producto\/chupete-elegante-personalizado-con-clip-de-cadena-regalo-exclusivo-para-bebe\/\",\"name\":\"Chupete elegante personalizado con clip de cadena \u2013 Regalo exclusivo para beb\u00e9 - Midulceesperastore\",\"isPartOf\":{\"@id\":\"https:\/\/midulceesperastore.com\/es\/#website\"},\"primaryImageOfPage\":{\"@id\":\"https:\/\/midulceesperastore.com\/es\/producto\/chupete-elegante-personalizado-con-clip-de-cadena-regalo-exclusivo-para-bebe\/#primaryimage\"},\"image\":{\"@id\":\"https:\/\/midulceesperastore.com\/es\/producto\/chupete-elegante-personalizado-con-clip-de-cadena-regalo-exclusivo-para-bebe\/#primaryimage\"},\"thumbnailUrl\":\"https:\/\/midulceesperastore.com\/es\/wp-content\/uploads\/2025\/11\/138338a0-06f9-4871-b3ec-359777920eef.jpg\",\"datePublished\":\"2025-11-04T23:07:04+00:00\",\"dateModified\":\"2025-11-21T20:52:58+00:00\",\"breadcrumb\":{\"@id\":\"https:\/\/midulceesperastore.com\/es\/producto\/chupete-elegante-personalizado-con-clip-de-cadena-regalo-exclusivo-para-bebe\/#breadcrumb\"},\"inLanguage\":\"es\",\"potentialAction\":[{\"@type\":\"ReadAction\",\"target\":[\"https:\/\/midulceesperastore.com\/es\/producto\/chupete-elegante-personalizado-con-clip-de-cadena-regalo-exclusivo-para-bebe\/\"]}]},{\"@type\":\"ImageObject\",\"inLanguage\":\"es\",\"@id\":\"https:\/\/midulceesperastore.com\/es\/producto\/chupete-elegante-personalizado-con-clip-de-cadena-regalo-exclusivo-para-bebe\/#primaryimage\",\"url\":\"https:\/\/midulceesperastore.com\/es\/wp-content\/uploads\/2025\/11\/138338a0-06f9-4871-b3ec-359777920eef.jpg\",\"contentUrl\":\"https:\/\/midulceesperastore.com\/es\/wp-content\/uploads\/2025\/11\/138338a0-06f9-4871-b3ec-359777920eef.jpg\",\"width\":2048,\"height\":2048},{\"@type\":\"BreadcrumbList\",\"@id\":\"https:\/\/midulceesperastore.com\/es\/producto\/chupete-elegante-personalizado-con-clip-de-cadena-regalo-exclusivo-para-bebe\/#breadcrumb\",\"itemListElement\":[{\"@type\":\"ListItem\",\"position\":1,\"name\":\"Portada\",\"item\":\"https:\/\/midulceesperastore.com\/es\/\"},{\"@type\":\"ListItem\",\"position\":2,\"name\":\"Productos\",\"item\":\"https:\/\/midulceesperastore.com\/es\/kit-por-defecto\/\"},{\"@type\":\"ListItem\",\"position\":3,\"name\":\"Chupete elegante personalizado con clip de cadena \u2013 Regalo exclusivo para beb\u00e9\"}]},{\"@type\":\"WebSite\",\"@id\":\"https:\/\/midulceesperastore.com\/es\/#website\",\"url\":\"https:\/\/midulceesperastore.com\/es\/\",\"name\":\"Midulceesperastore\",\"description\":\"Set de Bienvenida para Beb\u00e9s\",\"publisher\":{\"@id\":\"https:\/\/midulceesperastore.com\/es\/#organization\"},\"potentialAction\":[{\"@type\":\"SearchAction\",\"target\":{\"@type\":\"EntryPoint\",\"urlTemplate\":\"https:\/\/midulceesperastore.com\/es\/?s={search_term_string}\"},\"query-input\":{\"@type\":\"PropertyValueSpecification\",\"valueRequired\":true,\"valueName\":\"search_term_string\"}}],\"inLanguage\":\"es\"},{\"@type\":\"Organization\",\"@id\":\"https:\/\/midulceesperastore.com\/es\/#organization\",\"name\":\"Midulceesperastore\",\"url\":\"https:\/\/midulceesperastore.com\/es\/\",\"logo\":{\"@type\":\"ImageObject\",\"inLanguage\":\"es\",\"@id\":\"https:\/\/midulceesperastore.com\/es\/#\/schema\/logo\/image\/\",\"url\":\"https:\/\/midulceesperastore.com\/es\/wp-content\/uploads\/2025\/12\/cropped-Set-de-Bienvenida-para-Bebes-1.png\",\"contentUrl\":\"https:\/\/midulceesperastore.com\/es\/wp-content\/uploads\/2025\/12\/cropped-Set-de-Bienvenida-para-Bebes-1.png\",\"width\":512,\"height\":512,\"caption\":\"Midulceesperastore\"},\"image\":{\"@id\":\"https:\/\/midulceesperastore.com\/es\/#\/schema\/logo\/image\/\"},\"sameAs\":[\"https:\/\/www.facebook.com\/people\/Mi-Dulce-Espera-L-L-C\/\"]}]}<\/script>\n<!-- \/ Yoast SEO plugin. -->","yoast_head_json":{"title":"Chupete elegante personalizado con clip de cadena \u2013 Regalo exclusivo para beb\u00e9 - Midulceesperastore","robots":{"index":"index","follow":"follow","max-snippet":"max-snippet:-1","max-image-preview":"max-image-preview:large","max-video-preview":"max-video-preview:-1"},"canonical":"https:\/\/midulceesperastore.com\/es\/producto\/chupete-elegante-personalizado-con-clip-de-cadena-regalo-exclusivo-para-bebe\/","og_locale":"es_ES","og_type":"article","og_title":"Chupete elegante personalizado con clip de cadena \u2013 Regalo exclusivo para beb\u00e9 - Midulceesperastore","og_description":"Un detalle lleno de estilo y ternura. Chupete personalizado con clip de cadena, hecho con silicona de calidad alimentaria 100% libre de BPA y PVC. Incluye personalizaci\u00f3n y env\u00edo gratuito a todo EE. UU. El chupete elegante personalizado con clip de cadena de Mi Dulce Espera LLC combina seguridad, confort y lujo en una sola pieza. Dise\u00f1ado con silicona de calidad alimentaria 100% libre de BPA y PVC, es seguro para el beb\u00e9 y delicado con sus enc\u00edas. Su dise\u00f1o exclusivo incluye diamantes de imitaci\u00f3n con un toque de brillo y elegancia, adem\u00e1s de un clip de cadena exquisito que evita ca\u00eddas y aporta un toque sofisticado. Ideal para sesiones de fotos, regalos de baby shower o para complementar los primeros accesorios de tu beb\u00e9. \ud83d\udc96 Caracter\u00edsticas:     Personalizable con el nombre o iniciales del beb\u00e9.    Hecho con silicona de calidad alimentaria (100% libre de BPA y PVC).    Decorado con diamantes de imitaci\u00f3n efecto bling.    Incluye protector en el mam\u00f3n para mayor higiene.    No hervir ni sumergir en agua.    No apto para microondas.    Precio: $35.00 (incluye env\u00edo y personalizaci\u00f3n).   \ud83c\udf81 Perfecto para:Regalo de nacimiento, baby shower o accesorio exclusivo para tu peque\u00f1o tesoro.","og_url":"https:\/\/midulceesperastore.com\/es\/producto\/chupete-elegante-personalizado-con-clip-de-cadena-regalo-exclusivo-para-bebe\/","og_site_name":"Midulceesperastore","article_publisher":"https:\/\/www.facebook.com\/people\/Mi-Dulce-Espera-L-L-C\/","article_modified_time":"2025-11-21T20:52:58+00:00","og_image":[{"width":2048,"height":2048,"url":"https:\/\/midulceesperastore.com\/es\/wp-content\/uploads\/2025\/11\/138338a0-06f9-4871-b3ec-359777920eef.jpg","type":"image\/jpeg"}],"twitter_card":"summary_large_image","schema":{"@context":"https:\/\/schema.org","@graph":[{"@type":"WebPage","@id":"https:\/\/midulceesperastore.com\/es\/producto\/chupete-elegante-personalizado-con-clip-de-cadena-regalo-exclusivo-para-bebe\/","url":"https:\/\/midulceesperastore.com\/es\/producto\/chupete-elegante-personalizado-con-clip-de-cadena-regalo-exclusivo-para-bebe\/","name":"Chupete elegante personalizado con clip de cadena \u2013 Regalo exclusivo para beb\u00e9 - Midulceesperastore","isPartOf":{"@id":"https:\/\/midulceesperastore.com\/es\/#website"},"primaryImageOfPage":{"@id":"https:\/\/midulceesperastore.com\/es\/producto\/chupete-elegante-personalizado-con-clip-de-cadena-regalo-exclusivo-para-bebe\/#primaryimage"},"image":{"@id":"https:\/\/midulceesperastore.com\/es\/producto\/chupete-elegante-personalizado-con-clip-de-cadena-regalo-exclusivo-para-bebe\/#primaryimage"},"thumbnailUrl":"https:\/\/midulceesperastore.com\/es\/wp-content\/uploads\/2025\/11\/138338a0-06f9-4871-b3ec-359777920eef.jpg","datePublished":"2025-11-04T23:07:04+00:00","dateModified":"2025-11-21T20:52:58+00:00","breadcrumb":{"@id":"https:\/\/midulceesperastore.com\/es\/producto\/chupete-elegante-personalizado-con-clip-de-cadena-regalo-exclusivo-para-bebe\/#breadcrumb"},"inLanguage":"es","potentialAction":[{"@type":"ReadAction","target":["https:\/\/midulceesperastore.com\/es\/producto\/chupete-elegante-personalizado-con-clip-de-cadena-regalo-exclusivo-para-bebe\/"]}]},{"@type":"ImageObject","inLanguage":"es","@id":"https:\/\/midulceesperastore.com\/es\/producto\/chupete-elegante-personalizado-con-clip-de-cadena-regalo-exclusivo-para-bebe\/#primaryimage","url":"https:\/\/midulceesperastore.com\/es\/wp-content\/uploads\/2025\/11\/138338a0-06f9-4871-b3ec-359777920eef.jpg","contentUrl":"https:\/\/midulceesperastore.com\/es\/wp-content\/uploads\/2025\/11\/138338a0-06f9-4871-b3ec-359777920eef.jpg","width":2048,"height":2048},{"@type":"BreadcrumbList","@id":"https:\/\/midulceesperastore.com\/es\/producto\/chupete-elegante-personalizado-con-clip-de-cadena-regalo-exclusivo-para-bebe\/#breadcrumb","itemListElement":[{"@type":"ListItem","position":1,"name":"Portada","item":"https:\/\/midulceesperastore.com\/es\/"},{"@type":"ListItem","position":2,"name":"Productos","item":"https:\/\/midulceesperastore.com\/es\/kit-por-defecto\/"},{"@type":"ListItem","position":3,"name":"Chupete elegante personalizado con clip de cadena \u2013 Regalo exclusivo para beb\u00e9"}]},{"@type":"WebSite","@id":"https:\/\/midulceesperastore.com\/es\/#website","url":"https:\/\/midulceesperastore.com\/es\/","name":"Midulceesperastore","description":"Set de Bienvenida para Beb\u00e9s","publisher":{"@id":"https:\/\/midulceesperastore.com\/es\/#organization"},"potentialAction":[{"@type":"SearchAction","target":{"@type":"EntryPoint","urlTemplate":"https:\/\/midulceesperastore.com\/es\/?s={search_term_string}"},"query-input":{"@type":"PropertyValueSpecification","valueRequired":true,"valueName":"search_term_string"}}],"inLanguage":"es"},{"@type":"Organization","@id":"https:\/\/midulceesperastore.com\/es\/#organization","name":"Midulceesperastore","url":"https:\/\/midulceesperastore.com\/es\/","logo":{"@type":"ImageObject","inLanguage":"es","@id":"https:\/\/midulceesperastore.com\/es\/#\/schema\/logo\/image\/","url":"https:\/\/midulceesperastore.com\/es\/wp-content\/uploads\/2025\/12\/cropped-Set-de-Bienvenida-para-Bebes-1.png","contentUrl":"https:\/\/midulceesperastore.com\/es\/wp-content\/uploads\/2025\/12\/cropped-Set-de-Bienvenida-para-Bebes-1.png","width":512,"height":512,"caption":"Midulceesperastore"},"image":{"@id":"https:\/\/midulceesperastore.com\/es\/#\/schema\/logo\/image\/"},"sameAs":["https:\/\/www.facebook.com\/people\/Mi-Dulce-Espera-L-L-C\/"]}]}},"_links":{"self":[{"href":"https:\/\/midulceesperastore.com\/es\/wp-json\/wp\/v2\/product\/536","targetHints":{"allow":["GET"]}}],"collection":[{"href":"https:\/\/midulceesperastore.com\/es\/wp-json\/wp\/v2\/product"}],"about":[{"href":"https:\/\/midulceesperastore.com\/es\/wp-json\/wp\/v2\/types\/product"}],"replies":[{"embeddable":true,"href":"https:\/\/midulceesperastore.com\/es\/wp-json\/wp\/v2\/comments?post=536"}],"wp:featuredmedia":[{"embeddable":true,"href":"https:\/\/midulceesperastore.com\/es\/wp-json\/wp\/v2\/media\/537"}],"wp:attachment":[{"href":"https:\/\/midulceesperastore.com\/es\/wp-json\/wp\/v2\/media?parent=536"}],"wp:term":[{"taxonomy":"product_brand","embeddable":true,"href":"https:\/\/midulceesperastore.com\/es\/wp-json\/wp\/v2\/product_brand?post=536"},{"taxonomy":"product_cat","embeddable":true,"href":"https:\/\/midulceesperastore.com\/es\/wp-json\/wp\/v2\/product_cat?post=536"},{"taxonomy":"product_tag","embeddable":true,"href":"https:\/\/midulceesperastore.com\/es\/wp-json\/wp\/v2\/product_tag?post=536"}],"curies":[{"name":"wp","href":"https:\/\/api.w.org\/{rel}","templated":true}]}}