{"id":2092,"date":"2026-03-30T22:38:20","date_gmt":"2026-03-30T22:38:20","guid":{"rendered":"https:\/\/midulceesperastore.com\/es\/?post_type=product&#038;p=2092"},"modified":"2026-03-30T22:38:21","modified_gmt":"2026-03-30T22:38:21","slug":"atuendo-de-primera-puesta-recien-nacido-personalizado-2-3","status":"publish","type":"product","link":"https:\/\/midulceesperastore.com\/es\/producto\/atuendo-de-primera-puesta-recien-nacido-personalizado-2-3\/","title":{"rendered":"primera puesta de Recien nacido"},"content":{"rendered":"","protected":false},"excerpt":{"rendered":"<p data-start=\"819\" data-end=\"843\"><strong data-start=\"819\" data-end=\"841\">Contenido del set:<\/strong><\/p>\n<ol data-start=\"844\" data-end=\"1493\">\n<li data-start=\"844\" data-end=\"1021\">\n<p data-start=\"847\" data-end=\"1021\"><strong data-start=\"847\" data-end=\"878\">Conjunto largo de 6 piezas:<\/strong> incluye mameluco, gorro, abrigo,\u00a0 elaborados en espa\u00f1a <strong data-start=\"946\" data-end=\"977\">100% algod\u00f3n hipoalerg\u00e9nico<\/strong>, suaves y delicados con la piel del beb\u00e9.<\/p>\n<\/li>\n<li data-start=\"1022\" data-end=\"1301\">\n<p data-start=\"1025\" data-end=\"1301\"><strong data-start=\"1025\" data-end=\"1079\">Chupete elegante personalizado con clip de cadena:<\/strong> hecho en <strong data-start=\"1089\" data-end=\"1122\">silicona de grado alimenticio<\/strong>, libre de BPA y PVC. Decorado con <strong data-start=\"1157\" data-end=\"1196\">diamantes de imitaci\u00f3n efecto bling<\/strong> y protector en el mam\u00f3n.<br data-start=\"1221\" data-end=\"1224\" \/><em data-start=\"1227\" data-end=\"1245\">Recomendaciones:<\/em> no hervir, no sumergir en agua ni usar en microondas.<\/p>\n<\/li>\n<li data-start=\"1302\" data-end=\"1493\">\n<p data-start=\"1305\" data-end=\"1493\"><strong data-start=\"1305\" data-end=\"1340\">Manta personalizada con nombre:<\/strong> lado frontal de <strong data-start=\"1357\" data-end=\"1397\">tejido polar con burbujas en relieve<\/strong> y reverso de <strong data-start=\"1411\" data-end=\"1432\">microfibra sherpa<\/strong>. Tama\u00f1o: 70 \u00d7 90 cm, ideal para la delicada piel del beb\u00e9.<\/p>\n<\/li>\n<\/ol>\n<p data-start=\"1495\" data-end=\"1550\"><strong data-start=\"1495\" data-end=\"1507\">Incluye:<\/strong> env\u00edo gratis y personalizaci\u00f3n gratuita.<\/p>\n<p data-start=\"1552\" data-end=\"1573\"><strong data-start=\"1552\" data-end=\"1563\">Precio:<\/strong> $160.00<\/p>\n<p data-start=\"1575\" data-end=\"1675\" data-is-last-node=\"\" data-is-only-node=\"\">Un set encantador que combina estilo, ternura y confort para los primeros d\u00edas del reci\u00e9n nacido.<\/p>\n","protected":false},"featured_media":2077,"comment_status":"open","ping_status":"closed","template":"","meta":{"_joinchat":[]},"product_brand":[],"product_cat":[15,29,52,36,49,34],"product_tag":[],"class_list":{"0":"post-2092","1":"product","2":"type-product","3":"status-publish","4":"has-post-thumbnail","6":"product_cat-categoria-general","7":"product_cat-chupete-para-bebes","8":"product_cat-mejor-mameluco-para-bebe-recien-nacido","9":"product_cat-personalizado","10":"product_cat-primera-puesta-personalizada-para-bebes-bordado-incluido","11":"product_cat-ropa-de-bebes-recien-nacidos-ninos","13":"first","14":"instock","15":"shipping-taxable","16":"purchasable","17":"product-type-simple"},"yoast_head":"<!-- This site is optimized with the Yoast SEO plugin v26.8 - https:\/\/yoast.com\/product\/yoast-seo-wordpress\/ -->\n<title>primera puesta de Recien nacido - Midulceesperastore<\/title>\n<meta name=\"robots\" content=\"index, follow, max-snippet:-1, max-image-preview:large, max-video-preview:-1\" \/>\n<link rel=\"canonical\" href=\"https:\/\/midulceesperastore.com\/es\/producto\/atuendo-de-primera-puesta-recien-nacido-personalizado-2-3\/\" \/>\n<meta property=\"og:locale\" content=\"es_ES\" \/>\n<meta property=\"og:type\" content=\"article\" \/>\n<meta property=\"og:title\" content=\"primera puesta de Recien nacido - Midulceesperastore\" \/>\n<meta property=\"og:description\" content=\"Contenido del set:     Conjunto largo de 6 piezas: incluye mameluco, gorro, abrigo,\u00a0 elaborados en espa\u00f1a 100% algod\u00f3n hipoalerg\u00e9nico, suaves y delicados con la piel del beb\u00e9.    Chupete elegante personalizado con clip de cadena: hecho en silicona de grado alimenticio, libre de BPA y PVC. Decorado con diamantes de imitaci\u00f3n efecto bling y protector en el mam\u00f3n.Recomendaciones: no hervir, no sumergir en agua ni usar en microondas.    Manta personalizada con nombre: lado frontal de tejido polar con burbujas en relieve y reverso de microfibra sherpa. Tama\u00f1o: 70 \u00d7 90 cm, ideal para la delicada piel del beb\u00e9.   Incluye: env\u00edo gratis y personalizaci\u00f3n gratuita. Precio: $160.00 Un set encantador que combina estilo, ternura y confort para los primeros d\u00edas del reci\u00e9n nacido.\" \/>\n<meta property=\"og:url\" content=\"https:\/\/midulceesperastore.com\/es\/producto\/atuendo-de-primera-puesta-recien-nacido-personalizado-2-3\/\" \/>\n<meta property=\"og:site_name\" content=\"Midulceesperastore\" \/>\n<meta property=\"article:publisher\" content=\"https:\/\/www.facebook.com\/people\/Mi-Dulce-Espera-L-L-C\/\" \/>\n<meta property=\"article:modified_time\" content=\"2026-03-30T22:38:21+00:00\" \/>\n<meta property=\"og:image\" content=\"https:\/\/midulceesperastore.com\/es\/wp-content\/uploads\/2025\/11\/WhatsApp-Image-2026-03-30-at-5.45.39-PM-1.jpeg\" \/>\n\t<meta property=\"og:image:width\" content=\"2048\" \/>\n\t<meta property=\"og:image:height\" content=\"2048\" \/>\n\t<meta property=\"og:image:type\" content=\"image\/jpeg\" \/>\n<meta name=\"twitter:card\" content=\"summary_large_image\" \/>\n<meta name=\"twitter:label1\" content=\"Tiempo de lectura\" \/>\n\t<meta name=\"twitter:data1\" content=\"1 minuto\" \/>\n<script type=\"application\/ld+json\" class=\"yoast-schema-graph\">{\"@context\":\"https:\/\/schema.org\",\"@graph\":[{\"@type\":\"WebPage\",\"@id\":\"https:\/\/midulceesperastore.com\/es\/producto\/atuendo-de-primera-puesta-recien-nacido-personalizado-2-3\/\",\"url\":\"https:\/\/midulceesperastore.com\/es\/producto\/atuendo-de-primera-puesta-recien-nacido-personalizado-2-3\/\",\"name\":\"primera puesta de Recien nacido - Midulceesperastore\",\"isPartOf\":{\"@id\":\"https:\/\/midulceesperastore.com\/es\/#website\"},\"primaryImageOfPage\":{\"@id\":\"https:\/\/midulceesperastore.com\/es\/producto\/atuendo-de-primera-puesta-recien-nacido-personalizado-2-3\/#primaryimage\"},\"image\":{\"@id\":\"https:\/\/midulceesperastore.com\/es\/producto\/atuendo-de-primera-puesta-recien-nacido-personalizado-2-3\/#primaryimage\"},\"thumbnailUrl\":\"https:\/\/midulceesperastore.com\/es\/wp-content\/uploads\/2025\/11\/WhatsApp-Image-2026-03-30-at-5.45.39-PM-1.jpeg\",\"datePublished\":\"2026-03-30T22:38:20+00:00\",\"dateModified\":\"2026-03-30T22:38:21+00:00\",\"breadcrumb\":{\"@id\":\"https:\/\/midulceesperastore.com\/es\/producto\/atuendo-de-primera-puesta-recien-nacido-personalizado-2-3\/#breadcrumb\"},\"inLanguage\":\"es\",\"potentialAction\":[{\"@type\":\"ReadAction\",\"target\":[\"https:\/\/midulceesperastore.com\/es\/producto\/atuendo-de-primera-puesta-recien-nacido-personalizado-2-3\/\"]}]},{\"@type\":\"ImageObject\",\"inLanguage\":\"es\",\"@id\":\"https:\/\/midulceesperastore.com\/es\/producto\/atuendo-de-primera-puesta-recien-nacido-personalizado-2-3\/#primaryimage\",\"url\":\"https:\/\/midulceesperastore.com\/es\/wp-content\/uploads\/2025\/11\/WhatsApp-Image-2026-03-30-at-5.45.39-PM-1.jpeg\",\"contentUrl\":\"https:\/\/midulceesperastore.com\/es\/wp-content\/uploads\/2025\/11\/WhatsApp-Image-2026-03-30-at-5.45.39-PM-1.jpeg\",\"width\":2048,\"height\":2048},{\"@type\":\"BreadcrumbList\",\"@id\":\"https:\/\/midulceesperastore.com\/es\/producto\/atuendo-de-primera-puesta-recien-nacido-personalizado-2-3\/#breadcrumb\",\"itemListElement\":[{\"@type\":\"ListItem\",\"position\":1,\"name\":\"Portada\",\"item\":\"https:\/\/midulceesperastore.com\/es\/\"},{\"@type\":\"ListItem\",\"position\":2,\"name\":\"Productos\",\"item\":\"https:\/\/midulceesperastore.com\/es\/kit-por-defecto\/\"},{\"@type\":\"ListItem\",\"position\":3,\"name\":\"primera puesta de Recien nacido\"}]},{\"@type\":\"WebSite\",\"@id\":\"https:\/\/midulceesperastore.com\/es\/#website\",\"url\":\"https:\/\/midulceesperastore.com\/es\/\",\"name\":\"Midulceesperastore\",\"description\":\"Set de Bienvenida para Beb\u00e9s\",\"publisher\":{\"@id\":\"https:\/\/midulceesperastore.com\/es\/#organization\"},\"potentialAction\":[{\"@type\":\"SearchAction\",\"target\":{\"@type\":\"EntryPoint\",\"urlTemplate\":\"https:\/\/midulceesperastore.com\/es\/?s={search_term_string}\"},\"query-input\":{\"@type\":\"PropertyValueSpecification\",\"valueRequired\":true,\"valueName\":\"search_term_string\"}}],\"inLanguage\":\"es\"},{\"@type\":\"Organization\",\"@id\":\"https:\/\/midulceesperastore.com\/es\/#organization\",\"name\":\"Midulceesperastore\",\"url\":\"https:\/\/midulceesperastore.com\/es\/\",\"logo\":{\"@type\":\"ImageObject\",\"inLanguage\":\"es\",\"@id\":\"https:\/\/midulceesperastore.com\/es\/#\/schema\/logo\/image\/\",\"url\":\"https:\/\/midulceesperastore.com\/es\/wp-content\/uploads\/2025\/12\/cropped-Set-de-Bienvenida-para-Bebes-1.png\",\"contentUrl\":\"https:\/\/midulceesperastore.com\/es\/wp-content\/uploads\/2025\/12\/cropped-Set-de-Bienvenida-para-Bebes-1.png\",\"width\":512,\"height\":512,\"caption\":\"Midulceesperastore\"},\"image\":{\"@id\":\"https:\/\/midulceesperastore.com\/es\/#\/schema\/logo\/image\/\"},\"sameAs\":[\"https:\/\/www.facebook.com\/people\/Mi-Dulce-Espera-L-L-C\/\"]}]}<\/script>\n<!-- \/ Yoast SEO plugin. -->","yoast_head_json":{"title":"primera puesta de Recien nacido - Midulceesperastore","robots":{"index":"index","follow":"follow","max-snippet":"max-snippet:-1","max-image-preview":"max-image-preview:large","max-video-preview":"max-video-preview:-1"},"canonical":"https:\/\/midulceesperastore.com\/es\/producto\/atuendo-de-primera-puesta-recien-nacido-personalizado-2-3\/","og_locale":"es_ES","og_type":"article","og_title":"primera puesta de Recien nacido - Midulceesperastore","og_description":"Contenido del set:     Conjunto largo de 6 piezas: incluye mameluco, gorro, abrigo,\u00a0 elaborados en espa\u00f1a 100% algod\u00f3n hipoalerg\u00e9nico, suaves y delicados con la piel del beb\u00e9.    Chupete elegante personalizado con clip de cadena: hecho en silicona de grado alimenticio, libre de BPA y PVC. Decorado con diamantes de imitaci\u00f3n efecto bling y protector en el mam\u00f3n.Recomendaciones: no hervir, no sumergir en agua ni usar en microondas.    Manta personalizada con nombre: lado frontal de tejido polar con burbujas en relieve y reverso de microfibra sherpa. Tama\u00f1o: 70 \u00d7 90 cm, ideal para la delicada piel del beb\u00e9.   Incluye: env\u00edo gratis y personalizaci\u00f3n gratuita. Precio: $160.00 Un set encantador que combina estilo, ternura y confort para los primeros d\u00edas del reci\u00e9n nacido.","og_url":"https:\/\/midulceesperastore.com\/es\/producto\/atuendo-de-primera-puesta-recien-nacido-personalizado-2-3\/","og_site_name":"Midulceesperastore","article_publisher":"https:\/\/www.facebook.com\/people\/Mi-Dulce-Espera-L-L-C\/","article_modified_time":"2026-03-30T22:38:21+00:00","og_image":[{"width":2048,"height":2048,"url":"https:\/\/midulceesperastore.com\/es\/wp-content\/uploads\/2025\/11\/WhatsApp-Image-2026-03-30-at-5.45.39-PM-1.jpeg","type":"image\/jpeg"}],"twitter_card":"summary_large_image","twitter_misc":{"Tiempo de lectura":"1 minuto"},"schema":{"@context":"https:\/\/schema.org","@graph":[{"@type":"WebPage","@id":"https:\/\/midulceesperastore.com\/es\/producto\/atuendo-de-primera-puesta-recien-nacido-personalizado-2-3\/","url":"https:\/\/midulceesperastore.com\/es\/producto\/atuendo-de-primera-puesta-recien-nacido-personalizado-2-3\/","name":"primera puesta de Recien nacido - Midulceesperastore","isPartOf":{"@id":"https:\/\/midulceesperastore.com\/es\/#website"},"primaryImageOfPage":{"@id":"https:\/\/midulceesperastore.com\/es\/producto\/atuendo-de-primera-puesta-recien-nacido-personalizado-2-3\/#primaryimage"},"image":{"@id":"https:\/\/midulceesperastore.com\/es\/producto\/atuendo-de-primera-puesta-recien-nacido-personalizado-2-3\/#primaryimage"},"thumbnailUrl":"https:\/\/midulceesperastore.com\/es\/wp-content\/uploads\/2025\/11\/WhatsApp-Image-2026-03-30-at-5.45.39-PM-1.jpeg","datePublished":"2026-03-30T22:38:20+00:00","dateModified":"2026-03-30T22:38:21+00:00","breadcrumb":{"@id":"https:\/\/midulceesperastore.com\/es\/producto\/atuendo-de-primera-puesta-recien-nacido-personalizado-2-3\/#breadcrumb"},"inLanguage":"es","potentialAction":[{"@type":"ReadAction","target":["https:\/\/midulceesperastore.com\/es\/producto\/atuendo-de-primera-puesta-recien-nacido-personalizado-2-3\/"]}]},{"@type":"ImageObject","inLanguage":"es","@id":"https:\/\/midulceesperastore.com\/es\/producto\/atuendo-de-primera-puesta-recien-nacido-personalizado-2-3\/#primaryimage","url":"https:\/\/midulceesperastore.com\/es\/wp-content\/uploads\/2025\/11\/WhatsApp-Image-2026-03-30-at-5.45.39-PM-1.jpeg","contentUrl":"https:\/\/midulceesperastore.com\/es\/wp-content\/uploads\/2025\/11\/WhatsApp-Image-2026-03-30-at-5.45.39-PM-1.jpeg","width":2048,"height":2048},{"@type":"BreadcrumbList","@id":"https:\/\/midulceesperastore.com\/es\/producto\/atuendo-de-primera-puesta-recien-nacido-personalizado-2-3\/#breadcrumb","itemListElement":[{"@type":"ListItem","position":1,"name":"Portada","item":"https:\/\/midulceesperastore.com\/es\/"},{"@type":"ListItem","position":2,"name":"Productos","item":"https:\/\/midulceesperastore.com\/es\/kit-por-defecto\/"},{"@type":"ListItem","position":3,"name":"primera puesta de Recien nacido"}]},{"@type":"WebSite","@id":"https:\/\/midulceesperastore.com\/es\/#website","url":"https:\/\/midulceesperastore.com\/es\/","name":"Midulceesperastore","description":"Set de Bienvenida para Beb\u00e9s","publisher":{"@id":"https:\/\/midulceesperastore.com\/es\/#organization"},"potentialAction":[{"@type":"SearchAction","target":{"@type":"EntryPoint","urlTemplate":"https:\/\/midulceesperastore.com\/es\/?s={search_term_string}"},"query-input":{"@type":"PropertyValueSpecification","valueRequired":true,"valueName":"search_term_string"}}],"inLanguage":"es"},{"@type":"Organization","@id":"https:\/\/midulceesperastore.com\/es\/#organization","name":"Midulceesperastore","url":"https:\/\/midulceesperastore.com\/es\/","logo":{"@type":"ImageObject","inLanguage":"es","@id":"https:\/\/midulceesperastore.com\/es\/#\/schema\/logo\/image\/","url":"https:\/\/midulceesperastore.com\/es\/wp-content\/uploads\/2025\/12\/cropped-Set-de-Bienvenida-para-Bebes-1.png","contentUrl":"https:\/\/midulceesperastore.com\/es\/wp-content\/uploads\/2025\/12\/cropped-Set-de-Bienvenida-para-Bebes-1.png","width":512,"height":512,"caption":"Midulceesperastore"},"image":{"@id":"https:\/\/midulceesperastore.com\/es\/#\/schema\/logo\/image\/"},"sameAs":["https:\/\/www.facebook.com\/people\/Mi-Dulce-Espera-L-L-C\/"]}]}},"_links":{"self":[{"href":"https:\/\/midulceesperastore.com\/es\/wp-json\/wp\/v2\/product\/2092","targetHints":{"allow":["GET"]}}],"collection":[{"href":"https:\/\/midulceesperastore.com\/es\/wp-json\/wp\/v2\/product"}],"about":[{"href":"https:\/\/midulceesperastore.com\/es\/wp-json\/wp\/v2\/types\/product"}],"replies":[{"embeddable":true,"href":"https:\/\/midulceesperastore.com\/es\/wp-json\/wp\/v2\/comments?post=2092"}],"wp:featuredmedia":[{"embeddable":true,"href":"https:\/\/midulceesperastore.com\/es\/wp-json\/wp\/v2\/media\/2077"}],"wp:attachment":[{"href":"https:\/\/midulceesperastore.com\/es\/wp-json\/wp\/v2\/media?parent=2092"}],"wp:term":[{"taxonomy":"product_brand","embeddable":true,"href":"https:\/\/midulceesperastore.com\/es\/wp-json\/wp\/v2\/product_brand?post=2092"},{"taxonomy":"product_cat","embeddable":true,"href":"https:\/\/midulceesperastore.com\/es\/wp-json\/wp\/v2\/product_cat?post=2092"},{"taxonomy":"product_tag","embeddable":true,"href":"https:\/\/midulceesperastore.com\/es\/wp-json\/wp\/v2\/product_tag?post=2092"}],"curies":[{"name":"wp","href":"https:\/\/api.w.org\/{rel}","templated":true}]}}