{"id":1749,"date":"2025-12-09T04:35:19","date_gmt":"2025-12-09T04:35:19","guid":{"rendered":"https:\/\/midulceesperastore.com\/es\/?post_type=product&#038;p=1749"},"modified":"2025-12-21T22:45:23","modified_gmt":"2025-12-21T22:45:23","slug":"set-de-primera-puesta-recien-nacido-blue","status":"publish","type":"product","link":"https:\/\/midulceesperastore.com\/es\/producto\/set-de-primera-puesta-recien-nacido-blue\/","title":{"rendered":"Set de Primera Puesta  Reci\u00e9n Nacido &#8211; Blue"},"content":{"rendered":"","protected":false},"excerpt":{"rendered":"<p data-start=\"505\" data-end=\"763\">Dale la bienvenida a tu beb\u00e9 con nuestro <strong data-start=\"546\" data-end=\"577\">Ajuar de nacimiento de lujo<\/strong>, dise\u00f1ado para brindar suavidad, comodidad y estilo desde los primeros d\u00edas. Este set exclusivo combina practicidad y elegancia, convirti\u00e9ndose en un regalo ideal para reci\u00e9n nacidos.<\/p>\n<p data-start=\"765\" data-end=\"789\"><strong data-start=\"765\" data-end=\"787\">Contenido del set:<\/strong><\/p>\n<ol data-start=\"790\" data-end=\"1443\">\n<li data-start=\"790\" data-end=\"959\">\n<p data-start=\"793\" data-end=\"959\"><strong data-start=\"793\" data-end=\"824\">Conjunto largo:<\/strong> incluye mameluco, gorro, guantes y zapatitos elaborados en <strong data-start=\"884\" data-end=\"915\">100% algod\u00f3n hipoalerg\u00e9nico<\/strong>, suaves y delicados con la piel del beb\u00e9.<\/p>\n<\/li>\n<\/ol>\n<p data-start=\"1445\" data-end=\"1493\"><strong data-start=\"1445\" data-end=\"1457\">Incluye:<\/strong> env\u00edo y personalizaci\u00f3n gratuita.<\/p>\n<p data-start=\"1495\" data-end=\"1516\"><strong data-start=\"1495\" data-end=\"1506\">Precio:<\/strong> $60<\/p>\n<p data-start=\"1518\" data-end=\"1618\" data-is-last-node=\"\" data-is-only-node=\"\">Un set encantador que combina estilo, ternura y confort para los primeros d\u00edas del reci\u00e9n nacido.<\/p>\n","protected":false},"featured_media":1747,"comment_status":"open","ping_status":"closed","template":"","meta":{"_joinchat":[]},"product_brand":[],"product_cat":[15,51,52,32,49,34,37],"product_tag":[],"class_list":{"0":"post-1749","1":"product","2":"type-product","3":"status-publish","4":"has-post-thumbnail","6":"product_cat-categoria-general","7":"product_cat-conjuntos-personalizados-para-bebes","8":"product_cat-mejor-mameluco-para-bebe-recien-nacido","9":"product_cat-pelele-y-gorro","10":"product_cat-primera-puesta-personalizada-para-bebes-bordado-incluido","11":"product_cat-ropa-de-bebes-recien-nacidos-ninos","12":"product_cat-set-de-bienvenida-para-bebes-recien-nacidos","13":"wcpa_has_options","15":"first","16":"instock","17":"shipping-taxable","18":"purchasable","19":"product-type-simple"},"yoast_head":"<!-- This site is optimized with the Yoast SEO plugin v26.8 - https:\/\/yoast.com\/product\/yoast-seo-wordpress\/ -->\n<title>Set de Primera Puesta Reci\u00e9n Nacido - Blue - Midulceesperastore<\/title>\n<meta name=\"robots\" content=\"index, follow, max-snippet:-1, max-image-preview:large, max-video-preview:-1\" \/>\n<link rel=\"canonical\" href=\"https:\/\/midulceesperastore.com\/es\/producto\/set-de-primera-puesta-recien-nacido-blue\/\" \/>\n<meta property=\"og:locale\" content=\"es_ES\" \/>\n<meta property=\"og:type\" content=\"article\" \/>\n<meta property=\"og:title\" content=\"Set de Primera Puesta Reci\u00e9n Nacido - Blue - Midulceesperastore\" \/>\n<meta property=\"og:description\" content=\"Dale la bienvenida a tu beb\u00e9 con nuestro Ajuar de nacimiento de lujo, dise\u00f1ado para brindar suavidad, comodidad y estilo desde los primeros d\u00edas. Este set exclusivo combina practicidad y elegancia, convirti\u00e9ndose en un regalo ideal para reci\u00e9n nacidos. Contenido del set:     Conjunto largo: incluye mameluco, gorro, guantes y zapatitos elaborados en 100% algod\u00f3n hipoalerg\u00e9nico, suaves y delicados con la piel del beb\u00e9.   Incluye: env\u00edo y personalizaci\u00f3n gratuita. Precio: $60 Un set encantador que combina estilo, ternura y confort para los primeros d\u00edas del reci\u00e9n nacido.\" \/>\n<meta property=\"og:url\" content=\"https:\/\/midulceesperastore.com\/es\/producto\/set-de-primera-puesta-recien-nacido-blue\/\" \/>\n<meta property=\"og:site_name\" content=\"Midulceesperastore\" \/>\n<meta property=\"article:publisher\" content=\"https:\/\/www.facebook.com\/people\/Mi-Dulce-Espera-L-L-C\/\" \/>\n<meta property=\"article:modified_time\" content=\"2025-12-21T22:45:23+00:00\" \/>\n<meta property=\"og:image\" content=\"https:\/\/midulceesperastore.com\/es\/wp-content\/uploads\/2025\/12\/WhatsApp-Image-2025-12-08-at-11.24.34-PM-1-e1765313959790.jpeg\" \/>\n\t<meta property=\"og:image:width\" content=\"700\" \/>\n\t<meta property=\"og:image:height\" content=\"700\" \/>\n\t<meta property=\"og:image:type\" content=\"image\/jpeg\" \/>\n<meta name=\"twitter:card\" content=\"summary_large_image\" \/>\n<meta name=\"twitter:label1\" content=\"Tiempo de lectura\" \/>\n\t<meta name=\"twitter:data1\" content=\"1 minuto\" \/>\n<script type=\"application\/ld+json\" class=\"yoast-schema-graph\">{\"@context\":\"https:\/\/schema.org\",\"@graph\":[{\"@type\":\"WebPage\",\"@id\":\"https:\/\/midulceesperastore.com\/es\/producto\/set-de-primera-puesta-recien-nacido-blue\/\",\"url\":\"https:\/\/midulceesperastore.com\/es\/producto\/set-de-primera-puesta-recien-nacido-blue\/\",\"name\":\"Set de Primera Puesta Reci\u00e9n Nacido - Blue - Midulceesperastore\",\"isPartOf\":{\"@id\":\"https:\/\/midulceesperastore.com\/es\/#website\"},\"primaryImageOfPage\":{\"@id\":\"https:\/\/midulceesperastore.com\/es\/producto\/set-de-primera-puesta-recien-nacido-blue\/#primaryimage\"},\"image\":{\"@id\":\"https:\/\/midulceesperastore.com\/es\/producto\/set-de-primera-puesta-recien-nacido-blue\/#primaryimage\"},\"thumbnailUrl\":\"https:\/\/midulceesperastore.com\/es\/wp-content\/uploads\/2025\/12\/WhatsApp-Image-2025-12-08-at-11.24.34-PM-1-e1765313959790.jpeg\",\"datePublished\":\"2025-12-09T04:35:19+00:00\",\"dateModified\":\"2025-12-21T22:45:23+00:00\",\"breadcrumb\":{\"@id\":\"https:\/\/midulceesperastore.com\/es\/producto\/set-de-primera-puesta-recien-nacido-blue\/#breadcrumb\"},\"inLanguage\":\"es\",\"potentialAction\":[{\"@type\":\"ReadAction\",\"target\":[\"https:\/\/midulceesperastore.com\/es\/producto\/set-de-primera-puesta-recien-nacido-blue\/\"]}]},{\"@type\":\"ImageObject\",\"inLanguage\":\"es\",\"@id\":\"https:\/\/midulceesperastore.com\/es\/producto\/set-de-primera-puesta-recien-nacido-blue\/#primaryimage\",\"url\":\"https:\/\/midulceesperastore.com\/es\/wp-content\/uploads\/2025\/12\/WhatsApp-Image-2025-12-08-at-11.24.34-PM-1-e1765313959790.jpeg\",\"contentUrl\":\"https:\/\/midulceesperastore.com\/es\/wp-content\/uploads\/2025\/12\/WhatsApp-Image-2025-12-08-at-11.24.34-PM-1-e1765313959790.jpeg\",\"width\":700,\"height\":700},{\"@type\":\"BreadcrumbList\",\"@id\":\"https:\/\/midulceesperastore.com\/es\/producto\/set-de-primera-puesta-recien-nacido-blue\/#breadcrumb\",\"itemListElement\":[{\"@type\":\"ListItem\",\"position\":1,\"name\":\"Portada\",\"item\":\"https:\/\/midulceesperastore.com\/es\/\"},{\"@type\":\"ListItem\",\"position\":2,\"name\":\"Productos\",\"item\":\"https:\/\/midulceesperastore.com\/es\/kit-por-defecto\/\"},{\"@type\":\"ListItem\",\"position\":3,\"name\":\"Set de Primera Puesta Reci\u00e9n Nacido &#8211; Blue\"}]},{\"@type\":\"WebSite\",\"@id\":\"https:\/\/midulceesperastore.com\/es\/#website\",\"url\":\"https:\/\/midulceesperastore.com\/es\/\",\"name\":\"Midulceesperastore\",\"description\":\"Set de Bienvenida para Beb\u00e9s\",\"publisher\":{\"@id\":\"https:\/\/midulceesperastore.com\/es\/#organization\"},\"potentialAction\":[{\"@type\":\"SearchAction\",\"target\":{\"@type\":\"EntryPoint\",\"urlTemplate\":\"https:\/\/midulceesperastore.com\/es\/?s={search_term_string}\"},\"query-input\":{\"@type\":\"PropertyValueSpecification\",\"valueRequired\":true,\"valueName\":\"search_term_string\"}}],\"inLanguage\":\"es\"},{\"@type\":\"Organization\",\"@id\":\"https:\/\/midulceesperastore.com\/es\/#organization\",\"name\":\"Midulceesperastore\",\"url\":\"https:\/\/midulceesperastore.com\/es\/\",\"logo\":{\"@type\":\"ImageObject\",\"inLanguage\":\"es\",\"@id\":\"https:\/\/midulceesperastore.com\/es\/#\/schema\/logo\/image\/\",\"url\":\"https:\/\/midulceesperastore.com\/es\/wp-content\/uploads\/2025\/12\/cropped-Set-de-Bienvenida-para-Bebes-1.png\",\"contentUrl\":\"https:\/\/midulceesperastore.com\/es\/wp-content\/uploads\/2025\/12\/cropped-Set-de-Bienvenida-para-Bebes-1.png\",\"width\":512,\"height\":512,\"caption\":\"Midulceesperastore\"},\"image\":{\"@id\":\"https:\/\/midulceesperastore.com\/es\/#\/schema\/logo\/image\/\"},\"sameAs\":[\"https:\/\/www.facebook.com\/people\/Mi-Dulce-Espera-L-L-C\/\"]}]}<\/script>\n<!-- \/ Yoast SEO plugin. -->","yoast_head_json":{"title":"Set de Primera Puesta Reci\u00e9n Nacido - Blue - Midulceesperastore","robots":{"index":"index","follow":"follow","max-snippet":"max-snippet:-1","max-image-preview":"max-image-preview:large","max-video-preview":"max-video-preview:-1"},"canonical":"https:\/\/midulceesperastore.com\/es\/producto\/set-de-primera-puesta-recien-nacido-blue\/","og_locale":"es_ES","og_type":"article","og_title":"Set de Primera Puesta Reci\u00e9n Nacido - Blue - Midulceesperastore","og_description":"Dale la bienvenida a tu beb\u00e9 con nuestro Ajuar de nacimiento de lujo, dise\u00f1ado para brindar suavidad, comodidad y estilo desde los primeros d\u00edas. Este set exclusivo combina practicidad y elegancia, convirti\u00e9ndose en un regalo ideal para reci\u00e9n nacidos. Contenido del set:     Conjunto largo: incluye mameluco, gorro, guantes y zapatitos elaborados en 100% algod\u00f3n hipoalerg\u00e9nico, suaves y delicados con la piel del beb\u00e9.   Incluye: env\u00edo y personalizaci\u00f3n gratuita. Precio: $60 Un set encantador que combina estilo, ternura y confort para los primeros d\u00edas del reci\u00e9n nacido.","og_url":"https:\/\/midulceesperastore.com\/es\/producto\/set-de-primera-puesta-recien-nacido-blue\/","og_site_name":"Midulceesperastore","article_publisher":"https:\/\/www.facebook.com\/people\/Mi-Dulce-Espera-L-L-C\/","article_modified_time":"2025-12-21T22:45:23+00:00","og_image":[{"width":700,"height":700,"url":"https:\/\/midulceesperastore.com\/es\/wp-content\/uploads\/2025\/12\/WhatsApp-Image-2025-12-08-at-11.24.34-PM-1-e1765313959790.jpeg","type":"image\/jpeg"}],"twitter_card":"summary_large_image","twitter_misc":{"Tiempo de lectura":"1 minuto"},"schema":{"@context":"https:\/\/schema.org","@graph":[{"@type":"WebPage","@id":"https:\/\/midulceesperastore.com\/es\/producto\/set-de-primera-puesta-recien-nacido-blue\/","url":"https:\/\/midulceesperastore.com\/es\/producto\/set-de-primera-puesta-recien-nacido-blue\/","name":"Set de Primera Puesta Reci\u00e9n Nacido - Blue - Midulceesperastore","isPartOf":{"@id":"https:\/\/midulceesperastore.com\/es\/#website"},"primaryImageOfPage":{"@id":"https:\/\/midulceesperastore.com\/es\/producto\/set-de-primera-puesta-recien-nacido-blue\/#primaryimage"},"image":{"@id":"https:\/\/midulceesperastore.com\/es\/producto\/set-de-primera-puesta-recien-nacido-blue\/#primaryimage"},"thumbnailUrl":"https:\/\/midulceesperastore.com\/es\/wp-content\/uploads\/2025\/12\/WhatsApp-Image-2025-12-08-at-11.24.34-PM-1-e1765313959790.jpeg","datePublished":"2025-12-09T04:35:19+00:00","dateModified":"2025-12-21T22:45:23+00:00","breadcrumb":{"@id":"https:\/\/midulceesperastore.com\/es\/producto\/set-de-primera-puesta-recien-nacido-blue\/#breadcrumb"},"inLanguage":"es","potentialAction":[{"@type":"ReadAction","target":["https:\/\/midulceesperastore.com\/es\/producto\/set-de-primera-puesta-recien-nacido-blue\/"]}]},{"@type":"ImageObject","inLanguage":"es","@id":"https:\/\/midulceesperastore.com\/es\/producto\/set-de-primera-puesta-recien-nacido-blue\/#primaryimage","url":"https:\/\/midulceesperastore.com\/es\/wp-content\/uploads\/2025\/12\/WhatsApp-Image-2025-12-08-at-11.24.34-PM-1-e1765313959790.jpeg","contentUrl":"https:\/\/midulceesperastore.com\/es\/wp-content\/uploads\/2025\/12\/WhatsApp-Image-2025-12-08-at-11.24.34-PM-1-e1765313959790.jpeg","width":700,"height":700},{"@type":"BreadcrumbList","@id":"https:\/\/midulceesperastore.com\/es\/producto\/set-de-primera-puesta-recien-nacido-blue\/#breadcrumb","itemListElement":[{"@type":"ListItem","position":1,"name":"Portada","item":"https:\/\/midulceesperastore.com\/es\/"},{"@type":"ListItem","position":2,"name":"Productos","item":"https:\/\/midulceesperastore.com\/es\/kit-por-defecto\/"},{"@type":"ListItem","position":3,"name":"Set de Primera Puesta Reci\u00e9n Nacido &#8211; Blue"}]},{"@type":"WebSite","@id":"https:\/\/midulceesperastore.com\/es\/#website","url":"https:\/\/midulceesperastore.com\/es\/","name":"Midulceesperastore","description":"Set de Bienvenida para Beb\u00e9s","publisher":{"@id":"https:\/\/midulceesperastore.com\/es\/#organization"},"potentialAction":[{"@type":"SearchAction","target":{"@type":"EntryPoint","urlTemplate":"https:\/\/midulceesperastore.com\/es\/?s={search_term_string}"},"query-input":{"@type":"PropertyValueSpecification","valueRequired":true,"valueName":"search_term_string"}}],"inLanguage":"es"},{"@type":"Organization","@id":"https:\/\/midulceesperastore.com\/es\/#organization","name":"Midulceesperastore","url":"https:\/\/midulceesperastore.com\/es\/","logo":{"@type":"ImageObject","inLanguage":"es","@id":"https:\/\/midulceesperastore.com\/es\/#\/schema\/logo\/image\/","url":"https:\/\/midulceesperastore.com\/es\/wp-content\/uploads\/2025\/12\/cropped-Set-de-Bienvenida-para-Bebes-1.png","contentUrl":"https:\/\/midulceesperastore.com\/es\/wp-content\/uploads\/2025\/12\/cropped-Set-de-Bienvenida-para-Bebes-1.png","width":512,"height":512,"caption":"Midulceesperastore"},"image":{"@id":"https:\/\/midulceesperastore.com\/es\/#\/schema\/logo\/image\/"},"sameAs":["https:\/\/www.facebook.com\/people\/Mi-Dulce-Espera-L-L-C\/"]}]}},"_links":{"self":[{"href":"https:\/\/midulceesperastore.com\/es\/wp-json\/wp\/v2\/product\/1749","targetHints":{"allow":["GET"]}}],"collection":[{"href":"https:\/\/midulceesperastore.com\/es\/wp-json\/wp\/v2\/product"}],"about":[{"href":"https:\/\/midulceesperastore.com\/es\/wp-json\/wp\/v2\/types\/product"}],"replies":[{"embeddable":true,"href":"https:\/\/midulceesperastore.com\/es\/wp-json\/wp\/v2\/comments?post=1749"}],"wp:featuredmedia":[{"embeddable":true,"href":"https:\/\/midulceesperastore.com\/es\/wp-json\/wp\/v2\/media\/1747"}],"wp:attachment":[{"href":"https:\/\/midulceesperastore.com\/es\/wp-json\/wp\/v2\/media?parent=1749"}],"wp:term":[{"taxonomy":"product_brand","embeddable":true,"href":"https:\/\/midulceesperastore.com\/es\/wp-json\/wp\/v2\/product_brand?post=1749"},{"taxonomy":"product_cat","embeddable":true,"href":"https:\/\/midulceesperastore.com\/es\/wp-json\/wp\/v2\/product_cat?post=1749"},{"taxonomy":"product_tag","embeddable":true,"href":"https:\/\/midulceesperastore.com\/es\/wp-json\/wp\/v2\/product_tag?post=1749"}],"curies":[{"name":"wp","href":"https:\/\/api.w.org\/{rel}","templated":true}]}}