{"id":1746,"date":"2025-12-09T04:29:29","date_gmt":"2025-12-09T04:29:29","guid":{"rendered":"https:\/\/midulceesperastore.com\/es\/?post_type=product&#038;p=1746"},"modified":"2025-12-21T22:46:42","modified_gmt":"2025-12-21T22:46:42","slug":"ajuar-de-primera-puesta-de-bebes-recien-nacidos-andre","status":"publish","type":"product","link":"https:\/\/midulceesperastore.com\/es\/producto\/ajuar-de-primera-puesta-de-bebes-recien-nacidos-andre\/","title":{"rendered":"Aj\u00faar de Primera Puesta de Beb\u00e9s &#8211; Reci\u00e9n Nacidos &#8211; Andr\u00e9"},"content":{"rendered":"","protected":false},"excerpt":{"rendered":"<p data-start=\"505\" data-end=\"763\">Dale la bienvenida a tu beb\u00e9 con nuestro <strong data-start=\"546\" data-end=\"577\">Ajuar de nacimiento de lujo<\/strong>, dise\u00f1ado para brindar suavidad, comodidad y estilo desde los primeros d\u00edas. Este set exclusivo combina practicidad y elegancia, convirti\u00e9ndose en un regalo ideal para reci\u00e9n nacidos.<\/p>\n<p data-start=\"765\" data-end=\"789\"><strong data-start=\"765\" data-end=\"787\">Contenido del set:<\/strong><\/p>\n<ol data-start=\"790\" data-end=\"1443\">\n<li data-start=\"790\" data-end=\"959\">\n<p data-start=\"793\" data-end=\"959\"><strong data-start=\"793\" data-end=\"824\">Conjunto largo de 6 piezas:<\/strong> incluye mameluco, gorro, guantes y zapatitos elaborados en <strong data-start=\"884\" data-end=\"915\">100% algod\u00f3n hipoalerg\u00e9nico<\/strong>, suaves y delicados con la piel del beb\u00e9.<\/p>\n<\/li>\n<li data-start=\"960\" data-end=\"1245\">\n<p data-start=\"963\" data-end=\"1245\"><strong data-start=\"963\" data-end=\"1017\">Chupete elegante personalizado con clip de cadena:<\/strong> fabricado en <strong data-start=\"1031\" data-end=\"1066\">silicona de calidad alimentaria<\/strong>, libre de BPA y PVC. Decorado con <strong data-start=\"1101\" data-end=\"1140\">diamantes de imitaci\u00f3n efecto bling<\/strong> y protector en el mam\u00f3n.<br data-start=\"1165\" data-end=\"1168\" \/><em data-start=\"1171\" data-end=\"1189\">Recomendaciones:<\/em> no hervir, no sumergir en agua ni usar en microondas.<\/p>\n<\/li>\n<li data-start=\"1246\" data-end=\"1443\">\n<p data-start=\"1249\" data-end=\"1443\"><strong data-start=\"1249\" data-end=\"1284\">Manta personalizada con nombre:<\/strong> lado frontal de <strong data-start=\"1301\" data-end=\"1347\">tejido polar suave con burbujas en relieve<\/strong> y reverso de <strong data-start=\"1361\" data-end=\"1382\">microfibra sherpa<\/strong>. Tama\u00f1o: 70 \u00d7 90 cm, ideal para la delicada piel del beb\u00e9.<\/p>\n<\/li>\n<\/ol>\n<p data-start=\"1445\" data-end=\"1493\"><strong data-start=\"1445\" data-end=\"1457\">Incluye:<\/strong> env\u00edo y personalizaci\u00f3n gratuita.<\/p>\n<p data-start=\"1495\" data-end=\"1516\"><strong data-start=\"1495\" data-end=\"1506\">Precio:<\/strong> $145.00<\/p>\n<p data-start=\"1518\" data-end=\"1618\" data-is-last-node=\"\" data-is-only-node=\"\">Un set encantador que combina estilo, ternura y confort para los primeros d\u00edas del reci\u00e9n nacido.<\/p>\n","protected":false},"featured_media":1748,"comment_status":"open","ping_status":"closed","template":"","meta":{"_joinchat":[]},"product_brand":[],"product_cat":[15,30,38,28,51,52,49,34,37,53],"product_tag":[],"class_list":{"0":"post-1746","1":"product","2":"type-product","3":"status-publish","4":"has-post-thumbnail","6":"product_cat-categoria-general","7":"product_cat-ajuar-de-nacimiento","8":"product_cat-colleciones","9":"product_cat-conjunto","10":"product_cat-conjuntos-personalizados-para-bebes","11":"product_cat-mejor-mameluco-para-bebe-recien-nacido","12":"product_cat-primera-puesta-personalizada-para-bebes-bordado-incluido","13":"product_cat-ropa-de-bebes-recien-nacidos-ninos","14":"product_cat-set-de-bienvenida-para-bebes-recien-nacidos","15":"product_cat-set-de-punto-espanol-bebes","16":"wcpa_has_options","18":"first","19":"instock","20":"shipping-taxable","21":"purchasable","22":"product-type-simple"},"yoast_head":"<!-- This site is optimized with the Yoast SEO plugin v26.8 - https:\/\/yoast.com\/product\/yoast-seo-wordpress\/ -->\n<title>Aj\u00faar de Primera Puesta de Beb\u00e9s - Reci\u00e9n Nacidos - Andr\u00e9 - Midulceesperastore<\/title>\n<meta name=\"robots\" content=\"index, follow, max-snippet:-1, max-image-preview:large, max-video-preview:-1\" \/>\n<link rel=\"canonical\" href=\"https:\/\/midulceesperastore.com\/es\/producto\/ajuar-de-primera-puesta-de-bebes-recien-nacidos-andre\/\" \/>\n<meta property=\"og:locale\" content=\"es_ES\" \/>\n<meta property=\"og:type\" content=\"article\" \/>\n<meta property=\"og:title\" content=\"Aj\u00faar de Primera Puesta de Beb\u00e9s - Reci\u00e9n Nacidos - Andr\u00e9 - Midulceesperastore\" \/>\n<meta property=\"og:description\" content=\"Dale la bienvenida a tu beb\u00e9 con nuestro Ajuar de nacimiento de lujo, dise\u00f1ado para brindar suavidad, comodidad y estilo desde los primeros d\u00edas. Este set exclusivo combina practicidad y elegancia, convirti\u00e9ndose en un regalo ideal para reci\u00e9n nacidos. Contenido del set:     Conjunto largo de 6 piezas: incluye mameluco, gorro, guantes y zapatitos elaborados en 100% algod\u00f3n hipoalerg\u00e9nico, suaves y delicados con la piel del beb\u00e9.    Chupete elegante personalizado con clip de cadena: fabricado en silicona de calidad alimentaria, libre de BPA y PVC. Decorado con diamantes de imitaci\u00f3n efecto bling y protector en el mam\u00f3n.Recomendaciones: no hervir, no sumergir en agua ni usar en microondas.    Manta personalizada con nombre: lado frontal de tejido polar suave con burbujas en relieve y reverso de microfibra sherpa. Tama\u00f1o: 70 \u00d7 90 cm, ideal para la delicada piel del beb\u00e9.   Incluye: env\u00edo y personalizaci\u00f3n gratuita. Precio: $145.00 Un set encantador que combina estilo, ternura y confort para los primeros d\u00edas del reci\u00e9n nacido.\" \/>\n<meta property=\"og:url\" content=\"https:\/\/midulceesperastore.com\/es\/producto\/ajuar-de-primera-puesta-de-bebes-recien-nacidos-andre\/\" \/>\n<meta property=\"og:site_name\" content=\"Midulceesperastore\" \/>\n<meta property=\"article:publisher\" content=\"https:\/\/www.facebook.com\/people\/Mi-Dulce-Espera-L-L-C\/\" \/>\n<meta property=\"article:modified_time\" content=\"2025-12-21T22:46:42+00:00\" \/>\n<meta property=\"og:image\" content=\"https:\/\/midulceesperastore.com\/es\/wp-content\/uploads\/2025\/12\/WhatsApp-Image-2025-12-08-at-11.24.34-PM-e1765313984681.jpeg\" \/>\n\t<meta property=\"og:image:width\" content=\"700\" \/>\n\t<meta property=\"og:image:height\" content=\"700\" \/>\n\t<meta property=\"og:image:type\" content=\"image\/jpeg\" \/>\n<meta name=\"twitter:card\" content=\"summary_large_image\" \/>\n<meta name=\"twitter:label1\" content=\"Tiempo de lectura\" \/>\n\t<meta name=\"twitter:data1\" content=\"1 minuto\" \/>\n<script type=\"application\/ld+json\" class=\"yoast-schema-graph\">{\"@context\":\"https:\/\/schema.org\",\"@graph\":[{\"@type\":\"WebPage\",\"@id\":\"https:\/\/midulceesperastore.com\/es\/producto\/ajuar-de-primera-puesta-de-bebes-recien-nacidos-andre\/\",\"url\":\"https:\/\/midulceesperastore.com\/es\/producto\/ajuar-de-primera-puesta-de-bebes-recien-nacidos-andre\/\",\"name\":\"Aj\u00faar de Primera Puesta de Beb\u00e9s - Reci\u00e9n Nacidos - Andr\u00e9 - Midulceesperastore\",\"isPartOf\":{\"@id\":\"https:\/\/midulceesperastore.com\/es\/#website\"},\"primaryImageOfPage\":{\"@id\":\"https:\/\/midulceesperastore.com\/es\/producto\/ajuar-de-primera-puesta-de-bebes-recien-nacidos-andre\/#primaryimage\"},\"image\":{\"@id\":\"https:\/\/midulceesperastore.com\/es\/producto\/ajuar-de-primera-puesta-de-bebes-recien-nacidos-andre\/#primaryimage\"},\"thumbnailUrl\":\"https:\/\/midulceesperastore.com\/es\/wp-content\/uploads\/2025\/12\/WhatsApp-Image-2025-12-08-at-11.24.34-PM-e1765313984681.jpeg\",\"datePublished\":\"2025-12-09T04:29:29+00:00\",\"dateModified\":\"2025-12-21T22:46:42+00:00\",\"breadcrumb\":{\"@id\":\"https:\/\/midulceesperastore.com\/es\/producto\/ajuar-de-primera-puesta-de-bebes-recien-nacidos-andre\/#breadcrumb\"},\"inLanguage\":\"es\",\"potentialAction\":[{\"@type\":\"ReadAction\",\"target\":[\"https:\/\/midulceesperastore.com\/es\/producto\/ajuar-de-primera-puesta-de-bebes-recien-nacidos-andre\/\"]}]},{\"@type\":\"ImageObject\",\"inLanguage\":\"es\",\"@id\":\"https:\/\/midulceesperastore.com\/es\/producto\/ajuar-de-primera-puesta-de-bebes-recien-nacidos-andre\/#primaryimage\",\"url\":\"https:\/\/midulceesperastore.com\/es\/wp-content\/uploads\/2025\/12\/WhatsApp-Image-2025-12-08-at-11.24.34-PM-e1765313984681.jpeg\",\"contentUrl\":\"https:\/\/midulceesperastore.com\/es\/wp-content\/uploads\/2025\/12\/WhatsApp-Image-2025-12-08-at-11.24.34-PM-e1765313984681.jpeg\",\"width\":700,\"height\":700},{\"@type\":\"BreadcrumbList\",\"@id\":\"https:\/\/midulceesperastore.com\/es\/producto\/ajuar-de-primera-puesta-de-bebes-recien-nacidos-andre\/#breadcrumb\",\"itemListElement\":[{\"@type\":\"ListItem\",\"position\":1,\"name\":\"Portada\",\"item\":\"https:\/\/midulceesperastore.com\/es\/\"},{\"@type\":\"ListItem\",\"position\":2,\"name\":\"Productos\",\"item\":\"https:\/\/midulceesperastore.com\/es\/kit-por-defecto\/\"},{\"@type\":\"ListItem\",\"position\":3,\"name\":\"Aj\u00faar de Primera Puesta de Beb\u00e9s &#8211; Reci\u00e9n Nacidos &#8211; Andr\u00e9\"}]},{\"@type\":\"WebSite\",\"@id\":\"https:\/\/midulceesperastore.com\/es\/#website\",\"url\":\"https:\/\/midulceesperastore.com\/es\/\",\"name\":\"Midulceesperastore\",\"description\":\"Set de Bienvenida para Beb\u00e9s\",\"publisher\":{\"@id\":\"https:\/\/midulceesperastore.com\/es\/#organization\"},\"potentialAction\":[{\"@type\":\"SearchAction\",\"target\":{\"@type\":\"EntryPoint\",\"urlTemplate\":\"https:\/\/midulceesperastore.com\/es\/?s={search_term_string}\"},\"query-input\":{\"@type\":\"PropertyValueSpecification\",\"valueRequired\":true,\"valueName\":\"search_term_string\"}}],\"inLanguage\":\"es\"},{\"@type\":\"Organization\",\"@id\":\"https:\/\/midulceesperastore.com\/es\/#organization\",\"name\":\"Midulceesperastore\",\"url\":\"https:\/\/midulceesperastore.com\/es\/\",\"logo\":{\"@type\":\"ImageObject\",\"inLanguage\":\"es\",\"@id\":\"https:\/\/midulceesperastore.com\/es\/#\/schema\/logo\/image\/\",\"url\":\"https:\/\/midulceesperastore.com\/es\/wp-content\/uploads\/2025\/12\/cropped-Set-de-Bienvenida-para-Bebes-1.png\",\"contentUrl\":\"https:\/\/midulceesperastore.com\/es\/wp-content\/uploads\/2025\/12\/cropped-Set-de-Bienvenida-para-Bebes-1.png\",\"width\":512,\"height\":512,\"caption\":\"Midulceesperastore\"},\"image\":{\"@id\":\"https:\/\/midulceesperastore.com\/es\/#\/schema\/logo\/image\/\"},\"sameAs\":[\"https:\/\/www.facebook.com\/people\/Mi-Dulce-Espera-L-L-C\/\"]}]}<\/script>\n<!-- \/ Yoast SEO plugin. -->","yoast_head_json":{"title":"Aj\u00faar de Primera Puesta de Beb\u00e9s - Reci\u00e9n Nacidos - Andr\u00e9 - Midulceesperastore","robots":{"index":"index","follow":"follow","max-snippet":"max-snippet:-1","max-image-preview":"max-image-preview:large","max-video-preview":"max-video-preview:-1"},"canonical":"https:\/\/midulceesperastore.com\/es\/producto\/ajuar-de-primera-puesta-de-bebes-recien-nacidos-andre\/","og_locale":"es_ES","og_type":"article","og_title":"Aj\u00faar de Primera Puesta de Beb\u00e9s - Reci\u00e9n Nacidos - Andr\u00e9 - Midulceesperastore","og_description":"Dale la bienvenida a tu beb\u00e9 con nuestro Ajuar de nacimiento de lujo, dise\u00f1ado para brindar suavidad, comodidad y estilo desde los primeros d\u00edas. Este set exclusivo combina practicidad y elegancia, convirti\u00e9ndose en un regalo ideal para reci\u00e9n nacidos. Contenido del set:     Conjunto largo de 6 piezas: incluye mameluco, gorro, guantes y zapatitos elaborados en 100% algod\u00f3n hipoalerg\u00e9nico, suaves y delicados con la piel del beb\u00e9.    Chupete elegante personalizado con clip de cadena: fabricado en silicona de calidad alimentaria, libre de BPA y PVC. Decorado con diamantes de imitaci\u00f3n efecto bling y protector en el mam\u00f3n.Recomendaciones: no hervir, no sumergir en agua ni usar en microondas.    Manta personalizada con nombre: lado frontal de tejido polar suave con burbujas en relieve y reverso de microfibra sherpa. Tama\u00f1o: 70 \u00d7 90 cm, ideal para la delicada piel del beb\u00e9.   Incluye: env\u00edo y personalizaci\u00f3n gratuita. Precio: $145.00 Un set encantador que combina estilo, ternura y confort para los primeros d\u00edas del reci\u00e9n nacido.","og_url":"https:\/\/midulceesperastore.com\/es\/producto\/ajuar-de-primera-puesta-de-bebes-recien-nacidos-andre\/","og_site_name":"Midulceesperastore","article_publisher":"https:\/\/www.facebook.com\/people\/Mi-Dulce-Espera-L-L-C\/","article_modified_time":"2025-12-21T22:46:42+00:00","og_image":[{"width":700,"height":700,"url":"https:\/\/midulceesperastore.com\/es\/wp-content\/uploads\/2025\/12\/WhatsApp-Image-2025-12-08-at-11.24.34-PM-e1765313984681.jpeg","type":"image\/jpeg"}],"twitter_card":"summary_large_image","twitter_misc":{"Tiempo de lectura":"1 minuto"},"schema":{"@context":"https:\/\/schema.org","@graph":[{"@type":"WebPage","@id":"https:\/\/midulceesperastore.com\/es\/producto\/ajuar-de-primera-puesta-de-bebes-recien-nacidos-andre\/","url":"https:\/\/midulceesperastore.com\/es\/producto\/ajuar-de-primera-puesta-de-bebes-recien-nacidos-andre\/","name":"Aj\u00faar de Primera Puesta de Beb\u00e9s - Reci\u00e9n Nacidos - Andr\u00e9 - Midulceesperastore","isPartOf":{"@id":"https:\/\/midulceesperastore.com\/es\/#website"},"primaryImageOfPage":{"@id":"https:\/\/midulceesperastore.com\/es\/producto\/ajuar-de-primera-puesta-de-bebes-recien-nacidos-andre\/#primaryimage"},"image":{"@id":"https:\/\/midulceesperastore.com\/es\/producto\/ajuar-de-primera-puesta-de-bebes-recien-nacidos-andre\/#primaryimage"},"thumbnailUrl":"https:\/\/midulceesperastore.com\/es\/wp-content\/uploads\/2025\/12\/WhatsApp-Image-2025-12-08-at-11.24.34-PM-e1765313984681.jpeg","datePublished":"2025-12-09T04:29:29+00:00","dateModified":"2025-12-21T22:46:42+00:00","breadcrumb":{"@id":"https:\/\/midulceesperastore.com\/es\/producto\/ajuar-de-primera-puesta-de-bebes-recien-nacidos-andre\/#breadcrumb"},"inLanguage":"es","potentialAction":[{"@type":"ReadAction","target":["https:\/\/midulceesperastore.com\/es\/producto\/ajuar-de-primera-puesta-de-bebes-recien-nacidos-andre\/"]}]},{"@type":"ImageObject","inLanguage":"es","@id":"https:\/\/midulceesperastore.com\/es\/producto\/ajuar-de-primera-puesta-de-bebes-recien-nacidos-andre\/#primaryimage","url":"https:\/\/midulceesperastore.com\/es\/wp-content\/uploads\/2025\/12\/WhatsApp-Image-2025-12-08-at-11.24.34-PM-e1765313984681.jpeg","contentUrl":"https:\/\/midulceesperastore.com\/es\/wp-content\/uploads\/2025\/12\/WhatsApp-Image-2025-12-08-at-11.24.34-PM-e1765313984681.jpeg","width":700,"height":700},{"@type":"BreadcrumbList","@id":"https:\/\/midulceesperastore.com\/es\/producto\/ajuar-de-primera-puesta-de-bebes-recien-nacidos-andre\/#breadcrumb","itemListElement":[{"@type":"ListItem","position":1,"name":"Portada","item":"https:\/\/midulceesperastore.com\/es\/"},{"@type":"ListItem","position":2,"name":"Productos","item":"https:\/\/midulceesperastore.com\/es\/kit-por-defecto\/"},{"@type":"ListItem","position":3,"name":"Aj\u00faar de Primera Puesta de Beb\u00e9s &#8211; Reci\u00e9n Nacidos &#8211; Andr\u00e9"}]},{"@type":"WebSite","@id":"https:\/\/midulceesperastore.com\/es\/#website","url":"https:\/\/midulceesperastore.com\/es\/","name":"Midulceesperastore","description":"Set de Bienvenida para Beb\u00e9s","publisher":{"@id":"https:\/\/midulceesperastore.com\/es\/#organization"},"potentialAction":[{"@type":"SearchAction","target":{"@type":"EntryPoint","urlTemplate":"https:\/\/midulceesperastore.com\/es\/?s={search_term_string}"},"query-input":{"@type":"PropertyValueSpecification","valueRequired":true,"valueName":"search_term_string"}}],"inLanguage":"es"},{"@type":"Organization","@id":"https:\/\/midulceesperastore.com\/es\/#organization","name":"Midulceesperastore","url":"https:\/\/midulceesperastore.com\/es\/","logo":{"@type":"ImageObject","inLanguage":"es","@id":"https:\/\/midulceesperastore.com\/es\/#\/schema\/logo\/image\/","url":"https:\/\/midulceesperastore.com\/es\/wp-content\/uploads\/2025\/12\/cropped-Set-de-Bienvenida-para-Bebes-1.png","contentUrl":"https:\/\/midulceesperastore.com\/es\/wp-content\/uploads\/2025\/12\/cropped-Set-de-Bienvenida-para-Bebes-1.png","width":512,"height":512,"caption":"Midulceesperastore"},"image":{"@id":"https:\/\/midulceesperastore.com\/es\/#\/schema\/logo\/image\/"},"sameAs":["https:\/\/www.facebook.com\/people\/Mi-Dulce-Espera-L-L-C\/"]}]}},"_links":{"self":[{"href":"https:\/\/midulceesperastore.com\/es\/wp-json\/wp\/v2\/product\/1746","targetHints":{"allow":["GET"]}}],"collection":[{"href":"https:\/\/midulceesperastore.com\/es\/wp-json\/wp\/v2\/product"}],"about":[{"href":"https:\/\/midulceesperastore.com\/es\/wp-json\/wp\/v2\/types\/product"}],"replies":[{"embeddable":true,"href":"https:\/\/midulceesperastore.com\/es\/wp-json\/wp\/v2\/comments?post=1746"}],"wp:featuredmedia":[{"embeddable":true,"href":"https:\/\/midulceesperastore.com\/es\/wp-json\/wp\/v2\/media\/1748"}],"wp:attachment":[{"href":"https:\/\/midulceesperastore.com\/es\/wp-json\/wp\/v2\/media?parent=1746"}],"wp:term":[{"taxonomy":"product_brand","embeddable":true,"href":"https:\/\/midulceesperastore.com\/es\/wp-json\/wp\/v2\/product_brand?post=1746"},{"taxonomy":"product_cat","embeddable":true,"href":"https:\/\/midulceesperastore.com\/es\/wp-json\/wp\/v2\/product_cat?post=1746"},{"taxonomy":"product_tag","embeddable":true,"href":"https:\/\/midulceesperastore.com\/es\/wp-json\/wp\/v2\/product_tag?post=1746"}],"curies":[{"name":"wp","href":"https:\/\/api.w.org\/{rel}","templated":true}]}}