{"id":1735,"date":"2025-12-09T03:30:09","date_gmt":"2025-12-09T03:30:09","guid":{"rendered":"https:\/\/midulceesperastore.com\/es\/?post_type=product&#038;p=1735"},"modified":"2025-12-21T22:48:55","modified_gmt":"2025-12-21T22:48:55","slug":"chupete-dorado-personalizado-de-lujo","status":"publish","type":"product","link":"https:\/\/midulceesperastore.com\/es\/producto\/chupete-dorado-personalizado-de-lujo\/","title":{"rendered":"Chupete  personalizado con clip de cadena-  para Beb\u00e9s"},"content":{"rendered":"","protected":false},"excerpt":{"rendered":"<p>Descubre elegantes Chupetes personalizados, crea un\u00a0 recuerdo \u00fanico y Especial.<\/p>\n<p>&nbsp;<\/p>\n<p>chupete elegante personalizado con clip de cadena exquisito para regalo de beb\u00e9s<br \/>\n100% sin BPA y PVC silicona de calidad alimentaria .<br \/>\nCuenta con diamantes de imitaci\u00f3n con clase y efecto bling<br \/>\nprotector en el mam\u00f3n.<br \/>\nrecomendaciones no hervir ni immerse chupete blin bling en el agua No microondas.<\/p>\n<p>Envio Gratis.<\/p>\n<p>Incluye nombre del Beb\u00e9<\/p>\n<p>costo de 35$<\/p>\n","protected":false},"featured_media":1718,"comment_status":"open","ping_status":"closed","template":"","meta":{"_joinchat":[]},"product_brand":[],"product_cat":[15,29,36,53],"product_tag":[],"class_list":{"0":"post-1735","1":"product","2":"type-product","3":"status-publish","4":"has-post-thumbnail","6":"product_cat-categoria-general","7":"product_cat-chupete-para-bebes","8":"product_cat-personalizado","9":"product_cat-set-de-punto-espanol-bebes","10":"wcpa_has_options","12":"first","13":"instock","14":"shipping-taxable","15":"purchasable","16":"product-type-simple"},"yoast_head":"<!-- This site is optimized with the Yoast SEO plugin v26.8 - https:\/\/yoast.com\/product\/yoast-seo-wordpress\/ -->\n<title>Chupete personalizado con clip de cadena- para Beb\u00e9s - Midulceesperastore<\/title>\n<meta name=\"robots\" content=\"index, follow, max-snippet:-1, max-image-preview:large, max-video-preview:-1\" \/>\n<link rel=\"canonical\" href=\"https:\/\/midulceesperastore.com\/es\/producto\/chupete-dorado-personalizado-de-lujo\/\" \/>\n<meta property=\"og:locale\" content=\"es_ES\" \/>\n<meta property=\"og:type\" content=\"article\" \/>\n<meta property=\"og:title\" content=\"Chupete personalizado con clip de cadena- para Beb\u00e9s - Midulceesperastore\" \/>\n<meta property=\"og:description\" content=\"Descubre elegantes Chupetes personalizados, crea un\u00a0 recuerdo \u00fanico y Especial.  &nbsp;  chupete elegante personalizado con clip de cadena exquisito para regalo de beb\u00e9s 100% sin BPA y PVC silicona de calidad alimentaria . Cuenta con diamantes de imitaci\u00f3n con clase y efecto bling protector en el mam\u00f3n. recomendaciones no hervir ni immerse chupete blin bling en el agua No microondas.  Envio Gratis.  Incluye nombre del Beb\u00e9  costo de 35$\" \/>\n<meta property=\"og:url\" content=\"https:\/\/midulceesperastore.com\/es\/producto\/chupete-dorado-personalizado-de-lujo\/\" \/>\n<meta property=\"og:site_name\" content=\"Midulceesperastore\" \/>\n<meta property=\"article:publisher\" content=\"https:\/\/www.facebook.com\/people\/Mi-Dulce-Espera-L-L-C\/\" \/>\n<meta property=\"article:modified_time\" content=\"2025-12-21T22:48:55+00:00\" \/>\n<meta property=\"og:image\" content=\"https:\/\/midulceesperastore.com\/es\/wp-content\/uploads\/2025\/12\/WhatsApp-Image-2025-10-14-at-8.42.50-PM.jpeg\" \/>\n\t<meta property=\"og:image:width\" content=\"2048\" \/>\n\t<meta property=\"og:image:height\" content=\"2048\" \/>\n\t<meta property=\"og:image:type\" content=\"image\/jpeg\" \/>\n<meta name=\"twitter:card\" content=\"summary_large_image\" \/>\n<meta name=\"twitter:label1\" content=\"Tiempo de lectura\" \/>\n\t<meta name=\"twitter:data1\" content=\"1 minuto\" \/>\n<script type=\"application\/ld+json\" class=\"yoast-schema-graph\">{\"@context\":\"https:\/\/schema.org\",\"@graph\":[{\"@type\":\"WebPage\",\"@id\":\"https:\/\/midulceesperastore.com\/es\/producto\/chupete-dorado-personalizado-de-lujo\/\",\"url\":\"https:\/\/midulceesperastore.com\/es\/producto\/chupete-dorado-personalizado-de-lujo\/\",\"name\":\"Chupete personalizado con clip de cadena- para Beb\u00e9s - Midulceesperastore\",\"isPartOf\":{\"@id\":\"https:\/\/midulceesperastore.com\/es\/#website\"},\"primaryImageOfPage\":{\"@id\":\"https:\/\/midulceesperastore.com\/es\/producto\/chupete-dorado-personalizado-de-lujo\/#primaryimage\"},\"image\":{\"@id\":\"https:\/\/midulceesperastore.com\/es\/producto\/chupete-dorado-personalizado-de-lujo\/#primaryimage\"},\"thumbnailUrl\":\"https:\/\/midulceesperastore.com\/es\/wp-content\/uploads\/2025\/12\/WhatsApp-Image-2025-10-14-at-8.42.50-PM.jpeg\",\"datePublished\":\"2025-12-09T03:30:09+00:00\",\"dateModified\":\"2025-12-21T22:48:55+00:00\",\"breadcrumb\":{\"@id\":\"https:\/\/midulceesperastore.com\/es\/producto\/chupete-dorado-personalizado-de-lujo\/#breadcrumb\"},\"inLanguage\":\"es\",\"potentialAction\":[{\"@type\":\"ReadAction\",\"target\":[\"https:\/\/midulceesperastore.com\/es\/producto\/chupete-dorado-personalizado-de-lujo\/\"]}]},{\"@type\":\"ImageObject\",\"inLanguage\":\"es\",\"@id\":\"https:\/\/midulceesperastore.com\/es\/producto\/chupete-dorado-personalizado-de-lujo\/#primaryimage\",\"url\":\"https:\/\/midulceesperastore.com\/es\/wp-content\/uploads\/2025\/12\/WhatsApp-Image-2025-10-14-at-8.42.50-PM.jpeg\",\"contentUrl\":\"https:\/\/midulceesperastore.com\/es\/wp-content\/uploads\/2025\/12\/WhatsApp-Image-2025-10-14-at-8.42.50-PM.jpeg\",\"width\":2048,\"height\":2048},{\"@type\":\"BreadcrumbList\",\"@id\":\"https:\/\/midulceesperastore.com\/es\/producto\/chupete-dorado-personalizado-de-lujo\/#breadcrumb\",\"itemListElement\":[{\"@type\":\"ListItem\",\"position\":1,\"name\":\"Portada\",\"item\":\"https:\/\/midulceesperastore.com\/es\/\"},{\"@type\":\"ListItem\",\"position\":2,\"name\":\"Productos\",\"item\":\"https:\/\/midulceesperastore.com\/es\/kit-por-defecto\/\"},{\"@type\":\"ListItem\",\"position\":3,\"name\":\"Chupete personalizado con clip de cadena- para Beb\u00e9s\"}]},{\"@type\":\"WebSite\",\"@id\":\"https:\/\/midulceesperastore.com\/es\/#website\",\"url\":\"https:\/\/midulceesperastore.com\/es\/\",\"name\":\"Midulceesperastore\",\"description\":\"Set de Bienvenida para Beb\u00e9s\",\"publisher\":{\"@id\":\"https:\/\/midulceesperastore.com\/es\/#organization\"},\"potentialAction\":[{\"@type\":\"SearchAction\",\"target\":{\"@type\":\"EntryPoint\",\"urlTemplate\":\"https:\/\/midulceesperastore.com\/es\/?s={search_term_string}\"},\"query-input\":{\"@type\":\"PropertyValueSpecification\",\"valueRequired\":true,\"valueName\":\"search_term_string\"}}],\"inLanguage\":\"es\"},{\"@type\":\"Organization\",\"@id\":\"https:\/\/midulceesperastore.com\/es\/#organization\",\"name\":\"Midulceesperastore\",\"url\":\"https:\/\/midulceesperastore.com\/es\/\",\"logo\":{\"@type\":\"ImageObject\",\"inLanguage\":\"es\",\"@id\":\"https:\/\/midulceesperastore.com\/es\/#\/schema\/logo\/image\/\",\"url\":\"https:\/\/midulceesperastore.com\/es\/wp-content\/uploads\/2025\/12\/cropped-Set-de-Bienvenida-para-Bebes-1.png\",\"contentUrl\":\"https:\/\/midulceesperastore.com\/es\/wp-content\/uploads\/2025\/12\/cropped-Set-de-Bienvenida-para-Bebes-1.png\",\"width\":512,\"height\":512,\"caption\":\"Midulceesperastore\"},\"image\":{\"@id\":\"https:\/\/midulceesperastore.com\/es\/#\/schema\/logo\/image\/\"},\"sameAs\":[\"https:\/\/www.facebook.com\/people\/Mi-Dulce-Espera-L-L-C\/\"]}]}<\/script>\n<!-- \/ Yoast SEO plugin. -->","yoast_head_json":{"title":"Chupete personalizado con clip de cadena- para Beb\u00e9s - Midulceesperastore","robots":{"index":"index","follow":"follow","max-snippet":"max-snippet:-1","max-image-preview":"max-image-preview:large","max-video-preview":"max-video-preview:-1"},"canonical":"https:\/\/midulceesperastore.com\/es\/producto\/chupete-dorado-personalizado-de-lujo\/","og_locale":"es_ES","og_type":"article","og_title":"Chupete personalizado con clip de cadena- para Beb\u00e9s - Midulceesperastore","og_description":"Descubre elegantes Chupetes personalizados, crea un\u00a0 recuerdo \u00fanico y Especial.  &nbsp;  chupete elegante personalizado con clip de cadena exquisito para regalo de beb\u00e9s 100% sin BPA y PVC silicona de calidad alimentaria . Cuenta con diamantes de imitaci\u00f3n con clase y efecto bling protector en el mam\u00f3n. recomendaciones no hervir ni immerse chupete blin bling en el agua No microondas.  Envio Gratis.  Incluye nombre del Beb\u00e9  costo de 35$","og_url":"https:\/\/midulceesperastore.com\/es\/producto\/chupete-dorado-personalizado-de-lujo\/","og_site_name":"Midulceesperastore","article_publisher":"https:\/\/www.facebook.com\/people\/Mi-Dulce-Espera-L-L-C\/","article_modified_time":"2025-12-21T22:48:55+00:00","og_image":[{"width":2048,"height":2048,"url":"https:\/\/midulceesperastore.com\/es\/wp-content\/uploads\/2025\/12\/WhatsApp-Image-2025-10-14-at-8.42.50-PM.jpeg","type":"image\/jpeg"}],"twitter_card":"summary_large_image","twitter_misc":{"Tiempo de lectura":"1 minuto"},"schema":{"@context":"https:\/\/schema.org","@graph":[{"@type":"WebPage","@id":"https:\/\/midulceesperastore.com\/es\/producto\/chupete-dorado-personalizado-de-lujo\/","url":"https:\/\/midulceesperastore.com\/es\/producto\/chupete-dorado-personalizado-de-lujo\/","name":"Chupete personalizado con clip de cadena- para Beb\u00e9s - Midulceesperastore","isPartOf":{"@id":"https:\/\/midulceesperastore.com\/es\/#website"},"primaryImageOfPage":{"@id":"https:\/\/midulceesperastore.com\/es\/producto\/chupete-dorado-personalizado-de-lujo\/#primaryimage"},"image":{"@id":"https:\/\/midulceesperastore.com\/es\/producto\/chupete-dorado-personalizado-de-lujo\/#primaryimage"},"thumbnailUrl":"https:\/\/midulceesperastore.com\/es\/wp-content\/uploads\/2025\/12\/WhatsApp-Image-2025-10-14-at-8.42.50-PM.jpeg","datePublished":"2025-12-09T03:30:09+00:00","dateModified":"2025-12-21T22:48:55+00:00","breadcrumb":{"@id":"https:\/\/midulceesperastore.com\/es\/producto\/chupete-dorado-personalizado-de-lujo\/#breadcrumb"},"inLanguage":"es","potentialAction":[{"@type":"ReadAction","target":["https:\/\/midulceesperastore.com\/es\/producto\/chupete-dorado-personalizado-de-lujo\/"]}]},{"@type":"ImageObject","inLanguage":"es","@id":"https:\/\/midulceesperastore.com\/es\/producto\/chupete-dorado-personalizado-de-lujo\/#primaryimage","url":"https:\/\/midulceesperastore.com\/es\/wp-content\/uploads\/2025\/12\/WhatsApp-Image-2025-10-14-at-8.42.50-PM.jpeg","contentUrl":"https:\/\/midulceesperastore.com\/es\/wp-content\/uploads\/2025\/12\/WhatsApp-Image-2025-10-14-at-8.42.50-PM.jpeg","width":2048,"height":2048},{"@type":"BreadcrumbList","@id":"https:\/\/midulceesperastore.com\/es\/producto\/chupete-dorado-personalizado-de-lujo\/#breadcrumb","itemListElement":[{"@type":"ListItem","position":1,"name":"Portada","item":"https:\/\/midulceesperastore.com\/es\/"},{"@type":"ListItem","position":2,"name":"Productos","item":"https:\/\/midulceesperastore.com\/es\/kit-por-defecto\/"},{"@type":"ListItem","position":3,"name":"Chupete personalizado con clip de cadena- para Beb\u00e9s"}]},{"@type":"WebSite","@id":"https:\/\/midulceesperastore.com\/es\/#website","url":"https:\/\/midulceesperastore.com\/es\/","name":"Midulceesperastore","description":"Set de Bienvenida para Beb\u00e9s","publisher":{"@id":"https:\/\/midulceesperastore.com\/es\/#organization"},"potentialAction":[{"@type":"SearchAction","target":{"@type":"EntryPoint","urlTemplate":"https:\/\/midulceesperastore.com\/es\/?s={search_term_string}"},"query-input":{"@type":"PropertyValueSpecification","valueRequired":true,"valueName":"search_term_string"}}],"inLanguage":"es"},{"@type":"Organization","@id":"https:\/\/midulceesperastore.com\/es\/#organization","name":"Midulceesperastore","url":"https:\/\/midulceesperastore.com\/es\/","logo":{"@type":"ImageObject","inLanguage":"es","@id":"https:\/\/midulceesperastore.com\/es\/#\/schema\/logo\/image\/","url":"https:\/\/midulceesperastore.com\/es\/wp-content\/uploads\/2025\/12\/cropped-Set-de-Bienvenida-para-Bebes-1.png","contentUrl":"https:\/\/midulceesperastore.com\/es\/wp-content\/uploads\/2025\/12\/cropped-Set-de-Bienvenida-para-Bebes-1.png","width":512,"height":512,"caption":"Midulceesperastore"},"image":{"@id":"https:\/\/midulceesperastore.com\/es\/#\/schema\/logo\/image\/"},"sameAs":["https:\/\/www.facebook.com\/people\/Mi-Dulce-Espera-L-L-C\/"]}]}},"_links":{"self":[{"href":"https:\/\/midulceesperastore.com\/es\/wp-json\/wp\/v2\/product\/1735","targetHints":{"allow":["GET"]}}],"collection":[{"href":"https:\/\/midulceesperastore.com\/es\/wp-json\/wp\/v2\/product"}],"about":[{"href":"https:\/\/midulceesperastore.com\/es\/wp-json\/wp\/v2\/types\/product"}],"replies":[{"embeddable":true,"href":"https:\/\/midulceesperastore.com\/es\/wp-json\/wp\/v2\/comments?post=1735"}],"wp:featuredmedia":[{"embeddable":true,"href":"https:\/\/midulceesperastore.com\/es\/wp-json\/wp\/v2\/media\/1718"}],"wp:attachment":[{"href":"https:\/\/midulceesperastore.com\/es\/wp-json\/wp\/v2\/media?parent=1735"}],"wp:term":[{"taxonomy":"product_brand","embeddable":true,"href":"https:\/\/midulceesperastore.com\/es\/wp-json\/wp\/v2\/product_brand?post=1735"},{"taxonomy":"product_cat","embeddable":true,"href":"https:\/\/midulceesperastore.com\/es\/wp-json\/wp\/v2\/product_cat?post=1735"},{"taxonomy":"product_tag","embeddable":true,"href":"https:\/\/midulceesperastore.com\/es\/wp-json\/wp\/v2\/product_tag?post=1735"}],"curies":[{"name":"wp","href":"https:\/\/api.w.org\/{rel}","templated":true}]}}