{"id":1733,"date":"2025-12-09T03:16:05","date_gmt":"2025-12-09T03:16:05","guid":{"rendered":"https:\/\/midulceesperastore.com\/es\/?post_type=product&#038;p=1733"},"modified":"2026-03-30T21:29:17","modified_gmt":"2026-03-30T21:29:17","slug":"daniel","status":"publish","type":"product","link":"https:\/\/midulceesperastore.com\/es\/producto\/daniel\/","title":{"rendered":"Conjunto para Beb\u00e9s Renci\u00e9n Nacidos- Daniel"},"content":{"rendered":"","protected":false},"excerpt":{"rendered":"<p>Ajuar de nacimiento<br \/>\nDescubre nuestros set personalizados de lujo en la dulce espera.<\/p>\n<p>size 0-3 M para beb\u00e9s de 0 a 9.5 libras<br \/>\nconjunto largo de\u00a0 gorro abrigo y mameluco 100% algod\u00f3n.<\/p>\n<p>Material<\/p>\n<p>1. conjunto Largo 100% hipoalerg\u00e9nico incluye abrigo mameluco y gorro<\/p>\n<p>personalizado Gratuito<\/p>\n<p>Envio Gratis<\/p>\n<p>precio de 88$<\/p>\n","protected":false},"featured_media":1714,"comment_status":"open","ping_status":"closed","template":"","meta":{"_joinchat":[]},"product_brand":[],"product_cat":[15,51,52,32,36,49,34,53,35],"product_tag":[],"class_list":{"0":"post-1733","1":"product","2":"type-product","3":"status-publish","4":"has-post-thumbnail","6":"product_cat-categoria-general","7":"product_cat-conjuntos-personalizados-para-bebes","8":"product_cat-mejor-mameluco-para-bebe-recien-nacido","9":"product_cat-pelele-y-gorro","10":"product_cat-personalizado","11":"product_cat-primera-puesta-personalizada-para-bebes-bordado-incluido","12":"product_cat-ropa-de-bebes-recien-nacidos-ninos","13":"product_cat-set-de-punto-espanol-bebes","14":"product_cat-set-tejido","15":"wcpa_has_options","17":"first","18":"instock","19":"shipping-taxable","20":"purchasable","21":"product-type-simple"},"yoast_head":"<!-- This site is optimized with the Yoast SEO plugin v26.8 - https:\/\/yoast.com\/product\/yoast-seo-wordpress\/ -->\n<title>Conjunto para Beb\u00e9s Renci\u00e9n Nacidos- Daniel - Midulceesperastore<\/title>\n<meta name=\"description\" content=\"Ajuar de nacimiento para reci\u00e9n nacido personalizado 100% algod\u00f3n hipoalerg\u00e9nico. incluye abrigo mameluco y gorrito su tejido natural y suave protege.\" \/>\n<meta name=\"robots\" content=\"index, follow, max-snippet:-1, max-image-preview:large, max-video-preview:-1\" \/>\n<link rel=\"canonical\" href=\"https:\/\/midulceesperastore.com\/es\/producto\/daniel\/\" \/>\n<meta property=\"og:locale\" content=\"es_ES\" \/>\n<meta property=\"og:type\" content=\"article\" \/>\n<meta property=\"og:title\" content=\"Conjunto para Beb\u00e9s Renci\u00e9n Nacidos- Daniel - Midulceesperastore\" \/>\n<meta property=\"og:description\" content=\"Ajuar de nacimiento para reci\u00e9n nacido personalizado 100% algod\u00f3n hipoalerg\u00e9nico. incluye abrigo mameluco y gorrito su tejido natural y suave protege.\" \/>\n<meta property=\"og:url\" content=\"https:\/\/midulceesperastore.com\/es\/producto\/daniel\/\" \/>\n<meta property=\"og:site_name\" content=\"Midulceesperastore\" \/>\n<meta property=\"article:publisher\" content=\"https:\/\/www.facebook.com\/people\/Mi-Dulce-Espera-L-L-C\/\" \/>\n<meta property=\"article:modified_time\" content=\"2026-03-30T21:29:17+00:00\" \/>\n<meta property=\"og:image\" content=\"https:\/\/midulceesperastore.com\/es\/wp-content\/uploads\/2025\/12\/WhatsApp-Image-2025-12-08-at-8.41.34-PM.jpeg\" \/>\n\t<meta property=\"og:image:width\" content=\"2048\" \/>\n\t<meta property=\"og:image:height\" content=\"2048\" \/>\n\t<meta property=\"og:image:type\" content=\"image\/jpeg\" \/>\n<meta name=\"twitter:card\" content=\"summary_large_image\" \/>\n<meta name=\"twitter:label1\" content=\"Tiempo de lectura\" \/>\n\t<meta name=\"twitter:data1\" content=\"1 minuto\" \/>\n<script type=\"application\/ld+json\" class=\"yoast-schema-graph\">{\"@context\":\"https:\/\/schema.org\",\"@graph\":[{\"@type\":\"WebPage\",\"@id\":\"https:\/\/midulceesperastore.com\/es\/producto\/daniel\/\",\"url\":\"https:\/\/midulceesperastore.com\/es\/producto\/daniel\/\",\"name\":\"Conjunto para Beb\u00e9s Renci\u00e9n Nacidos- Daniel - Midulceesperastore\",\"isPartOf\":{\"@id\":\"https:\/\/midulceesperastore.com\/es\/#website\"},\"primaryImageOfPage\":{\"@id\":\"https:\/\/midulceesperastore.com\/es\/producto\/daniel\/#primaryimage\"},\"image\":{\"@id\":\"https:\/\/midulceesperastore.com\/es\/producto\/daniel\/#primaryimage\"},\"thumbnailUrl\":\"https:\/\/midulceesperastore.com\/es\/wp-content\/uploads\/2025\/12\/WhatsApp-Image-2025-12-08-at-8.41.34-PM.jpeg\",\"datePublished\":\"2025-12-09T03:16:05+00:00\",\"dateModified\":\"2026-03-30T21:29:17+00:00\",\"description\":\"Ajuar de nacimiento para reci\u00e9n nacido personalizado 100% algod\u00f3n hipoalerg\u00e9nico. incluye abrigo mameluco y gorrito su tejido natural y suave protege.\",\"breadcrumb\":{\"@id\":\"https:\/\/midulceesperastore.com\/es\/producto\/daniel\/#breadcrumb\"},\"inLanguage\":\"es\",\"potentialAction\":[{\"@type\":\"ReadAction\",\"target\":[\"https:\/\/midulceesperastore.com\/es\/producto\/daniel\/\"]}]},{\"@type\":\"ImageObject\",\"inLanguage\":\"es\",\"@id\":\"https:\/\/midulceesperastore.com\/es\/producto\/daniel\/#primaryimage\",\"url\":\"https:\/\/midulceesperastore.com\/es\/wp-content\/uploads\/2025\/12\/WhatsApp-Image-2025-12-08-at-8.41.34-PM.jpeg\",\"contentUrl\":\"https:\/\/midulceesperastore.com\/es\/wp-content\/uploads\/2025\/12\/WhatsApp-Image-2025-12-08-at-8.41.34-PM.jpeg\",\"width\":2048,\"height\":2048},{\"@type\":\"BreadcrumbList\",\"@id\":\"https:\/\/midulceesperastore.com\/es\/producto\/daniel\/#breadcrumb\",\"itemListElement\":[{\"@type\":\"ListItem\",\"position\":1,\"name\":\"Portada\",\"item\":\"https:\/\/midulceesperastore.com\/es\/\"},{\"@type\":\"ListItem\",\"position\":2,\"name\":\"Productos\",\"item\":\"https:\/\/midulceesperastore.com\/es\/kit-por-defecto\/\"},{\"@type\":\"ListItem\",\"position\":3,\"name\":\"Conjunto para Beb\u00e9s Renci\u00e9n Nacidos- Daniel\"}]},{\"@type\":\"WebSite\",\"@id\":\"https:\/\/midulceesperastore.com\/es\/#website\",\"url\":\"https:\/\/midulceesperastore.com\/es\/\",\"name\":\"Midulceesperastore\",\"description\":\"Set de Bienvenida para Beb\u00e9s\",\"publisher\":{\"@id\":\"https:\/\/midulceesperastore.com\/es\/#organization\"},\"potentialAction\":[{\"@type\":\"SearchAction\",\"target\":{\"@type\":\"EntryPoint\",\"urlTemplate\":\"https:\/\/midulceesperastore.com\/es\/?s={search_term_string}\"},\"query-input\":{\"@type\":\"PropertyValueSpecification\",\"valueRequired\":true,\"valueName\":\"search_term_string\"}}],\"inLanguage\":\"es\"},{\"@type\":\"Organization\",\"@id\":\"https:\/\/midulceesperastore.com\/es\/#organization\",\"name\":\"Midulceesperastore\",\"url\":\"https:\/\/midulceesperastore.com\/es\/\",\"logo\":{\"@type\":\"ImageObject\",\"inLanguage\":\"es\",\"@id\":\"https:\/\/midulceesperastore.com\/es\/#\/schema\/logo\/image\/\",\"url\":\"https:\/\/midulceesperastore.com\/es\/wp-content\/uploads\/2025\/12\/cropped-Set-de-Bienvenida-para-Bebes-1.png\",\"contentUrl\":\"https:\/\/midulceesperastore.com\/es\/wp-content\/uploads\/2025\/12\/cropped-Set-de-Bienvenida-para-Bebes-1.png\",\"width\":512,\"height\":512,\"caption\":\"Midulceesperastore\"},\"image\":{\"@id\":\"https:\/\/midulceesperastore.com\/es\/#\/schema\/logo\/image\/\"},\"sameAs\":[\"https:\/\/www.facebook.com\/people\/Mi-Dulce-Espera-L-L-C\/\"]}]}<\/script>\n<!-- \/ Yoast SEO plugin. -->","yoast_head_json":{"title":"Conjunto para Beb\u00e9s Renci\u00e9n Nacidos- Daniel - Midulceesperastore","description":"Ajuar de nacimiento para reci\u00e9n nacido personalizado 100% algod\u00f3n hipoalerg\u00e9nico. incluye abrigo mameluco y gorrito su tejido natural y suave protege.","robots":{"index":"index","follow":"follow","max-snippet":"max-snippet:-1","max-image-preview":"max-image-preview:large","max-video-preview":"max-video-preview:-1"},"canonical":"https:\/\/midulceesperastore.com\/es\/producto\/daniel\/","og_locale":"es_ES","og_type":"article","og_title":"Conjunto para Beb\u00e9s Renci\u00e9n Nacidos- Daniel - Midulceesperastore","og_description":"Ajuar de nacimiento para reci\u00e9n nacido personalizado 100% algod\u00f3n hipoalerg\u00e9nico. incluye abrigo mameluco y gorrito su tejido natural y suave protege.","og_url":"https:\/\/midulceesperastore.com\/es\/producto\/daniel\/","og_site_name":"Midulceesperastore","article_publisher":"https:\/\/www.facebook.com\/people\/Mi-Dulce-Espera-L-L-C\/","article_modified_time":"2026-03-30T21:29:17+00:00","og_image":[{"width":2048,"height":2048,"url":"https:\/\/midulceesperastore.com\/es\/wp-content\/uploads\/2025\/12\/WhatsApp-Image-2025-12-08-at-8.41.34-PM.jpeg","type":"image\/jpeg"}],"twitter_card":"summary_large_image","twitter_misc":{"Tiempo de lectura":"1 minuto"},"schema":{"@context":"https:\/\/schema.org","@graph":[{"@type":"WebPage","@id":"https:\/\/midulceesperastore.com\/es\/producto\/daniel\/","url":"https:\/\/midulceesperastore.com\/es\/producto\/daniel\/","name":"Conjunto para Beb\u00e9s Renci\u00e9n Nacidos- Daniel - Midulceesperastore","isPartOf":{"@id":"https:\/\/midulceesperastore.com\/es\/#website"},"primaryImageOfPage":{"@id":"https:\/\/midulceesperastore.com\/es\/producto\/daniel\/#primaryimage"},"image":{"@id":"https:\/\/midulceesperastore.com\/es\/producto\/daniel\/#primaryimage"},"thumbnailUrl":"https:\/\/midulceesperastore.com\/es\/wp-content\/uploads\/2025\/12\/WhatsApp-Image-2025-12-08-at-8.41.34-PM.jpeg","datePublished":"2025-12-09T03:16:05+00:00","dateModified":"2026-03-30T21:29:17+00:00","description":"Ajuar de nacimiento para reci\u00e9n nacido personalizado 100% algod\u00f3n hipoalerg\u00e9nico. incluye abrigo mameluco y gorrito su tejido natural y suave protege.","breadcrumb":{"@id":"https:\/\/midulceesperastore.com\/es\/producto\/daniel\/#breadcrumb"},"inLanguage":"es","potentialAction":[{"@type":"ReadAction","target":["https:\/\/midulceesperastore.com\/es\/producto\/daniel\/"]}]},{"@type":"ImageObject","inLanguage":"es","@id":"https:\/\/midulceesperastore.com\/es\/producto\/daniel\/#primaryimage","url":"https:\/\/midulceesperastore.com\/es\/wp-content\/uploads\/2025\/12\/WhatsApp-Image-2025-12-08-at-8.41.34-PM.jpeg","contentUrl":"https:\/\/midulceesperastore.com\/es\/wp-content\/uploads\/2025\/12\/WhatsApp-Image-2025-12-08-at-8.41.34-PM.jpeg","width":2048,"height":2048},{"@type":"BreadcrumbList","@id":"https:\/\/midulceesperastore.com\/es\/producto\/daniel\/#breadcrumb","itemListElement":[{"@type":"ListItem","position":1,"name":"Portada","item":"https:\/\/midulceesperastore.com\/es\/"},{"@type":"ListItem","position":2,"name":"Productos","item":"https:\/\/midulceesperastore.com\/es\/kit-por-defecto\/"},{"@type":"ListItem","position":3,"name":"Conjunto para Beb\u00e9s Renci\u00e9n Nacidos- Daniel"}]},{"@type":"WebSite","@id":"https:\/\/midulceesperastore.com\/es\/#website","url":"https:\/\/midulceesperastore.com\/es\/","name":"Midulceesperastore","description":"Set de Bienvenida para Beb\u00e9s","publisher":{"@id":"https:\/\/midulceesperastore.com\/es\/#organization"},"potentialAction":[{"@type":"SearchAction","target":{"@type":"EntryPoint","urlTemplate":"https:\/\/midulceesperastore.com\/es\/?s={search_term_string}"},"query-input":{"@type":"PropertyValueSpecification","valueRequired":true,"valueName":"search_term_string"}}],"inLanguage":"es"},{"@type":"Organization","@id":"https:\/\/midulceesperastore.com\/es\/#organization","name":"Midulceesperastore","url":"https:\/\/midulceesperastore.com\/es\/","logo":{"@type":"ImageObject","inLanguage":"es","@id":"https:\/\/midulceesperastore.com\/es\/#\/schema\/logo\/image\/","url":"https:\/\/midulceesperastore.com\/es\/wp-content\/uploads\/2025\/12\/cropped-Set-de-Bienvenida-para-Bebes-1.png","contentUrl":"https:\/\/midulceesperastore.com\/es\/wp-content\/uploads\/2025\/12\/cropped-Set-de-Bienvenida-para-Bebes-1.png","width":512,"height":512,"caption":"Midulceesperastore"},"image":{"@id":"https:\/\/midulceesperastore.com\/es\/#\/schema\/logo\/image\/"},"sameAs":["https:\/\/www.facebook.com\/people\/Mi-Dulce-Espera-L-L-C\/"]}]}},"_links":{"self":[{"href":"https:\/\/midulceesperastore.com\/es\/wp-json\/wp\/v2\/product\/1733","targetHints":{"allow":["GET"]}}],"collection":[{"href":"https:\/\/midulceesperastore.com\/es\/wp-json\/wp\/v2\/product"}],"about":[{"href":"https:\/\/midulceesperastore.com\/es\/wp-json\/wp\/v2\/types\/product"}],"replies":[{"embeddable":true,"href":"https:\/\/midulceesperastore.com\/es\/wp-json\/wp\/v2\/comments?post=1733"}],"wp:featuredmedia":[{"embeddable":true,"href":"https:\/\/midulceesperastore.com\/es\/wp-json\/wp\/v2\/media\/1714"}],"wp:attachment":[{"href":"https:\/\/midulceesperastore.com\/es\/wp-json\/wp\/v2\/media?parent=1733"}],"wp:term":[{"taxonomy":"product_brand","embeddable":true,"href":"https:\/\/midulceesperastore.com\/es\/wp-json\/wp\/v2\/product_brand?post=1733"},{"taxonomy":"product_cat","embeddable":true,"href":"https:\/\/midulceesperastore.com\/es\/wp-json\/wp\/v2\/product_cat?post=1733"},{"taxonomy":"product_tag","embeddable":true,"href":"https:\/\/midulceesperastore.com\/es\/wp-json\/wp\/v2\/product_tag?post=1733"}],"curies":[{"name":"wp","href":"https:\/\/api.w.org\/{rel}","templated":true}]}}