{"id":1411,"date":"2025-11-22T17:27:05","date_gmt":"2025-11-22T17:27:05","guid":{"rendered":"https:\/\/midulceesperastore.com\/es\/?post_type=product&#038;p=1411"},"modified":"2025-12-18T14:42:50","modified_gmt":"2025-12-18T14:42:50","slug":"chupete-sofisticado-con-cadena-personalizada-obsequio-ideal-para-bebe","status":"publish","type":"product","link":"https:\/\/midulceesperastore.com\/es\/producto\/chupete-sofisticado-con-cadena-personalizada-obsequio-ideal-para-bebe\/","title":{"rendered":"Chupete sofisticado con cadena personalizada \u2013 Obsequio ideal para beb\u00e9"},"content":{"rendered":"","protected":false},"excerpt":{"rendered":"<p data-start=\"2808\" data-end=\"2960\">Detalles que enamoran: chupete personalizado con clip de cadena, fabricado con silicona 100% segura, libre de BPA y PVC. Env\u00edo gratuito a todo EE.\u202fUU.<\/p>\n<p data-start=\"2962\" data-end=\"3190\">Mi Dulce Espera LLC trae un chupete elegante que combina lujo, seguridad y comodidad. Su dise\u00f1o \u00fanico con diamantes de imitaci\u00f3n y clip de cadena hace que sea ideal para regalar o complementar los primeros accesorios del beb\u00e9.<\/p>\n<p data-start=\"3192\" data-end=\"3212\">\ud83d\udc96 <strong data-start=\"3195\" data-end=\"3210\">Destacados:<\/strong><\/p>\n<ul data-start=\"3213\" data-end=\"3434\">\n<li data-start=\"3213\" data-end=\"3255\">\n<p data-start=\"3215\" data-end=\"3255\">Personalizable con nombre o iniciales.<\/p>\n<\/li>\n<li data-start=\"3256\" data-end=\"3312\">\n<p data-start=\"3258\" data-end=\"3312\">Silicona de calidad alimentaria, libre de BPA y PVC.<\/p>\n<\/li>\n<li data-start=\"3313\" data-end=\"3364\">\n<p data-start=\"3315\" data-end=\"3364\">Diamantes de imitaci\u00f3n para un toque de brillo.<\/p>\n<\/li>\n<li data-start=\"3365\" data-end=\"3397\">\n<p data-start=\"3367\" data-end=\"3397\">Protector de mam\u00f3n incluido.<\/p>\n<\/li>\n<li data-start=\"3398\" data-end=\"3434\">\n<p data-start=\"3400\" data-end=\"3434\">Clip de cadena que evita ca\u00eddas.<\/p>\n<\/li>\n<\/ul>\n<p data-start=\"3436\" data-end=\"3586\">\ud83c\udf81 <strong data-start=\"3439\" data-end=\"3457\">Perfecto para:<\/strong> Baby shower, regalo de nacimiento o sesiones de fotos memorables.<br data-start=\"3523\" data-end=\"3526\" \/><strong data-start=\"3526\" data-end=\"3537\">Precio:<\/strong> $35.00, con personalizaci\u00f3n y env\u00edo incluidos.<\/p>\n","protected":false},"featured_media":890,"comment_status":"open","ping_status":"closed","template":"","meta":{"_joinchat":[]},"product_brand":[],"product_cat":[15,29,52,36],"product_tag":[],"class_list":{"0":"post-1411","1":"product","2":"type-product","3":"status-publish","4":"has-post-thumbnail","6":"product_cat-categoria-general","7":"product_cat-chupete-para-bebes","8":"product_cat-mejor-mameluco-para-bebe-recien-nacido","9":"product_cat-personalizado","10":"wcpa_has_options","12":"first","13":"instock","14":"shipping-taxable","15":"purchasable","16":"product-type-simple"},"yoast_head":"<!-- This site is optimized with the Yoast SEO plugin v26.8 - https:\/\/yoast.com\/product\/yoast-seo-wordpress\/ -->\n<title>Chupete sofisticado con cadena personalizada \u2013 Obsequio ideal para beb\u00e9 - Midulceesperastore<\/title>\n<meta name=\"robots\" content=\"index, follow, max-snippet:-1, max-image-preview:large, max-video-preview:-1\" \/>\n<link rel=\"canonical\" href=\"https:\/\/midulceesperastore.com\/es\/producto\/chupete-sofisticado-con-cadena-personalizada-obsequio-ideal-para-bebe\/\" \/>\n<meta property=\"og:locale\" content=\"es_ES\" \/>\n<meta property=\"og:type\" content=\"article\" \/>\n<meta property=\"og:title\" content=\"Chupete sofisticado con cadena personalizada \u2013 Obsequio ideal para beb\u00e9 - Midulceesperastore\" \/>\n<meta property=\"og:description\" content=\"Detalles que enamoran: chupete personalizado con clip de cadena, fabricado con silicona 100% segura, libre de BPA y PVC. Env\u00edo gratuito a todo EE.\u202fUU. Mi Dulce Espera LLC trae un chupete elegante que combina lujo, seguridad y comodidad. Su dise\u00f1o \u00fanico con diamantes de imitaci\u00f3n y clip de cadena hace que sea ideal para regalar o complementar los primeros accesorios del beb\u00e9. \ud83d\udc96 Destacados:     Personalizable con nombre o iniciales.    Silicona de calidad alimentaria, libre de BPA y PVC.    Diamantes de imitaci\u00f3n para un toque de brillo.    Protector de mam\u00f3n incluido.    Clip de cadena que evita ca\u00eddas.   \ud83c\udf81 Perfecto para: Baby shower, regalo de nacimiento o sesiones de fotos memorables.Precio: $35.00, con personalizaci\u00f3n y env\u00edo incluidos.\" \/>\n<meta property=\"og:url\" content=\"https:\/\/midulceesperastore.com\/es\/producto\/chupete-sofisticado-con-cadena-personalizada-obsequio-ideal-para-bebe\/\" \/>\n<meta property=\"og:site_name\" content=\"Midulceesperastore\" \/>\n<meta property=\"article:publisher\" content=\"https:\/\/www.facebook.com\/people\/Mi-Dulce-Espera-L-L-C\/\" \/>\n<meta property=\"article:modified_time\" content=\"2025-12-18T14:42:50+00:00\" \/>\n<meta property=\"og:image\" content=\"https:\/\/midulceesperastore.com\/es\/wp-content\/uploads\/2025\/11\/bebe-3.png\" \/>\n\t<meta property=\"og:image:width\" content=\"643\" \/>\n\t<meta property=\"og:image:height\" content=\"648\" \/>\n\t<meta property=\"og:image:type\" content=\"image\/png\" \/>\n<meta name=\"twitter:card\" content=\"summary_large_image\" \/>\n<meta name=\"twitter:label1\" content=\"Tiempo de lectura\" \/>\n\t<meta name=\"twitter:data1\" content=\"1 minuto\" \/>\n<script type=\"application\/ld+json\" class=\"yoast-schema-graph\">{\"@context\":\"https:\/\/schema.org\",\"@graph\":[{\"@type\":\"WebPage\",\"@id\":\"https:\/\/midulceesperastore.com\/es\/producto\/chupete-sofisticado-con-cadena-personalizada-obsequio-ideal-para-bebe\/\",\"url\":\"https:\/\/midulceesperastore.com\/es\/producto\/chupete-sofisticado-con-cadena-personalizada-obsequio-ideal-para-bebe\/\",\"name\":\"Chupete sofisticado con cadena personalizada \u2013 Obsequio ideal para beb\u00e9 - Midulceesperastore\",\"isPartOf\":{\"@id\":\"https:\/\/midulceesperastore.com\/es\/#website\"},\"primaryImageOfPage\":{\"@id\":\"https:\/\/midulceesperastore.com\/es\/producto\/chupete-sofisticado-con-cadena-personalizada-obsequio-ideal-para-bebe\/#primaryimage\"},\"image\":{\"@id\":\"https:\/\/midulceesperastore.com\/es\/producto\/chupete-sofisticado-con-cadena-personalizada-obsequio-ideal-para-bebe\/#primaryimage\"},\"thumbnailUrl\":\"https:\/\/midulceesperastore.com\/es\/wp-content\/uploads\/2025\/11\/bebe-3.png\",\"datePublished\":\"2025-11-22T17:27:05+00:00\",\"dateModified\":\"2025-12-18T14:42:50+00:00\",\"breadcrumb\":{\"@id\":\"https:\/\/midulceesperastore.com\/es\/producto\/chupete-sofisticado-con-cadena-personalizada-obsequio-ideal-para-bebe\/#breadcrumb\"},\"inLanguage\":\"es\",\"potentialAction\":[{\"@type\":\"ReadAction\",\"target\":[\"https:\/\/midulceesperastore.com\/es\/producto\/chupete-sofisticado-con-cadena-personalizada-obsequio-ideal-para-bebe\/\"]}]},{\"@type\":\"ImageObject\",\"inLanguage\":\"es\",\"@id\":\"https:\/\/midulceesperastore.com\/es\/producto\/chupete-sofisticado-con-cadena-personalizada-obsequio-ideal-para-bebe\/#primaryimage\",\"url\":\"https:\/\/midulceesperastore.com\/es\/wp-content\/uploads\/2025\/11\/bebe-3.png\",\"contentUrl\":\"https:\/\/midulceesperastore.com\/es\/wp-content\/uploads\/2025\/11\/bebe-3.png\",\"width\":643,\"height\":648},{\"@type\":\"BreadcrumbList\",\"@id\":\"https:\/\/midulceesperastore.com\/es\/producto\/chupete-sofisticado-con-cadena-personalizada-obsequio-ideal-para-bebe\/#breadcrumb\",\"itemListElement\":[{\"@type\":\"ListItem\",\"position\":1,\"name\":\"Portada\",\"item\":\"https:\/\/midulceesperastore.com\/es\/\"},{\"@type\":\"ListItem\",\"position\":2,\"name\":\"Productos\",\"item\":\"https:\/\/midulceesperastore.com\/es\/kit-por-defecto\/\"},{\"@type\":\"ListItem\",\"position\":3,\"name\":\"Chupete sofisticado con cadena personalizada \u2013 Obsequio ideal para beb\u00e9\"}]},{\"@type\":\"WebSite\",\"@id\":\"https:\/\/midulceesperastore.com\/es\/#website\",\"url\":\"https:\/\/midulceesperastore.com\/es\/\",\"name\":\"Midulceesperastore\",\"description\":\"Set de Bienvenida para Beb\u00e9s\",\"publisher\":{\"@id\":\"https:\/\/midulceesperastore.com\/es\/#organization\"},\"potentialAction\":[{\"@type\":\"SearchAction\",\"target\":{\"@type\":\"EntryPoint\",\"urlTemplate\":\"https:\/\/midulceesperastore.com\/es\/?s={search_term_string}\"},\"query-input\":{\"@type\":\"PropertyValueSpecification\",\"valueRequired\":true,\"valueName\":\"search_term_string\"}}],\"inLanguage\":\"es\"},{\"@type\":\"Organization\",\"@id\":\"https:\/\/midulceesperastore.com\/es\/#organization\",\"name\":\"Midulceesperastore\",\"url\":\"https:\/\/midulceesperastore.com\/es\/\",\"logo\":{\"@type\":\"ImageObject\",\"inLanguage\":\"es\",\"@id\":\"https:\/\/midulceesperastore.com\/es\/#\/schema\/logo\/image\/\",\"url\":\"https:\/\/midulceesperastore.com\/es\/wp-content\/uploads\/2025\/12\/cropped-Set-de-Bienvenida-para-Bebes-1.png\",\"contentUrl\":\"https:\/\/midulceesperastore.com\/es\/wp-content\/uploads\/2025\/12\/cropped-Set-de-Bienvenida-para-Bebes-1.png\",\"width\":512,\"height\":512,\"caption\":\"Midulceesperastore\"},\"image\":{\"@id\":\"https:\/\/midulceesperastore.com\/es\/#\/schema\/logo\/image\/\"},\"sameAs\":[\"https:\/\/www.facebook.com\/people\/Mi-Dulce-Espera-L-L-C\/\"]}]}<\/script>\n<!-- \/ Yoast SEO plugin. -->","yoast_head_json":{"title":"Chupete sofisticado con cadena personalizada \u2013 Obsequio ideal para beb\u00e9 - Midulceesperastore","robots":{"index":"index","follow":"follow","max-snippet":"max-snippet:-1","max-image-preview":"max-image-preview:large","max-video-preview":"max-video-preview:-1"},"canonical":"https:\/\/midulceesperastore.com\/es\/producto\/chupete-sofisticado-con-cadena-personalizada-obsequio-ideal-para-bebe\/","og_locale":"es_ES","og_type":"article","og_title":"Chupete sofisticado con cadena personalizada \u2013 Obsequio ideal para beb\u00e9 - Midulceesperastore","og_description":"Detalles que enamoran: chupete personalizado con clip de cadena, fabricado con silicona 100% segura, libre de BPA y PVC. Env\u00edo gratuito a todo EE.\u202fUU. Mi Dulce Espera LLC trae un chupete elegante que combina lujo, seguridad y comodidad. Su dise\u00f1o \u00fanico con diamantes de imitaci\u00f3n y clip de cadena hace que sea ideal para regalar o complementar los primeros accesorios del beb\u00e9. \ud83d\udc96 Destacados:     Personalizable con nombre o iniciales.    Silicona de calidad alimentaria, libre de BPA y PVC.    Diamantes de imitaci\u00f3n para un toque de brillo.    Protector de mam\u00f3n incluido.    Clip de cadena que evita ca\u00eddas.   \ud83c\udf81 Perfecto para: Baby shower, regalo de nacimiento o sesiones de fotos memorables.Precio: $35.00, con personalizaci\u00f3n y env\u00edo incluidos.","og_url":"https:\/\/midulceesperastore.com\/es\/producto\/chupete-sofisticado-con-cadena-personalizada-obsequio-ideal-para-bebe\/","og_site_name":"Midulceesperastore","article_publisher":"https:\/\/www.facebook.com\/people\/Mi-Dulce-Espera-L-L-C\/","article_modified_time":"2025-12-18T14:42:50+00:00","og_image":[{"width":643,"height":648,"url":"https:\/\/midulceesperastore.com\/es\/wp-content\/uploads\/2025\/11\/bebe-3.png","type":"image\/png"}],"twitter_card":"summary_large_image","twitter_misc":{"Tiempo de lectura":"1 minuto"},"schema":{"@context":"https:\/\/schema.org","@graph":[{"@type":"WebPage","@id":"https:\/\/midulceesperastore.com\/es\/producto\/chupete-sofisticado-con-cadena-personalizada-obsequio-ideal-para-bebe\/","url":"https:\/\/midulceesperastore.com\/es\/producto\/chupete-sofisticado-con-cadena-personalizada-obsequio-ideal-para-bebe\/","name":"Chupete sofisticado con cadena personalizada \u2013 Obsequio ideal para beb\u00e9 - Midulceesperastore","isPartOf":{"@id":"https:\/\/midulceesperastore.com\/es\/#website"},"primaryImageOfPage":{"@id":"https:\/\/midulceesperastore.com\/es\/producto\/chupete-sofisticado-con-cadena-personalizada-obsequio-ideal-para-bebe\/#primaryimage"},"image":{"@id":"https:\/\/midulceesperastore.com\/es\/producto\/chupete-sofisticado-con-cadena-personalizada-obsequio-ideal-para-bebe\/#primaryimage"},"thumbnailUrl":"https:\/\/midulceesperastore.com\/es\/wp-content\/uploads\/2025\/11\/bebe-3.png","datePublished":"2025-11-22T17:27:05+00:00","dateModified":"2025-12-18T14:42:50+00:00","breadcrumb":{"@id":"https:\/\/midulceesperastore.com\/es\/producto\/chupete-sofisticado-con-cadena-personalizada-obsequio-ideal-para-bebe\/#breadcrumb"},"inLanguage":"es","potentialAction":[{"@type":"ReadAction","target":["https:\/\/midulceesperastore.com\/es\/producto\/chupete-sofisticado-con-cadena-personalizada-obsequio-ideal-para-bebe\/"]}]},{"@type":"ImageObject","inLanguage":"es","@id":"https:\/\/midulceesperastore.com\/es\/producto\/chupete-sofisticado-con-cadena-personalizada-obsequio-ideal-para-bebe\/#primaryimage","url":"https:\/\/midulceesperastore.com\/es\/wp-content\/uploads\/2025\/11\/bebe-3.png","contentUrl":"https:\/\/midulceesperastore.com\/es\/wp-content\/uploads\/2025\/11\/bebe-3.png","width":643,"height":648},{"@type":"BreadcrumbList","@id":"https:\/\/midulceesperastore.com\/es\/producto\/chupete-sofisticado-con-cadena-personalizada-obsequio-ideal-para-bebe\/#breadcrumb","itemListElement":[{"@type":"ListItem","position":1,"name":"Portada","item":"https:\/\/midulceesperastore.com\/es\/"},{"@type":"ListItem","position":2,"name":"Productos","item":"https:\/\/midulceesperastore.com\/es\/kit-por-defecto\/"},{"@type":"ListItem","position":3,"name":"Chupete sofisticado con cadena personalizada \u2013 Obsequio ideal para beb\u00e9"}]},{"@type":"WebSite","@id":"https:\/\/midulceesperastore.com\/es\/#website","url":"https:\/\/midulceesperastore.com\/es\/","name":"Midulceesperastore","description":"Set de Bienvenida para Beb\u00e9s","publisher":{"@id":"https:\/\/midulceesperastore.com\/es\/#organization"},"potentialAction":[{"@type":"SearchAction","target":{"@type":"EntryPoint","urlTemplate":"https:\/\/midulceesperastore.com\/es\/?s={search_term_string}"},"query-input":{"@type":"PropertyValueSpecification","valueRequired":true,"valueName":"search_term_string"}}],"inLanguage":"es"},{"@type":"Organization","@id":"https:\/\/midulceesperastore.com\/es\/#organization","name":"Midulceesperastore","url":"https:\/\/midulceesperastore.com\/es\/","logo":{"@type":"ImageObject","inLanguage":"es","@id":"https:\/\/midulceesperastore.com\/es\/#\/schema\/logo\/image\/","url":"https:\/\/midulceesperastore.com\/es\/wp-content\/uploads\/2025\/12\/cropped-Set-de-Bienvenida-para-Bebes-1.png","contentUrl":"https:\/\/midulceesperastore.com\/es\/wp-content\/uploads\/2025\/12\/cropped-Set-de-Bienvenida-para-Bebes-1.png","width":512,"height":512,"caption":"Midulceesperastore"},"image":{"@id":"https:\/\/midulceesperastore.com\/es\/#\/schema\/logo\/image\/"},"sameAs":["https:\/\/www.facebook.com\/people\/Mi-Dulce-Espera-L-L-C\/"]}]}},"_links":{"self":[{"href":"https:\/\/midulceesperastore.com\/es\/wp-json\/wp\/v2\/product\/1411","targetHints":{"allow":["GET"]}}],"collection":[{"href":"https:\/\/midulceesperastore.com\/es\/wp-json\/wp\/v2\/product"}],"about":[{"href":"https:\/\/midulceesperastore.com\/es\/wp-json\/wp\/v2\/types\/product"}],"replies":[{"embeddable":true,"href":"https:\/\/midulceesperastore.com\/es\/wp-json\/wp\/v2\/comments?post=1411"}],"wp:featuredmedia":[{"embeddable":true,"href":"https:\/\/midulceesperastore.com\/es\/wp-json\/wp\/v2\/media\/890"}],"wp:attachment":[{"href":"https:\/\/midulceesperastore.com\/es\/wp-json\/wp\/v2\/media?parent=1411"}],"wp:term":[{"taxonomy":"product_brand","embeddable":true,"href":"https:\/\/midulceesperastore.com\/es\/wp-json\/wp\/v2\/product_brand?post=1411"},{"taxonomy":"product_cat","embeddable":true,"href":"https:\/\/midulceesperastore.com\/es\/wp-json\/wp\/v2\/product_cat?post=1411"},{"taxonomy":"product_tag","embeddable":true,"href":"https:\/\/midulceesperastore.com\/es\/wp-json\/wp\/v2\/product_tag?post=1411"}],"curies":[{"name":"wp","href":"https:\/\/api.w.org\/{rel}","templated":true}]}}