{"id":1407,"date":"2025-11-22T17:24:08","date_gmt":"2025-11-22T17:24:08","guid":{"rendered":"https:\/\/midulceesperastore.com\/es\/?post_type=product&#038;p=1407"},"modified":"2025-12-18T15:32:03","modified_gmt":"2025-12-18T15:32:03","slug":"chupete-exclusivo-con-clip-decorativo-personalizable-para-tu-pequeno","status":"publish","type":"product","link":"https:\/\/midulceesperastore.com\/es\/producto\/chupete-exclusivo-con-clip-decorativo-personalizable-para-tu-pequeno\/","title":{"rendered":"Chupete exclusivo con clip decorativo \u2013 Personalizable para tu peque\u00f1o"},"content":{"rendered":"","protected":false},"excerpt":{"rendered":"<p data-start=\"1903\" data-end=\"2083\">Un chupete con glamour y ternura. Personalizado con clip de cadena y elaborado en silicona segura de alta calidad, libre de BPA y PVC. Personalizaci\u00f3n y env\u00edo gratuito incluidos.<\/p>\n<p data-start=\"2085\" data-end=\"2324\">El chupete elegante de Mi Dulce Espera LLC combina seguridad, confort y lujo. Su dise\u00f1o sofisticado incluye diamantes de imitaci\u00f3n y un clip de cadena pr\u00e1ctico y estilizado. Ideal para regalar o para los momentos m\u00e1s especiales del beb\u00e9.<\/p>\n<p data-start=\"2326\" data-end=\"2351\">\ud83d\udc96 <strong data-start=\"2329\" data-end=\"2349\">Caracter\u00edsticas:<\/strong><\/p>\n<ul data-start=\"2352\" data-end=\"2637\">\n<li data-start=\"2352\" data-end=\"2407\">\n<p data-start=\"2354\" data-end=\"2407\">Personalizaci\u00f3n con el nombre o iniciales del beb\u00e9.<\/p>\n<\/li>\n<li data-start=\"2408\" data-end=\"2469\">\n<p data-start=\"2410\" data-end=\"2469\">Silicona de calidad alimentaria, 100% libre de BPA y PVC.<\/p>\n<\/li>\n<li data-start=\"2470\" data-end=\"2523\">\n<p data-start=\"2472\" data-end=\"2523\">Detalles con diamantes de imitaci\u00f3n efecto bling.<\/p>\n<\/li>\n<li data-start=\"2524\" data-end=\"2560\">\n<p data-start=\"2526\" data-end=\"2560\">Clip de cadena que evita ca\u00eddas.<\/p>\n<\/li>\n<li data-start=\"2561\" data-end=\"2598\">\n<p data-start=\"2563\" data-end=\"2598\">Protector del mam\u00f3n para higiene.<\/p>\n<\/li>\n<li data-start=\"2599\" data-end=\"2637\">\n<p data-start=\"2601\" data-end=\"2637\">No apto para microondas ni hervir.<\/p>\n<\/li>\n<\/ul>\n<p data-start=\"2639\" data-end=\"2781\">\ud83c\udf81 <strong data-start=\"2642\" data-end=\"2662\">Para regalar en:<\/strong> Nacimiento, baby shower o como accesorio exclusivo del beb\u00e9.<br data-start=\"2723\" data-end=\"2726\" \/><strong data-start=\"2726\" data-end=\"2737\">Precio:<\/strong> $35.00 (incluye personalizaci\u00f3n y env\u00edo).<\/p>\n","protected":false},"featured_media":889,"comment_status":"open","ping_status":"closed","template":"","meta":{"_joinchat":[]},"product_brand":[],"product_cat":[15,29,36],"product_tag":[],"class_list":{"0":"post-1407","1":"product","2":"type-product","3":"status-publish","4":"has-post-thumbnail","6":"product_cat-categoria-general","7":"product_cat-chupete-para-bebes","8":"product_cat-personalizado","9":"wcpa_has_options","11":"first","12":"instock","13":"shipping-taxable","14":"purchasable","15":"product-type-simple"},"yoast_head":"<!-- This site is optimized with the Yoast SEO plugin v26.8 - https:\/\/yoast.com\/product\/yoast-seo-wordpress\/ -->\n<title>Chupete exclusivo con clip decorativo \u2013 Personalizable para tu peque\u00f1o - Midulceesperastore<\/title>\n<meta name=\"robots\" content=\"index, follow, max-snippet:-1, max-image-preview:large, max-video-preview:-1\" \/>\n<link rel=\"canonical\" href=\"https:\/\/midulceesperastore.com\/es\/producto\/chupete-exclusivo-con-clip-decorativo-personalizable-para-tu-pequeno\/\" \/>\n<meta property=\"og:locale\" content=\"es_ES\" \/>\n<meta property=\"og:type\" content=\"article\" \/>\n<meta property=\"og:title\" content=\"Chupete exclusivo con clip decorativo \u2013 Personalizable para tu peque\u00f1o - Midulceesperastore\" \/>\n<meta property=\"og:description\" content=\"Un chupete con glamour y ternura. Personalizado con clip de cadena y elaborado en silicona segura de alta calidad, libre de BPA y PVC. Personalizaci\u00f3n y env\u00edo gratuito incluidos. El chupete elegante de Mi Dulce Espera LLC combina seguridad, confort y lujo. Su dise\u00f1o sofisticado incluye diamantes de imitaci\u00f3n y un clip de cadena pr\u00e1ctico y estilizado. Ideal para regalar o para los momentos m\u00e1s especiales del beb\u00e9. \ud83d\udc96 Caracter\u00edsticas:     Personalizaci\u00f3n con el nombre o iniciales del beb\u00e9.    Silicona de calidad alimentaria, 100% libre de BPA y PVC.    Detalles con diamantes de imitaci\u00f3n efecto bling.    Clip de cadena que evita ca\u00eddas.    Protector del mam\u00f3n para higiene.    No apto para microondas ni hervir.   \ud83c\udf81 Para regalar en: Nacimiento, baby shower o como accesorio exclusivo del beb\u00e9.Precio: $35.00 (incluye personalizaci\u00f3n y env\u00edo).\" \/>\n<meta property=\"og:url\" content=\"https:\/\/midulceesperastore.com\/es\/producto\/chupete-exclusivo-con-clip-decorativo-personalizable-para-tu-pequeno\/\" \/>\n<meta property=\"og:site_name\" content=\"Midulceesperastore\" \/>\n<meta property=\"article:publisher\" content=\"https:\/\/www.facebook.com\/people\/Mi-Dulce-Espera-L-L-C\/\" \/>\n<meta property=\"article:modified_time\" content=\"2025-12-18T15:32:03+00:00\" \/>\n<meta property=\"og:image\" content=\"https:\/\/midulceesperastore.com\/es\/wp-content\/uploads\/2025\/11\/bebe-4.png\" \/>\n\t<meta property=\"og:image:width\" content=\"643\" \/>\n\t<meta property=\"og:image:height\" content=\"648\" \/>\n\t<meta property=\"og:image:type\" content=\"image\/png\" \/>\n<meta name=\"twitter:card\" content=\"summary_large_image\" \/>\n<meta name=\"twitter:label1\" content=\"Tiempo de lectura\" \/>\n\t<meta name=\"twitter:data1\" content=\"1 minuto\" \/>\n<script type=\"application\/ld+json\" class=\"yoast-schema-graph\">{\"@context\":\"https:\/\/schema.org\",\"@graph\":[{\"@type\":\"WebPage\",\"@id\":\"https:\/\/midulceesperastore.com\/es\/producto\/chupete-exclusivo-con-clip-decorativo-personalizable-para-tu-pequeno\/\",\"url\":\"https:\/\/midulceesperastore.com\/es\/producto\/chupete-exclusivo-con-clip-decorativo-personalizable-para-tu-pequeno\/\",\"name\":\"Chupete exclusivo con clip decorativo \u2013 Personalizable para tu peque\u00f1o - Midulceesperastore\",\"isPartOf\":{\"@id\":\"https:\/\/midulceesperastore.com\/es\/#website\"},\"primaryImageOfPage\":{\"@id\":\"https:\/\/midulceesperastore.com\/es\/producto\/chupete-exclusivo-con-clip-decorativo-personalizable-para-tu-pequeno\/#primaryimage\"},\"image\":{\"@id\":\"https:\/\/midulceesperastore.com\/es\/producto\/chupete-exclusivo-con-clip-decorativo-personalizable-para-tu-pequeno\/#primaryimage\"},\"thumbnailUrl\":\"https:\/\/midulceesperastore.com\/es\/wp-content\/uploads\/2025\/11\/bebe-4.png\",\"datePublished\":\"2025-11-22T17:24:08+00:00\",\"dateModified\":\"2025-12-18T15:32:03+00:00\",\"breadcrumb\":{\"@id\":\"https:\/\/midulceesperastore.com\/es\/producto\/chupete-exclusivo-con-clip-decorativo-personalizable-para-tu-pequeno\/#breadcrumb\"},\"inLanguage\":\"es\",\"potentialAction\":[{\"@type\":\"ReadAction\",\"target\":[\"https:\/\/midulceesperastore.com\/es\/producto\/chupete-exclusivo-con-clip-decorativo-personalizable-para-tu-pequeno\/\"]}]},{\"@type\":\"ImageObject\",\"inLanguage\":\"es\",\"@id\":\"https:\/\/midulceesperastore.com\/es\/producto\/chupete-exclusivo-con-clip-decorativo-personalizable-para-tu-pequeno\/#primaryimage\",\"url\":\"https:\/\/midulceesperastore.com\/es\/wp-content\/uploads\/2025\/11\/bebe-4.png\",\"contentUrl\":\"https:\/\/midulceesperastore.com\/es\/wp-content\/uploads\/2025\/11\/bebe-4.png\",\"width\":643,\"height\":648},{\"@type\":\"BreadcrumbList\",\"@id\":\"https:\/\/midulceesperastore.com\/es\/producto\/chupete-exclusivo-con-clip-decorativo-personalizable-para-tu-pequeno\/#breadcrumb\",\"itemListElement\":[{\"@type\":\"ListItem\",\"position\":1,\"name\":\"Portada\",\"item\":\"https:\/\/midulceesperastore.com\/es\/\"},{\"@type\":\"ListItem\",\"position\":2,\"name\":\"Productos\",\"item\":\"https:\/\/midulceesperastore.com\/es\/kit-por-defecto\/\"},{\"@type\":\"ListItem\",\"position\":3,\"name\":\"Chupete exclusivo con clip decorativo \u2013 Personalizable para tu peque\u00f1o\"}]},{\"@type\":\"WebSite\",\"@id\":\"https:\/\/midulceesperastore.com\/es\/#website\",\"url\":\"https:\/\/midulceesperastore.com\/es\/\",\"name\":\"Midulceesperastore\",\"description\":\"Set de Bienvenida para Beb\u00e9s\",\"publisher\":{\"@id\":\"https:\/\/midulceesperastore.com\/es\/#organization\"},\"potentialAction\":[{\"@type\":\"SearchAction\",\"target\":{\"@type\":\"EntryPoint\",\"urlTemplate\":\"https:\/\/midulceesperastore.com\/es\/?s={search_term_string}\"},\"query-input\":{\"@type\":\"PropertyValueSpecification\",\"valueRequired\":true,\"valueName\":\"search_term_string\"}}],\"inLanguage\":\"es\"},{\"@type\":\"Organization\",\"@id\":\"https:\/\/midulceesperastore.com\/es\/#organization\",\"name\":\"Midulceesperastore\",\"url\":\"https:\/\/midulceesperastore.com\/es\/\",\"logo\":{\"@type\":\"ImageObject\",\"inLanguage\":\"es\",\"@id\":\"https:\/\/midulceesperastore.com\/es\/#\/schema\/logo\/image\/\",\"url\":\"https:\/\/midulceesperastore.com\/es\/wp-content\/uploads\/2025\/12\/cropped-Set-de-Bienvenida-para-Bebes-1.png\",\"contentUrl\":\"https:\/\/midulceesperastore.com\/es\/wp-content\/uploads\/2025\/12\/cropped-Set-de-Bienvenida-para-Bebes-1.png\",\"width\":512,\"height\":512,\"caption\":\"Midulceesperastore\"},\"image\":{\"@id\":\"https:\/\/midulceesperastore.com\/es\/#\/schema\/logo\/image\/\"},\"sameAs\":[\"https:\/\/www.facebook.com\/people\/Mi-Dulce-Espera-L-L-C\/\"]}]}<\/script>\n<!-- \/ Yoast SEO plugin. -->","yoast_head_json":{"title":"Chupete exclusivo con clip decorativo \u2013 Personalizable para tu peque\u00f1o - Midulceesperastore","robots":{"index":"index","follow":"follow","max-snippet":"max-snippet:-1","max-image-preview":"max-image-preview:large","max-video-preview":"max-video-preview:-1"},"canonical":"https:\/\/midulceesperastore.com\/es\/producto\/chupete-exclusivo-con-clip-decorativo-personalizable-para-tu-pequeno\/","og_locale":"es_ES","og_type":"article","og_title":"Chupete exclusivo con clip decorativo \u2013 Personalizable para tu peque\u00f1o - Midulceesperastore","og_description":"Un chupete con glamour y ternura. Personalizado con clip de cadena y elaborado en silicona segura de alta calidad, libre de BPA y PVC. Personalizaci\u00f3n y env\u00edo gratuito incluidos. El chupete elegante de Mi Dulce Espera LLC combina seguridad, confort y lujo. Su dise\u00f1o sofisticado incluye diamantes de imitaci\u00f3n y un clip de cadena pr\u00e1ctico y estilizado. Ideal para regalar o para los momentos m\u00e1s especiales del beb\u00e9. \ud83d\udc96 Caracter\u00edsticas:     Personalizaci\u00f3n con el nombre o iniciales del beb\u00e9.    Silicona de calidad alimentaria, 100% libre de BPA y PVC.    Detalles con diamantes de imitaci\u00f3n efecto bling.    Clip de cadena que evita ca\u00eddas.    Protector del mam\u00f3n para higiene.    No apto para microondas ni hervir.   \ud83c\udf81 Para regalar en: Nacimiento, baby shower o como accesorio exclusivo del beb\u00e9.Precio: $35.00 (incluye personalizaci\u00f3n y env\u00edo).","og_url":"https:\/\/midulceesperastore.com\/es\/producto\/chupete-exclusivo-con-clip-decorativo-personalizable-para-tu-pequeno\/","og_site_name":"Midulceesperastore","article_publisher":"https:\/\/www.facebook.com\/people\/Mi-Dulce-Espera-L-L-C\/","article_modified_time":"2025-12-18T15:32:03+00:00","og_image":[{"width":643,"height":648,"url":"https:\/\/midulceesperastore.com\/es\/wp-content\/uploads\/2025\/11\/bebe-4.png","type":"image\/png"}],"twitter_card":"summary_large_image","twitter_misc":{"Tiempo de lectura":"1 minuto"},"schema":{"@context":"https:\/\/schema.org","@graph":[{"@type":"WebPage","@id":"https:\/\/midulceesperastore.com\/es\/producto\/chupete-exclusivo-con-clip-decorativo-personalizable-para-tu-pequeno\/","url":"https:\/\/midulceesperastore.com\/es\/producto\/chupete-exclusivo-con-clip-decorativo-personalizable-para-tu-pequeno\/","name":"Chupete exclusivo con clip decorativo \u2013 Personalizable para tu peque\u00f1o - Midulceesperastore","isPartOf":{"@id":"https:\/\/midulceesperastore.com\/es\/#website"},"primaryImageOfPage":{"@id":"https:\/\/midulceesperastore.com\/es\/producto\/chupete-exclusivo-con-clip-decorativo-personalizable-para-tu-pequeno\/#primaryimage"},"image":{"@id":"https:\/\/midulceesperastore.com\/es\/producto\/chupete-exclusivo-con-clip-decorativo-personalizable-para-tu-pequeno\/#primaryimage"},"thumbnailUrl":"https:\/\/midulceesperastore.com\/es\/wp-content\/uploads\/2025\/11\/bebe-4.png","datePublished":"2025-11-22T17:24:08+00:00","dateModified":"2025-12-18T15:32:03+00:00","breadcrumb":{"@id":"https:\/\/midulceesperastore.com\/es\/producto\/chupete-exclusivo-con-clip-decorativo-personalizable-para-tu-pequeno\/#breadcrumb"},"inLanguage":"es","potentialAction":[{"@type":"ReadAction","target":["https:\/\/midulceesperastore.com\/es\/producto\/chupete-exclusivo-con-clip-decorativo-personalizable-para-tu-pequeno\/"]}]},{"@type":"ImageObject","inLanguage":"es","@id":"https:\/\/midulceesperastore.com\/es\/producto\/chupete-exclusivo-con-clip-decorativo-personalizable-para-tu-pequeno\/#primaryimage","url":"https:\/\/midulceesperastore.com\/es\/wp-content\/uploads\/2025\/11\/bebe-4.png","contentUrl":"https:\/\/midulceesperastore.com\/es\/wp-content\/uploads\/2025\/11\/bebe-4.png","width":643,"height":648},{"@type":"BreadcrumbList","@id":"https:\/\/midulceesperastore.com\/es\/producto\/chupete-exclusivo-con-clip-decorativo-personalizable-para-tu-pequeno\/#breadcrumb","itemListElement":[{"@type":"ListItem","position":1,"name":"Portada","item":"https:\/\/midulceesperastore.com\/es\/"},{"@type":"ListItem","position":2,"name":"Productos","item":"https:\/\/midulceesperastore.com\/es\/kit-por-defecto\/"},{"@type":"ListItem","position":3,"name":"Chupete exclusivo con clip decorativo \u2013 Personalizable para tu peque\u00f1o"}]},{"@type":"WebSite","@id":"https:\/\/midulceesperastore.com\/es\/#website","url":"https:\/\/midulceesperastore.com\/es\/","name":"Midulceesperastore","description":"Set de Bienvenida para Beb\u00e9s","publisher":{"@id":"https:\/\/midulceesperastore.com\/es\/#organization"},"potentialAction":[{"@type":"SearchAction","target":{"@type":"EntryPoint","urlTemplate":"https:\/\/midulceesperastore.com\/es\/?s={search_term_string}"},"query-input":{"@type":"PropertyValueSpecification","valueRequired":true,"valueName":"search_term_string"}}],"inLanguage":"es"},{"@type":"Organization","@id":"https:\/\/midulceesperastore.com\/es\/#organization","name":"Midulceesperastore","url":"https:\/\/midulceesperastore.com\/es\/","logo":{"@type":"ImageObject","inLanguage":"es","@id":"https:\/\/midulceesperastore.com\/es\/#\/schema\/logo\/image\/","url":"https:\/\/midulceesperastore.com\/es\/wp-content\/uploads\/2025\/12\/cropped-Set-de-Bienvenida-para-Bebes-1.png","contentUrl":"https:\/\/midulceesperastore.com\/es\/wp-content\/uploads\/2025\/12\/cropped-Set-de-Bienvenida-para-Bebes-1.png","width":512,"height":512,"caption":"Midulceesperastore"},"image":{"@id":"https:\/\/midulceesperastore.com\/es\/#\/schema\/logo\/image\/"},"sameAs":["https:\/\/www.facebook.com\/people\/Mi-Dulce-Espera-L-L-C\/"]}]}},"_links":{"self":[{"href":"https:\/\/midulceesperastore.com\/es\/wp-json\/wp\/v2\/product\/1407","targetHints":{"allow":["GET"]}}],"collection":[{"href":"https:\/\/midulceesperastore.com\/es\/wp-json\/wp\/v2\/product"}],"about":[{"href":"https:\/\/midulceesperastore.com\/es\/wp-json\/wp\/v2\/types\/product"}],"replies":[{"embeddable":true,"href":"https:\/\/midulceesperastore.com\/es\/wp-json\/wp\/v2\/comments?post=1407"}],"wp:featuredmedia":[{"embeddable":true,"href":"https:\/\/midulceesperastore.com\/es\/wp-json\/wp\/v2\/media\/889"}],"wp:attachment":[{"href":"https:\/\/midulceesperastore.com\/es\/wp-json\/wp\/v2\/media?parent=1407"}],"wp:term":[{"taxonomy":"product_brand","embeddable":true,"href":"https:\/\/midulceesperastore.com\/es\/wp-json\/wp\/v2\/product_brand?post=1407"},{"taxonomy":"product_cat","embeddable":true,"href":"https:\/\/midulceesperastore.com\/es\/wp-json\/wp\/v2\/product_cat?post=1407"},{"taxonomy":"product_tag","embeddable":true,"href":"https:\/\/midulceesperastore.com\/es\/wp-json\/wp\/v2\/product_tag?post=1407"}],"curies":[{"name":"wp","href":"https:\/\/api.w.org\/{rel}","templated":true}]}}