{"id":1403,"date":"2025-11-22T17:21:40","date_gmt":"2025-11-22T17:21:40","guid":{"rendered":"https:\/\/midulceesperastore.com\/es\/?post_type=product&#038;p=1403"},"modified":"2025-12-18T15:30:48","modified_gmt":"2025-12-18T15:30:48","slug":"chupete-elegante-con-cadena-personalizada-regalo-especial-para-recien-nacido","status":"publish","type":"product","link":"https:\/\/midulceesperastore.com\/es\/producto\/chupete-elegante-con-cadena-personalizada-regalo-especial-para-recien-nacido\/","title":{"rendered":"Chupete elegante con cadena personalizada \u2013 Regalo especial para reci\u00e9n nacido"},"content":{"rendered":"","protected":false},"excerpt":{"rendered":"<p data-start=\"1123\" data-end=\"1290\">Elegancia y cuidado en un solo detalle. Chupete con clip de cadena, personalizable y hecho con silicona segura 100% libre de BPA y PVC. Env\u00edo gratuito a todo EE.\u202fUU.<\/p>\n<p data-start=\"1292\" data-end=\"1474\">El dise\u00f1o exclusivo de Mi Dulce Espera LLC combina lujo, confort y seguridad para tu beb\u00e9. Perfecto para lucir en fotos, regalar o complementar los primeros accesorios del peque\u00f1o.<\/p>\n<p data-start=\"1476\" data-end=\"1493\">\ud83d\udc96 <strong data-start=\"1479\" data-end=\"1491\">Incluye:<\/strong><\/p>\n<ul data-start=\"1494\" data-end=\"1748\">\n<li data-start=\"1494\" data-end=\"1537\">\n<p data-start=\"1496\" data-end=\"1537\">Personalizaci\u00f3n con nombre o iniciales.<\/p>\n<\/li>\n<li data-start=\"1538\" data-end=\"1599\">\n<p data-start=\"1540\" data-end=\"1599\">Silicona de calidad alimentaria, 100% libre de BPA y PVC.<\/p>\n<\/li>\n<li data-start=\"1600\" data-end=\"1654\">\n<p data-start=\"1602\" data-end=\"1654\">Diamantes de imitaci\u00f3n que a\u00f1aden brillo y estilo.<\/p>\n<\/li>\n<li data-start=\"1655\" data-end=\"1705\">\n<p data-start=\"1657\" data-end=\"1705\">Clip de cadena que mantiene el chupete seguro.<\/p>\n<\/li>\n<li data-start=\"1706\" data-end=\"1748\">\n<p data-start=\"1708\" data-end=\"1748\">Protector de mam\u00f3n para higiene extra.<\/p>\n<\/li>\n<\/ul>\n<p data-start=\"1750\" data-end=\"1876\">\ud83c\udf81 <strong data-start=\"1753\" data-end=\"1771\">Perfecto para:<\/strong> Baby shower, nacimiento o regalo especial.<br data-start=\"1814\" data-end=\"1817\" \/><strong data-start=\"1817\" data-end=\"1828\">Precio:<\/strong> $35.00 con env\u00edo y personalizaci\u00f3n incluidos.<\/p>\n","protected":false},"featured_media":539,"comment_status":"open","ping_status":"closed","template":"","meta":{"_joinchat":[]},"product_brand":[],"product_cat":[15,29,36],"product_tag":[],"class_list":{"0":"post-1403","1":"product","2":"type-product","3":"status-publish","4":"has-post-thumbnail","6":"product_cat-categoria-general","7":"product_cat-chupete-para-bebes","8":"product_cat-personalizado","9":"wcpa_has_options","11":"first","12":"instock","13":"shipping-taxable","14":"purchasable","15":"product-type-simple"},"yoast_head":"<!-- This site is optimized with the Yoast SEO plugin v26.8 - https:\/\/yoast.com\/product\/yoast-seo-wordpress\/ -->\n<title>Chupete elegante con cadena personalizada \u2013 Regalo especial para reci\u00e9n nacido - Midulceesperastore<\/title>\n<meta name=\"robots\" content=\"index, follow, max-snippet:-1, max-image-preview:large, max-video-preview:-1\" \/>\n<link rel=\"canonical\" href=\"https:\/\/midulceesperastore.com\/es\/producto\/chupete-elegante-con-cadena-personalizada-regalo-especial-para-recien-nacido\/\" \/>\n<meta property=\"og:locale\" content=\"es_ES\" \/>\n<meta property=\"og:type\" content=\"article\" \/>\n<meta property=\"og:title\" content=\"Chupete elegante con cadena personalizada \u2013 Regalo especial para reci\u00e9n nacido - Midulceesperastore\" \/>\n<meta property=\"og:description\" content=\"Elegancia y cuidado en un solo detalle. Chupete con clip de cadena, personalizable y hecho con silicona segura 100% libre de BPA y PVC. Env\u00edo gratuito a todo EE.\u202fUU. El dise\u00f1o exclusivo de Mi Dulce Espera LLC combina lujo, confort y seguridad para tu beb\u00e9. Perfecto para lucir en fotos, regalar o complementar los primeros accesorios del peque\u00f1o. \ud83d\udc96 Incluye:     Personalizaci\u00f3n con nombre o iniciales.    Silicona de calidad alimentaria, 100% libre de BPA y PVC.    Diamantes de imitaci\u00f3n que a\u00f1aden brillo y estilo.    Clip de cadena que mantiene el chupete seguro.    Protector de mam\u00f3n para higiene extra.   \ud83c\udf81 Perfecto para: Baby shower, nacimiento o regalo especial.Precio: $35.00 con env\u00edo y personalizaci\u00f3n incluidos.\" \/>\n<meta property=\"og:url\" content=\"https:\/\/midulceesperastore.com\/es\/producto\/chupete-elegante-con-cadena-personalizada-regalo-especial-para-recien-nacido\/\" \/>\n<meta property=\"og:site_name\" content=\"Midulceesperastore\" \/>\n<meta property=\"article:publisher\" content=\"https:\/\/www.facebook.com\/people\/Mi-Dulce-Espera-L-L-C\/\" \/>\n<meta property=\"article:modified_time\" content=\"2025-12-18T15:30:48+00:00\" \/>\n<meta property=\"og:image\" content=\"https:\/\/midulceesperastore.com\/es\/wp-content\/uploads\/2025\/11\/66e07e3a-1f66-46cd-afe4-a77bcff01d42.jpg\" \/>\n\t<meta property=\"og:image:width\" content=\"2048\" \/>\n\t<meta property=\"og:image:height\" content=\"1536\" \/>\n\t<meta property=\"og:image:type\" content=\"image\/jpeg\" \/>\n<meta name=\"twitter:card\" content=\"summary_large_image\" \/>\n<meta name=\"twitter:label1\" content=\"Tiempo de lectura\" \/>\n\t<meta name=\"twitter:data1\" content=\"1 minuto\" \/>\n<script type=\"application\/ld+json\" class=\"yoast-schema-graph\">{\"@context\":\"https:\/\/schema.org\",\"@graph\":[{\"@type\":\"WebPage\",\"@id\":\"https:\/\/midulceesperastore.com\/es\/producto\/chupete-elegante-con-cadena-personalizada-regalo-especial-para-recien-nacido\/\",\"url\":\"https:\/\/midulceesperastore.com\/es\/producto\/chupete-elegante-con-cadena-personalizada-regalo-especial-para-recien-nacido\/\",\"name\":\"Chupete elegante con cadena personalizada \u2013 Regalo especial para reci\u00e9n nacido - Midulceesperastore\",\"isPartOf\":{\"@id\":\"https:\/\/midulceesperastore.com\/es\/#website\"},\"primaryImageOfPage\":{\"@id\":\"https:\/\/midulceesperastore.com\/es\/producto\/chupete-elegante-con-cadena-personalizada-regalo-especial-para-recien-nacido\/#primaryimage\"},\"image\":{\"@id\":\"https:\/\/midulceesperastore.com\/es\/producto\/chupete-elegante-con-cadena-personalizada-regalo-especial-para-recien-nacido\/#primaryimage\"},\"thumbnailUrl\":\"https:\/\/midulceesperastore.com\/es\/wp-content\/uploads\/2025\/11\/66e07e3a-1f66-46cd-afe4-a77bcff01d42.jpg\",\"datePublished\":\"2025-11-22T17:21:40+00:00\",\"dateModified\":\"2025-12-18T15:30:48+00:00\",\"breadcrumb\":{\"@id\":\"https:\/\/midulceesperastore.com\/es\/producto\/chupete-elegante-con-cadena-personalizada-regalo-especial-para-recien-nacido\/#breadcrumb\"},\"inLanguage\":\"es\",\"potentialAction\":[{\"@type\":\"ReadAction\",\"target\":[\"https:\/\/midulceesperastore.com\/es\/producto\/chupete-elegante-con-cadena-personalizada-regalo-especial-para-recien-nacido\/\"]}]},{\"@type\":\"ImageObject\",\"inLanguage\":\"es\",\"@id\":\"https:\/\/midulceesperastore.com\/es\/producto\/chupete-elegante-con-cadena-personalizada-regalo-especial-para-recien-nacido\/#primaryimage\",\"url\":\"https:\/\/midulceesperastore.com\/es\/wp-content\/uploads\/2025\/11\/66e07e3a-1f66-46cd-afe4-a77bcff01d42.jpg\",\"contentUrl\":\"https:\/\/midulceesperastore.com\/es\/wp-content\/uploads\/2025\/11\/66e07e3a-1f66-46cd-afe4-a77bcff01d42.jpg\",\"width\":2048,\"height\":1536},{\"@type\":\"BreadcrumbList\",\"@id\":\"https:\/\/midulceesperastore.com\/es\/producto\/chupete-elegante-con-cadena-personalizada-regalo-especial-para-recien-nacido\/#breadcrumb\",\"itemListElement\":[{\"@type\":\"ListItem\",\"position\":1,\"name\":\"Portada\",\"item\":\"https:\/\/midulceesperastore.com\/es\/\"},{\"@type\":\"ListItem\",\"position\":2,\"name\":\"Productos\",\"item\":\"https:\/\/midulceesperastore.com\/es\/kit-por-defecto\/\"},{\"@type\":\"ListItem\",\"position\":3,\"name\":\"Chupete elegante con cadena personalizada \u2013 Regalo especial para reci\u00e9n nacido\"}]},{\"@type\":\"WebSite\",\"@id\":\"https:\/\/midulceesperastore.com\/es\/#website\",\"url\":\"https:\/\/midulceesperastore.com\/es\/\",\"name\":\"Midulceesperastore\",\"description\":\"Set de Bienvenida para Beb\u00e9s\",\"publisher\":{\"@id\":\"https:\/\/midulceesperastore.com\/es\/#organization\"},\"potentialAction\":[{\"@type\":\"SearchAction\",\"target\":{\"@type\":\"EntryPoint\",\"urlTemplate\":\"https:\/\/midulceesperastore.com\/es\/?s={search_term_string}\"},\"query-input\":{\"@type\":\"PropertyValueSpecification\",\"valueRequired\":true,\"valueName\":\"search_term_string\"}}],\"inLanguage\":\"es\"},{\"@type\":\"Organization\",\"@id\":\"https:\/\/midulceesperastore.com\/es\/#organization\",\"name\":\"Midulceesperastore\",\"url\":\"https:\/\/midulceesperastore.com\/es\/\",\"logo\":{\"@type\":\"ImageObject\",\"inLanguage\":\"es\",\"@id\":\"https:\/\/midulceesperastore.com\/es\/#\/schema\/logo\/image\/\",\"url\":\"https:\/\/midulceesperastore.com\/es\/wp-content\/uploads\/2025\/12\/cropped-Set-de-Bienvenida-para-Bebes-1.png\",\"contentUrl\":\"https:\/\/midulceesperastore.com\/es\/wp-content\/uploads\/2025\/12\/cropped-Set-de-Bienvenida-para-Bebes-1.png\",\"width\":512,\"height\":512,\"caption\":\"Midulceesperastore\"},\"image\":{\"@id\":\"https:\/\/midulceesperastore.com\/es\/#\/schema\/logo\/image\/\"},\"sameAs\":[\"https:\/\/www.facebook.com\/people\/Mi-Dulce-Espera-L-L-C\/\"]}]}<\/script>\n<!-- \/ Yoast SEO plugin. -->","yoast_head_json":{"title":"Chupete elegante con cadena personalizada \u2013 Regalo especial para reci\u00e9n nacido - Midulceesperastore","robots":{"index":"index","follow":"follow","max-snippet":"max-snippet:-1","max-image-preview":"max-image-preview:large","max-video-preview":"max-video-preview:-1"},"canonical":"https:\/\/midulceesperastore.com\/es\/producto\/chupete-elegante-con-cadena-personalizada-regalo-especial-para-recien-nacido\/","og_locale":"es_ES","og_type":"article","og_title":"Chupete elegante con cadena personalizada \u2013 Regalo especial para reci\u00e9n nacido - Midulceesperastore","og_description":"Elegancia y cuidado en un solo detalle. Chupete con clip de cadena, personalizable y hecho con silicona segura 100% libre de BPA y PVC. Env\u00edo gratuito a todo EE.\u202fUU. El dise\u00f1o exclusivo de Mi Dulce Espera LLC combina lujo, confort y seguridad para tu beb\u00e9. Perfecto para lucir en fotos, regalar o complementar los primeros accesorios del peque\u00f1o. \ud83d\udc96 Incluye:     Personalizaci\u00f3n con nombre o iniciales.    Silicona de calidad alimentaria, 100% libre de BPA y PVC.    Diamantes de imitaci\u00f3n que a\u00f1aden brillo y estilo.    Clip de cadena que mantiene el chupete seguro.    Protector de mam\u00f3n para higiene extra.   \ud83c\udf81 Perfecto para: Baby shower, nacimiento o regalo especial.Precio: $35.00 con env\u00edo y personalizaci\u00f3n incluidos.","og_url":"https:\/\/midulceesperastore.com\/es\/producto\/chupete-elegante-con-cadena-personalizada-regalo-especial-para-recien-nacido\/","og_site_name":"Midulceesperastore","article_publisher":"https:\/\/www.facebook.com\/people\/Mi-Dulce-Espera-L-L-C\/","article_modified_time":"2025-12-18T15:30:48+00:00","og_image":[{"width":2048,"height":1536,"url":"https:\/\/midulceesperastore.com\/es\/wp-content\/uploads\/2025\/11\/66e07e3a-1f66-46cd-afe4-a77bcff01d42.jpg","type":"image\/jpeg"}],"twitter_card":"summary_large_image","twitter_misc":{"Tiempo de lectura":"1 minuto"},"schema":{"@context":"https:\/\/schema.org","@graph":[{"@type":"WebPage","@id":"https:\/\/midulceesperastore.com\/es\/producto\/chupete-elegante-con-cadena-personalizada-regalo-especial-para-recien-nacido\/","url":"https:\/\/midulceesperastore.com\/es\/producto\/chupete-elegante-con-cadena-personalizada-regalo-especial-para-recien-nacido\/","name":"Chupete elegante con cadena personalizada \u2013 Regalo especial para reci\u00e9n nacido - Midulceesperastore","isPartOf":{"@id":"https:\/\/midulceesperastore.com\/es\/#website"},"primaryImageOfPage":{"@id":"https:\/\/midulceesperastore.com\/es\/producto\/chupete-elegante-con-cadena-personalizada-regalo-especial-para-recien-nacido\/#primaryimage"},"image":{"@id":"https:\/\/midulceesperastore.com\/es\/producto\/chupete-elegante-con-cadena-personalizada-regalo-especial-para-recien-nacido\/#primaryimage"},"thumbnailUrl":"https:\/\/midulceesperastore.com\/es\/wp-content\/uploads\/2025\/11\/66e07e3a-1f66-46cd-afe4-a77bcff01d42.jpg","datePublished":"2025-11-22T17:21:40+00:00","dateModified":"2025-12-18T15:30:48+00:00","breadcrumb":{"@id":"https:\/\/midulceesperastore.com\/es\/producto\/chupete-elegante-con-cadena-personalizada-regalo-especial-para-recien-nacido\/#breadcrumb"},"inLanguage":"es","potentialAction":[{"@type":"ReadAction","target":["https:\/\/midulceesperastore.com\/es\/producto\/chupete-elegante-con-cadena-personalizada-regalo-especial-para-recien-nacido\/"]}]},{"@type":"ImageObject","inLanguage":"es","@id":"https:\/\/midulceesperastore.com\/es\/producto\/chupete-elegante-con-cadena-personalizada-regalo-especial-para-recien-nacido\/#primaryimage","url":"https:\/\/midulceesperastore.com\/es\/wp-content\/uploads\/2025\/11\/66e07e3a-1f66-46cd-afe4-a77bcff01d42.jpg","contentUrl":"https:\/\/midulceesperastore.com\/es\/wp-content\/uploads\/2025\/11\/66e07e3a-1f66-46cd-afe4-a77bcff01d42.jpg","width":2048,"height":1536},{"@type":"BreadcrumbList","@id":"https:\/\/midulceesperastore.com\/es\/producto\/chupete-elegante-con-cadena-personalizada-regalo-especial-para-recien-nacido\/#breadcrumb","itemListElement":[{"@type":"ListItem","position":1,"name":"Portada","item":"https:\/\/midulceesperastore.com\/es\/"},{"@type":"ListItem","position":2,"name":"Productos","item":"https:\/\/midulceesperastore.com\/es\/kit-por-defecto\/"},{"@type":"ListItem","position":3,"name":"Chupete elegante con cadena personalizada \u2013 Regalo especial para reci\u00e9n nacido"}]},{"@type":"WebSite","@id":"https:\/\/midulceesperastore.com\/es\/#website","url":"https:\/\/midulceesperastore.com\/es\/","name":"Midulceesperastore","description":"Set de Bienvenida para Beb\u00e9s","publisher":{"@id":"https:\/\/midulceesperastore.com\/es\/#organization"},"potentialAction":[{"@type":"SearchAction","target":{"@type":"EntryPoint","urlTemplate":"https:\/\/midulceesperastore.com\/es\/?s={search_term_string}"},"query-input":{"@type":"PropertyValueSpecification","valueRequired":true,"valueName":"search_term_string"}}],"inLanguage":"es"},{"@type":"Organization","@id":"https:\/\/midulceesperastore.com\/es\/#organization","name":"Midulceesperastore","url":"https:\/\/midulceesperastore.com\/es\/","logo":{"@type":"ImageObject","inLanguage":"es","@id":"https:\/\/midulceesperastore.com\/es\/#\/schema\/logo\/image\/","url":"https:\/\/midulceesperastore.com\/es\/wp-content\/uploads\/2025\/12\/cropped-Set-de-Bienvenida-para-Bebes-1.png","contentUrl":"https:\/\/midulceesperastore.com\/es\/wp-content\/uploads\/2025\/12\/cropped-Set-de-Bienvenida-para-Bebes-1.png","width":512,"height":512,"caption":"Midulceesperastore"},"image":{"@id":"https:\/\/midulceesperastore.com\/es\/#\/schema\/logo\/image\/"},"sameAs":["https:\/\/www.facebook.com\/people\/Mi-Dulce-Espera-L-L-C\/"]}]}},"_links":{"self":[{"href":"https:\/\/midulceesperastore.com\/es\/wp-json\/wp\/v2\/product\/1403","targetHints":{"allow":["GET"]}}],"collection":[{"href":"https:\/\/midulceesperastore.com\/es\/wp-json\/wp\/v2\/product"}],"about":[{"href":"https:\/\/midulceesperastore.com\/es\/wp-json\/wp\/v2\/types\/product"}],"replies":[{"embeddable":true,"href":"https:\/\/midulceesperastore.com\/es\/wp-json\/wp\/v2\/comments?post=1403"}],"wp:featuredmedia":[{"embeddable":true,"href":"https:\/\/midulceesperastore.com\/es\/wp-json\/wp\/v2\/media\/539"}],"wp:attachment":[{"href":"https:\/\/midulceesperastore.com\/es\/wp-json\/wp\/v2\/media?parent=1403"}],"wp:term":[{"taxonomy":"product_brand","embeddable":true,"href":"https:\/\/midulceesperastore.com\/es\/wp-json\/wp\/v2\/product_brand?post=1403"},{"taxonomy":"product_cat","embeddable":true,"href":"https:\/\/midulceesperastore.com\/es\/wp-json\/wp\/v2\/product_cat?post=1403"},{"taxonomy":"product_tag","embeddable":true,"href":"https:\/\/midulceesperastore.com\/es\/wp-json\/wp\/v2\/product_tag?post=1403"}],"curies":[{"name":"wp","href":"https:\/\/api.w.org\/{rel}","templated":true}]}}