{"id":1396,"date":"2025-11-22T17:16:33","date_gmt":"2025-11-22T17:16:33","guid":{"rendered":"https:\/\/midulceesperastore.com\/es\/?post_type=product&#038;p=1396"},"modified":"2025-12-18T14:45:45","modified_gmt":"2025-12-18T14:45:45","slug":"chupete-personalizado-con-clip-de-cadena-detalle-unico-para-tu-bebe","status":"publish","type":"product","link":"https:\/\/midulceesperastore.com\/es\/producto\/chupete-personalizado-con-clip-de-cadena-detalle-unico-para-tu-bebe\/","title":{"rendered":"Chupete personalizado con clip de cadena \u2013 Detalle \u00fanico para tu beb\u00e9"},"content":{"rendered":"","protected":false},"excerpt":{"rendered":"<p data-start=\"176\" data-end=\"385\">Un regalo que combina estilo y ternura. Chupete personalizado con clip de cadena, fabricado en silicona de calidad alimentaria 100% libre de BPA y PVC. Incluye personalizaci\u00f3n y env\u00edo gratuito a todo EE.\u202fUU.<\/p>\n<p data-start=\"387\" data-end=\"591\">El chupete elegante de Mi Dulce Espera LLC ofrece seguridad, confort y un toque de lujo. Su silicona de alta calidad protege las enc\u00edas del beb\u00e9 y su dise\u00f1o exclusivo a\u00f1ade sofisticaci\u00f3n a cada momento.<\/p>\n<p data-start=\"593\" data-end=\"630\">\ud83d\udc96 <strong data-start=\"596\" data-end=\"628\">Caracter\u00edsticas principales:<\/strong><\/p>\n<ul data-start=\"631\" data-end=\"949\">\n<li data-start=\"631\" data-end=\"673\">\n<p data-start=\"633\" data-end=\"673\">Personalizable con nombre o iniciales.<\/p>\n<\/li>\n<li data-start=\"674\" data-end=\"735\">\n<p data-start=\"676\" data-end=\"735\">Silicona de calidad alimentaria, 100% libre de BPA y PVC.<\/p>\n<\/li>\n<li data-start=\"736\" data-end=\"791\">\n<p data-start=\"738\" data-end=\"791\">Decoraci\u00f3n con diamantes de imitaci\u00f3n efecto bling.<\/p>\n<\/li>\n<li data-start=\"792\" data-end=\"846\">\n<p data-start=\"794\" data-end=\"846\">Clip de cadena que evita ca\u00eddas y a\u00f1ade elegancia.<\/p>\n<\/li>\n<li data-start=\"847\" data-end=\"889\">\n<p data-start=\"849\" data-end=\"889\">Protector de mam\u00f3n para mayor higiene.<\/p>\n<\/li>\n<li data-start=\"890\" data-end=\"949\">\n<p data-start=\"892\" data-end=\"949\">No hervir ni sumergir en agua; no apto para microondas.<\/p>\n<\/li>\n<\/ul>\n<p data-start=\"951\" data-end=\"1096\">\ud83c\udf81 <strong data-start=\"954\" data-end=\"969\">Ideal para:<\/strong> Regalos de nacimiento, baby shower o sesiones de fotos memorables.<br data-start=\"1036\" data-end=\"1039\" \/><strong data-start=\"1039\" data-end=\"1050\">Precio:<\/strong> $35.00 (env\u00edo y personalizaci\u00f3n incluidos).<\/p>\n","protected":false},"featured_media":541,"comment_status":"open","ping_status":"closed","template":"","meta":{"_joinchat":[]},"product_brand":[],"product_cat":[15,29,36],"product_tag":[],"class_list":{"0":"post-1396","1":"product","2":"type-product","3":"status-publish","4":"has-post-thumbnail","6":"product_cat-categoria-general","7":"product_cat-chupete-para-bebes","8":"product_cat-personalizado","9":"wcpa_has_options","11":"first","12":"instock","13":"shipping-taxable","14":"purchasable","15":"product-type-simple"},"yoast_head":"<!-- This site is optimized with the Yoast SEO plugin v26.8 - https:\/\/yoast.com\/product\/yoast-seo-wordpress\/ -->\n<title>Chupete personalizado con clip de cadena \u2013 Detalle \u00fanico para tu beb\u00e9 - Midulceesperastore<\/title>\n<meta name=\"robots\" content=\"index, follow, max-snippet:-1, max-image-preview:large, max-video-preview:-1\" \/>\n<link rel=\"canonical\" href=\"https:\/\/midulceesperastore.com\/es\/producto\/chupete-personalizado-con-clip-de-cadena-detalle-unico-para-tu-bebe\/\" \/>\n<meta property=\"og:locale\" content=\"es_ES\" \/>\n<meta property=\"og:type\" content=\"article\" \/>\n<meta property=\"og:title\" content=\"Chupete personalizado con clip de cadena \u2013 Detalle \u00fanico para tu beb\u00e9 - Midulceesperastore\" \/>\n<meta property=\"og:description\" content=\"Un regalo que combina estilo y ternura. Chupete personalizado con clip de cadena, fabricado en silicona de calidad alimentaria 100% libre de BPA y PVC. Incluye personalizaci\u00f3n y env\u00edo gratuito a todo EE.\u202fUU. El chupete elegante de Mi Dulce Espera LLC ofrece seguridad, confort y un toque de lujo. Su silicona de alta calidad protege las enc\u00edas del beb\u00e9 y su dise\u00f1o exclusivo a\u00f1ade sofisticaci\u00f3n a cada momento. \ud83d\udc96 Caracter\u00edsticas principales:     Personalizable con nombre o iniciales.    Silicona de calidad alimentaria, 100% libre de BPA y PVC.    Decoraci\u00f3n con diamantes de imitaci\u00f3n efecto bling.    Clip de cadena que evita ca\u00eddas y a\u00f1ade elegancia.    Protector de mam\u00f3n para mayor higiene.    No hervir ni sumergir en agua; no apto para microondas.   \ud83c\udf81 Ideal para: Regalos de nacimiento, baby shower o sesiones de fotos memorables.Precio: $35.00 (env\u00edo y personalizaci\u00f3n incluidos).\" \/>\n<meta property=\"og:url\" content=\"https:\/\/midulceesperastore.com\/es\/producto\/chupete-personalizado-con-clip-de-cadena-detalle-unico-para-tu-bebe\/\" \/>\n<meta property=\"og:site_name\" content=\"Midulceesperastore\" \/>\n<meta property=\"article:publisher\" content=\"https:\/\/www.facebook.com\/people\/Mi-Dulce-Espera-L-L-C\/\" \/>\n<meta property=\"article:modified_time\" content=\"2025-12-18T14:45:45+00:00\" \/>\n<meta property=\"og:image\" content=\"https:\/\/midulceesperastore.com\/es\/wp-content\/uploads\/2025\/11\/4dc03a32-f59f-4309-9b09-91b96b12a81c.jpg\" \/>\n\t<meta property=\"og:image:width\" content=\"1152\" \/>\n\t<meta property=\"og:image:height\" content=\"2048\" \/>\n\t<meta property=\"og:image:type\" content=\"image\/jpeg\" \/>\n<meta name=\"twitter:card\" content=\"summary_large_image\" \/>\n<meta name=\"twitter:label1\" content=\"Tiempo de lectura\" \/>\n\t<meta name=\"twitter:data1\" content=\"1 minuto\" \/>\n<script type=\"application\/ld+json\" class=\"yoast-schema-graph\">{\"@context\":\"https:\/\/schema.org\",\"@graph\":[{\"@type\":\"WebPage\",\"@id\":\"https:\/\/midulceesperastore.com\/es\/producto\/chupete-personalizado-con-clip-de-cadena-detalle-unico-para-tu-bebe\/\",\"url\":\"https:\/\/midulceesperastore.com\/es\/producto\/chupete-personalizado-con-clip-de-cadena-detalle-unico-para-tu-bebe\/\",\"name\":\"Chupete personalizado con clip de cadena \u2013 Detalle \u00fanico para tu beb\u00e9 - Midulceesperastore\",\"isPartOf\":{\"@id\":\"https:\/\/midulceesperastore.com\/es\/#website\"},\"primaryImageOfPage\":{\"@id\":\"https:\/\/midulceesperastore.com\/es\/producto\/chupete-personalizado-con-clip-de-cadena-detalle-unico-para-tu-bebe\/#primaryimage\"},\"image\":{\"@id\":\"https:\/\/midulceesperastore.com\/es\/producto\/chupete-personalizado-con-clip-de-cadena-detalle-unico-para-tu-bebe\/#primaryimage\"},\"thumbnailUrl\":\"https:\/\/midulceesperastore.com\/es\/wp-content\/uploads\/2025\/11\/4dc03a32-f59f-4309-9b09-91b96b12a81c.jpg\",\"datePublished\":\"2025-11-22T17:16:33+00:00\",\"dateModified\":\"2025-12-18T14:45:45+00:00\",\"breadcrumb\":{\"@id\":\"https:\/\/midulceesperastore.com\/es\/producto\/chupete-personalizado-con-clip-de-cadena-detalle-unico-para-tu-bebe\/#breadcrumb\"},\"inLanguage\":\"es\",\"potentialAction\":[{\"@type\":\"ReadAction\",\"target\":[\"https:\/\/midulceesperastore.com\/es\/producto\/chupete-personalizado-con-clip-de-cadena-detalle-unico-para-tu-bebe\/\"]}]},{\"@type\":\"ImageObject\",\"inLanguage\":\"es\",\"@id\":\"https:\/\/midulceesperastore.com\/es\/producto\/chupete-personalizado-con-clip-de-cadena-detalle-unico-para-tu-bebe\/#primaryimage\",\"url\":\"https:\/\/midulceesperastore.com\/es\/wp-content\/uploads\/2025\/11\/4dc03a32-f59f-4309-9b09-91b96b12a81c.jpg\",\"contentUrl\":\"https:\/\/midulceesperastore.com\/es\/wp-content\/uploads\/2025\/11\/4dc03a32-f59f-4309-9b09-91b96b12a81c.jpg\",\"width\":1152,\"height\":2048},{\"@type\":\"BreadcrumbList\",\"@id\":\"https:\/\/midulceesperastore.com\/es\/producto\/chupete-personalizado-con-clip-de-cadena-detalle-unico-para-tu-bebe\/#breadcrumb\",\"itemListElement\":[{\"@type\":\"ListItem\",\"position\":1,\"name\":\"Portada\",\"item\":\"https:\/\/midulceesperastore.com\/es\/\"},{\"@type\":\"ListItem\",\"position\":2,\"name\":\"Productos\",\"item\":\"https:\/\/midulceesperastore.com\/es\/kit-por-defecto\/\"},{\"@type\":\"ListItem\",\"position\":3,\"name\":\"Chupete personalizado con clip de cadena \u2013 Detalle \u00fanico para tu beb\u00e9\"}]},{\"@type\":\"WebSite\",\"@id\":\"https:\/\/midulceesperastore.com\/es\/#website\",\"url\":\"https:\/\/midulceesperastore.com\/es\/\",\"name\":\"Midulceesperastore\",\"description\":\"Set de Bienvenida para Beb\u00e9s\",\"publisher\":{\"@id\":\"https:\/\/midulceesperastore.com\/es\/#organization\"},\"potentialAction\":[{\"@type\":\"SearchAction\",\"target\":{\"@type\":\"EntryPoint\",\"urlTemplate\":\"https:\/\/midulceesperastore.com\/es\/?s={search_term_string}\"},\"query-input\":{\"@type\":\"PropertyValueSpecification\",\"valueRequired\":true,\"valueName\":\"search_term_string\"}}],\"inLanguage\":\"es\"},{\"@type\":\"Organization\",\"@id\":\"https:\/\/midulceesperastore.com\/es\/#organization\",\"name\":\"Midulceesperastore\",\"url\":\"https:\/\/midulceesperastore.com\/es\/\",\"logo\":{\"@type\":\"ImageObject\",\"inLanguage\":\"es\",\"@id\":\"https:\/\/midulceesperastore.com\/es\/#\/schema\/logo\/image\/\",\"url\":\"https:\/\/midulceesperastore.com\/es\/wp-content\/uploads\/2025\/12\/cropped-Set-de-Bienvenida-para-Bebes-1.png\",\"contentUrl\":\"https:\/\/midulceesperastore.com\/es\/wp-content\/uploads\/2025\/12\/cropped-Set-de-Bienvenida-para-Bebes-1.png\",\"width\":512,\"height\":512,\"caption\":\"Midulceesperastore\"},\"image\":{\"@id\":\"https:\/\/midulceesperastore.com\/es\/#\/schema\/logo\/image\/\"},\"sameAs\":[\"https:\/\/www.facebook.com\/people\/Mi-Dulce-Espera-L-L-C\/\"]}]}<\/script>\n<!-- \/ Yoast SEO plugin. -->","yoast_head_json":{"title":"Chupete personalizado con clip de cadena \u2013 Detalle \u00fanico para tu beb\u00e9 - Midulceesperastore","robots":{"index":"index","follow":"follow","max-snippet":"max-snippet:-1","max-image-preview":"max-image-preview:large","max-video-preview":"max-video-preview:-1"},"canonical":"https:\/\/midulceesperastore.com\/es\/producto\/chupete-personalizado-con-clip-de-cadena-detalle-unico-para-tu-bebe\/","og_locale":"es_ES","og_type":"article","og_title":"Chupete personalizado con clip de cadena \u2013 Detalle \u00fanico para tu beb\u00e9 - Midulceesperastore","og_description":"Un regalo que combina estilo y ternura. Chupete personalizado con clip de cadena, fabricado en silicona de calidad alimentaria 100% libre de BPA y PVC. Incluye personalizaci\u00f3n y env\u00edo gratuito a todo EE.\u202fUU. El chupete elegante de Mi Dulce Espera LLC ofrece seguridad, confort y un toque de lujo. Su silicona de alta calidad protege las enc\u00edas del beb\u00e9 y su dise\u00f1o exclusivo a\u00f1ade sofisticaci\u00f3n a cada momento. \ud83d\udc96 Caracter\u00edsticas principales:     Personalizable con nombre o iniciales.    Silicona de calidad alimentaria, 100% libre de BPA y PVC.    Decoraci\u00f3n con diamantes de imitaci\u00f3n efecto bling.    Clip de cadena que evita ca\u00eddas y a\u00f1ade elegancia.    Protector de mam\u00f3n para mayor higiene.    No hervir ni sumergir en agua; no apto para microondas.   \ud83c\udf81 Ideal para: Regalos de nacimiento, baby shower o sesiones de fotos memorables.Precio: $35.00 (env\u00edo y personalizaci\u00f3n incluidos).","og_url":"https:\/\/midulceesperastore.com\/es\/producto\/chupete-personalizado-con-clip-de-cadena-detalle-unico-para-tu-bebe\/","og_site_name":"Midulceesperastore","article_publisher":"https:\/\/www.facebook.com\/people\/Mi-Dulce-Espera-L-L-C\/","article_modified_time":"2025-12-18T14:45:45+00:00","og_image":[{"width":1152,"height":2048,"url":"https:\/\/midulceesperastore.com\/es\/wp-content\/uploads\/2025\/11\/4dc03a32-f59f-4309-9b09-91b96b12a81c.jpg","type":"image\/jpeg"}],"twitter_card":"summary_large_image","twitter_misc":{"Tiempo de lectura":"1 minuto"},"schema":{"@context":"https:\/\/schema.org","@graph":[{"@type":"WebPage","@id":"https:\/\/midulceesperastore.com\/es\/producto\/chupete-personalizado-con-clip-de-cadena-detalle-unico-para-tu-bebe\/","url":"https:\/\/midulceesperastore.com\/es\/producto\/chupete-personalizado-con-clip-de-cadena-detalle-unico-para-tu-bebe\/","name":"Chupete personalizado con clip de cadena \u2013 Detalle \u00fanico para tu beb\u00e9 - Midulceesperastore","isPartOf":{"@id":"https:\/\/midulceesperastore.com\/es\/#website"},"primaryImageOfPage":{"@id":"https:\/\/midulceesperastore.com\/es\/producto\/chupete-personalizado-con-clip-de-cadena-detalle-unico-para-tu-bebe\/#primaryimage"},"image":{"@id":"https:\/\/midulceesperastore.com\/es\/producto\/chupete-personalizado-con-clip-de-cadena-detalle-unico-para-tu-bebe\/#primaryimage"},"thumbnailUrl":"https:\/\/midulceesperastore.com\/es\/wp-content\/uploads\/2025\/11\/4dc03a32-f59f-4309-9b09-91b96b12a81c.jpg","datePublished":"2025-11-22T17:16:33+00:00","dateModified":"2025-12-18T14:45:45+00:00","breadcrumb":{"@id":"https:\/\/midulceesperastore.com\/es\/producto\/chupete-personalizado-con-clip-de-cadena-detalle-unico-para-tu-bebe\/#breadcrumb"},"inLanguage":"es","potentialAction":[{"@type":"ReadAction","target":["https:\/\/midulceesperastore.com\/es\/producto\/chupete-personalizado-con-clip-de-cadena-detalle-unico-para-tu-bebe\/"]}]},{"@type":"ImageObject","inLanguage":"es","@id":"https:\/\/midulceesperastore.com\/es\/producto\/chupete-personalizado-con-clip-de-cadena-detalle-unico-para-tu-bebe\/#primaryimage","url":"https:\/\/midulceesperastore.com\/es\/wp-content\/uploads\/2025\/11\/4dc03a32-f59f-4309-9b09-91b96b12a81c.jpg","contentUrl":"https:\/\/midulceesperastore.com\/es\/wp-content\/uploads\/2025\/11\/4dc03a32-f59f-4309-9b09-91b96b12a81c.jpg","width":1152,"height":2048},{"@type":"BreadcrumbList","@id":"https:\/\/midulceesperastore.com\/es\/producto\/chupete-personalizado-con-clip-de-cadena-detalle-unico-para-tu-bebe\/#breadcrumb","itemListElement":[{"@type":"ListItem","position":1,"name":"Portada","item":"https:\/\/midulceesperastore.com\/es\/"},{"@type":"ListItem","position":2,"name":"Productos","item":"https:\/\/midulceesperastore.com\/es\/kit-por-defecto\/"},{"@type":"ListItem","position":3,"name":"Chupete personalizado con clip de cadena \u2013 Detalle \u00fanico para tu beb\u00e9"}]},{"@type":"WebSite","@id":"https:\/\/midulceesperastore.com\/es\/#website","url":"https:\/\/midulceesperastore.com\/es\/","name":"Midulceesperastore","description":"Set de Bienvenida para Beb\u00e9s","publisher":{"@id":"https:\/\/midulceesperastore.com\/es\/#organization"},"potentialAction":[{"@type":"SearchAction","target":{"@type":"EntryPoint","urlTemplate":"https:\/\/midulceesperastore.com\/es\/?s={search_term_string}"},"query-input":{"@type":"PropertyValueSpecification","valueRequired":true,"valueName":"search_term_string"}}],"inLanguage":"es"},{"@type":"Organization","@id":"https:\/\/midulceesperastore.com\/es\/#organization","name":"Midulceesperastore","url":"https:\/\/midulceesperastore.com\/es\/","logo":{"@type":"ImageObject","inLanguage":"es","@id":"https:\/\/midulceesperastore.com\/es\/#\/schema\/logo\/image\/","url":"https:\/\/midulceesperastore.com\/es\/wp-content\/uploads\/2025\/12\/cropped-Set-de-Bienvenida-para-Bebes-1.png","contentUrl":"https:\/\/midulceesperastore.com\/es\/wp-content\/uploads\/2025\/12\/cropped-Set-de-Bienvenida-para-Bebes-1.png","width":512,"height":512,"caption":"Midulceesperastore"},"image":{"@id":"https:\/\/midulceesperastore.com\/es\/#\/schema\/logo\/image\/"},"sameAs":["https:\/\/www.facebook.com\/people\/Mi-Dulce-Espera-L-L-C\/"]}]}},"_links":{"self":[{"href":"https:\/\/midulceesperastore.com\/es\/wp-json\/wp\/v2\/product\/1396","targetHints":{"allow":["GET"]}}],"collection":[{"href":"https:\/\/midulceesperastore.com\/es\/wp-json\/wp\/v2\/product"}],"about":[{"href":"https:\/\/midulceesperastore.com\/es\/wp-json\/wp\/v2\/types\/product"}],"replies":[{"embeddable":true,"href":"https:\/\/midulceesperastore.com\/es\/wp-json\/wp\/v2\/comments?post=1396"}],"wp:featuredmedia":[{"embeddable":true,"href":"https:\/\/midulceesperastore.com\/es\/wp-json\/wp\/v2\/media\/541"}],"wp:attachment":[{"href":"https:\/\/midulceesperastore.com\/es\/wp-json\/wp\/v2\/media?parent=1396"}],"wp:term":[{"taxonomy":"product_brand","embeddable":true,"href":"https:\/\/midulceesperastore.com\/es\/wp-json\/wp\/v2\/product_brand?post=1396"},{"taxonomy":"product_cat","embeddable":true,"href":"https:\/\/midulceesperastore.com\/es\/wp-json\/wp\/v2\/product_cat?post=1396"},{"taxonomy":"product_tag","embeddable":true,"href":"https:\/\/midulceesperastore.com\/es\/wp-json\/wp\/v2\/product_tag?post=1396"}],"curies":[{"name":"wp","href":"https:\/\/api.w.org\/{rel}","templated":true}]}}