{"id":1696,"date":"2025-12-07T23:54:20","date_gmt":"2025-12-07T23:54:20","guid":{"rendered":"https:\/\/midulceesperastore.com\/es\/?page_id=1696"},"modified":"2026-01-06T21:31:28","modified_gmt":"2026-01-06T21:31:28","slug":"nuestro-servicios","status":"publish","type":"page","link":"https:\/\/midulceesperastore.com\/es\/nuestro-servicios\/","title":{"rendered":"Nuestro Servicios"},"content":{"rendered":"\t\t<div data-elementor-type=\"wp-page\" data-elementor-id=\"1696\" class=\"elementor elementor-1696\" data-elementor-post-type=\"page\">\n\t\t\t\t<div class=\"elementor-element elementor-element-c958ceb e-flex e-con-boxed e-con e-parent\" data-id=\"c958ceb\" data-element_type=\"container\">\n\t\t\t\t\t<div class=\"e-con-inner\">\n\t\t\t\t<div class=\"elementor-element elementor-element-0e58b76 elementor-widget elementor-widget-text-editor\" data-id=\"0e58b76\" data-element_type=\"widget\" data-widget_type=\"text-editor.default\">\n\t\t\t\t\t\t\t\t\t<ul><li><p class=\"entry-title\"><a href=\"https:\/\/midulceesperastore.com\/es\/set-de-bienvenida-para-bebe\/\">Set de Bienvenida para Beb\u00e9- Comprar onlne en Usa.<\/a><\/p><\/li><li><a href=\"https:\/\/midulceesperastore.com\/es\/ropita-de-bebe-0-3-meses\/\">Ropita de Beb\u00e9 0-3 meses personalizada con nombre<\/a><\/li><li><a href=\"https:\/\/midulceesperastore.com\/es\/atuendos-primera-puesta\/\">Atenduos Primera Puesta con Bordado y Env\u00edo<\/a><\/li><li><a href=\"https:\/\/midulceesperastore.com\/es\/ropa-tejida-personalizada-para-primera-puesta\/\">Ropa tejida personalizada para primera puesta<\/a><\/li><li><a href=\"https:\/\/midulceesperastore.com\/es\/conjunto-de-algodon-personalizado\/\">conjunto de algodon personalizado. Hecho en Portugal<\/a><\/li><li><a href=\"https:\/\/midulceesperastore.com\/es\/ropita-recien-nacido-unisex-personalizada-mejor-precio\/\">Ropita recien nacido unisex personalizada mejor precio<\/a><\/li><\/ul>\t\t\t\t\t\t\t\t<\/div>\n\t\t\t\t\t<\/div>\n\t\t\t\t<\/div>\n\t\t<div class=\"elementor-element elementor-element-56774a7 e-flex e-con-boxed e-con e-parent\" data-id=\"56774a7\" data-element_type=\"container\">\n\t\t\t\t\t<div class=\"e-con-inner\">\n\t\t\t\t\t<\/div>\n\t\t\t\t<\/div>\n\t\t\t\t<\/div>\n\t\t","protected":false},"excerpt":{"rendered":"<p>Set de Bienvenida para Beb\u00e9- Comprar onlne en Usa. Ropita de Beb\u00e9 0-3 meses personalizada con nombre Atenduos Primera Puesta con Bordado y Env\u00edo Ropa tejida personalizada para primera puesta conjunto de algodon personalizado. Hecho en Portugal Ropita recien nacido unisex personalizada mejor precio<\/p>\n","protected":false},"author":1,"featured_media":0,"parent":0,"menu_order":0,"comment_status":"closed","ping_status":"closed","template":"","meta":{"_joinchat":[],"footnotes":""},"class_list":["post-1696","page","type-page","status-publish","hentry"],"yoast_head":"<!-- This site is optimized with the Yoast SEO plugin v26.8 - https:\/\/yoast.com\/product\/yoast-seo-wordpress\/ -->\n<title>Nuestro Servicios - Midulceesperastore<\/title>\n<meta name=\"robots\" content=\"index, follow, max-snippet:-1, max-image-preview:large, max-video-preview:-1\" \/>\n<link rel=\"canonical\" href=\"https:\/\/midulceesperastore.com\/es\/nuestro-servicios\/\" \/>\n<meta property=\"og:locale\" content=\"es_ES\" \/>\n<meta property=\"og:type\" content=\"article\" \/>\n<meta property=\"og:title\" content=\"Nuestro Servicios - Midulceesperastore\" \/>\n<meta property=\"og:description\" content=\"Set de Bienvenida para Beb\u00e9- Comprar onlne en Usa. Ropita de Beb\u00e9 0-3 meses personalizada con nombre Atenduos Primera Puesta con Bordado y Env\u00edo Ropa tejida personalizada para primera puesta conjunto de algodon personalizado. Hecho en Portugal Ropita recien nacido unisex personalizada mejor precio\" \/>\n<meta property=\"og:url\" content=\"https:\/\/midulceesperastore.com\/es\/nuestro-servicios\/\" \/>\n<meta property=\"og:site_name\" content=\"Midulceesperastore\" \/>\n<meta property=\"article:publisher\" content=\"https:\/\/www.facebook.com\/people\/Mi-Dulce-Espera-L-L-C\/\" \/>\n<meta property=\"article:modified_time\" content=\"2026-01-06T21:31:28+00:00\" \/>\n<meta property=\"og:image\" content=\"https:\/\/midulceesperastore.com\/es\/wp-content\/uploads\/2025\/12\/Set-de-Bienvenida-para-Bebes.png\" \/>\n\t<meta property=\"og:image:width\" content=\"512\" \/>\n\t<meta property=\"og:image:height\" content=\"512\" \/>\n\t<meta property=\"og:image:type\" content=\"image\/png\" \/>\n<meta name=\"twitter:card\" content=\"summary_large_image\" \/>\n<meta name=\"twitter:label1\" content=\"Tiempo de lectura\" \/>\n\t<meta name=\"twitter:data1\" content=\"1 minuto\" \/>\n<script type=\"application\/ld+json\" class=\"yoast-schema-graph\">{\"@context\":\"https:\/\/schema.org\",\"@graph\":[{\"@type\":\"WebPage\",\"@id\":\"https:\/\/midulceesperastore.com\/es\/nuestro-servicios\/\",\"url\":\"https:\/\/midulceesperastore.com\/es\/nuestro-servicios\/\",\"name\":\"Nuestro Servicios - Midulceesperastore\",\"isPartOf\":{\"@id\":\"https:\/\/midulceesperastore.com\/es\/#website\"},\"datePublished\":\"2025-12-07T23:54:20+00:00\",\"dateModified\":\"2026-01-06T21:31:28+00:00\",\"breadcrumb\":{\"@id\":\"https:\/\/midulceesperastore.com\/es\/nuestro-servicios\/#breadcrumb\"},\"inLanguage\":\"es\",\"potentialAction\":[{\"@type\":\"ReadAction\",\"target\":[\"https:\/\/midulceesperastore.com\/es\/nuestro-servicios\/\"]}]},{\"@type\":\"BreadcrumbList\",\"@id\":\"https:\/\/midulceesperastore.com\/es\/nuestro-servicios\/#breadcrumb\",\"itemListElement\":[{\"@type\":\"ListItem\",\"position\":1,\"name\":\"Portada\",\"item\":\"https:\/\/midulceesperastore.com\/es\/\"},{\"@type\":\"ListItem\",\"position\":2,\"name\":\"Nuestro Servicios\"}]},{\"@type\":\"WebSite\",\"@id\":\"https:\/\/midulceesperastore.com\/es\/#website\",\"url\":\"https:\/\/midulceesperastore.com\/es\/\",\"name\":\"Midulceesperastore\",\"description\":\"Set de Bienvenida para Beb\u00e9s\",\"publisher\":{\"@id\":\"https:\/\/midulceesperastore.com\/es\/#organization\"},\"potentialAction\":[{\"@type\":\"SearchAction\",\"target\":{\"@type\":\"EntryPoint\",\"urlTemplate\":\"https:\/\/midulceesperastore.com\/es\/?s={search_term_string}\"},\"query-input\":{\"@type\":\"PropertyValueSpecification\",\"valueRequired\":true,\"valueName\":\"search_term_string\"}}],\"inLanguage\":\"es\"},{\"@type\":\"Organization\",\"@id\":\"https:\/\/midulceesperastore.com\/es\/#organization\",\"name\":\"Midulceesperastore\",\"url\":\"https:\/\/midulceesperastore.com\/es\/\",\"logo\":{\"@type\":\"ImageObject\",\"inLanguage\":\"es\",\"@id\":\"https:\/\/midulceesperastore.com\/es\/#\/schema\/logo\/image\/\",\"url\":\"https:\/\/midulceesperastore.com\/es\/wp-content\/uploads\/2025\/12\/cropped-Set-de-Bienvenida-para-Bebes-1.png\",\"contentUrl\":\"https:\/\/midulceesperastore.com\/es\/wp-content\/uploads\/2025\/12\/cropped-Set-de-Bienvenida-para-Bebes-1.png\",\"width\":512,\"height\":512,\"caption\":\"Midulceesperastore\"},\"image\":{\"@id\":\"https:\/\/midulceesperastore.com\/es\/#\/schema\/logo\/image\/\"},\"sameAs\":[\"https:\/\/www.facebook.com\/people\/Mi-Dulce-Espera-L-L-C\/\"]}]}<\/script>\n<!-- \/ Yoast SEO plugin. -->","yoast_head_json":{"title":"Nuestro Servicios - Midulceesperastore","robots":{"index":"index","follow":"follow","max-snippet":"max-snippet:-1","max-image-preview":"max-image-preview:large","max-video-preview":"max-video-preview:-1"},"canonical":"https:\/\/midulceesperastore.com\/es\/nuestro-servicios\/","og_locale":"es_ES","og_type":"article","og_title":"Nuestro Servicios - Midulceesperastore","og_description":"Set de Bienvenida para Beb\u00e9- Comprar onlne en Usa. Ropita de Beb\u00e9 0-3 meses personalizada con nombre Atenduos Primera Puesta con Bordado y Env\u00edo Ropa tejida personalizada para primera puesta conjunto de algodon personalizado. Hecho en Portugal Ropita recien nacido unisex personalizada mejor precio","og_url":"https:\/\/midulceesperastore.com\/es\/nuestro-servicios\/","og_site_name":"Midulceesperastore","article_publisher":"https:\/\/www.facebook.com\/people\/Mi-Dulce-Espera-L-L-C\/","article_modified_time":"2026-01-06T21:31:28+00:00","og_image":[{"width":512,"height":512,"url":"https:\/\/midulceesperastore.com\/es\/wp-content\/uploads\/2025\/12\/Set-de-Bienvenida-para-Bebes.png","type":"image\/png"}],"twitter_card":"summary_large_image","twitter_misc":{"Tiempo de lectura":"1 minuto"},"schema":{"@context":"https:\/\/schema.org","@graph":[{"@type":"WebPage","@id":"https:\/\/midulceesperastore.com\/es\/nuestro-servicios\/","url":"https:\/\/midulceesperastore.com\/es\/nuestro-servicios\/","name":"Nuestro Servicios - Midulceesperastore","isPartOf":{"@id":"https:\/\/midulceesperastore.com\/es\/#website"},"datePublished":"2025-12-07T23:54:20+00:00","dateModified":"2026-01-06T21:31:28+00:00","breadcrumb":{"@id":"https:\/\/midulceesperastore.com\/es\/nuestro-servicios\/#breadcrumb"},"inLanguage":"es","potentialAction":[{"@type":"ReadAction","target":["https:\/\/midulceesperastore.com\/es\/nuestro-servicios\/"]}]},{"@type":"BreadcrumbList","@id":"https:\/\/midulceesperastore.com\/es\/nuestro-servicios\/#breadcrumb","itemListElement":[{"@type":"ListItem","position":1,"name":"Portada","item":"https:\/\/midulceesperastore.com\/es\/"},{"@type":"ListItem","position":2,"name":"Nuestro Servicios"}]},{"@type":"WebSite","@id":"https:\/\/midulceesperastore.com\/es\/#website","url":"https:\/\/midulceesperastore.com\/es\/","name":"Midulceesperastore","description":"Set de Bienvenida para Beb\u00e9s","publisher":{"@id":"https:\/\/midulceesperastore.com\/es\/#organization"},"potentialAction":[{"@type":"SearchAction","target":{"@type":"EntryPoint","urlTemplate":"https:\/\/midulceesperastore.com\/es\/?s={search_term_string}"},"query-input":{"@type":"PropertyValueSpecification","valueRequired":true,"valueName":"search_term_string"}}],"inLanguage":"es"},{"@type":"Organization","@id":"https:\/\/midulceesperastore.com\/es\/#organization","name":"Midulceesperastore","url":"https:\/\/midulceesperastore.com\/es\/","logo":{"@type":"ImageObject","inLanguage":"es","@id":"https:\/\/midulceesperastore.com\/es\/#\/schema\/logo\/image\/","url":"https:\/\/midulceesperastore.com\/es\/wp-content\/uploads\/2025\/12\/cropped-Set-de-Bienvenida-para-Bebes-1.png","contentUrl":"https:\/\/midulceesperastore.com\/es\/wp-content\/uploads\/2025\/12\/cropped-Set-de-Bienvenida-para-Bebes-1.png","width":512,"height":512,"caption":"Midulceesperastore"},"image":{"@id":"https:\/\/midulceesperastore.com\/es\/#\/schema\/logo\/image\/"},"sameAs":["https:\/\/www.facebook.com\/people\/Mi-Dulce-Espera-L-L-C\/"]}]}},"_hostinger_reach_plugin_has_subscription_block":false,"_hostinger_reach_plugin_is_elementor":false,"_links":{"self":[{"href":"https:\/\/midulceesperastore.com\/es\/wp-json\/wp\/v2\/pages\/1696","targetHints":{"allow":["GET"]}}],"collection":[{"href":"https:\/\/midulceesperastore.com\/es\/wp-json\/wp\/v2\/pages"}],"about":[{"href":"https:\/\/midulceesperastore.com\/es\/wp-json\/wp\/v2\/types\/page"}],"author":[{"embeddable":true,"href":"https:\/\/midulceesperastore.com\/es\/wp-json\/wp\/v2\/users\/1"}],"replies":[{"embeddable":true,"href":"https:\/\/midulceesperastore.com\/es\/wp-json\/wp\/v2\/comments?post=1696"}],"version-history":[{"count":25,"href":"https:\/\/midulceesperastore.com\/es\/wp-json\/wp\/v2\/pages\/1696\/revisions"}],"predecessor-version":[{"id":1979,"href":"https:\/\/midulceesperastore.com\/es\/wp-json\/wp\/v2\/pages\/1696\/revisions\/1979"}],"wp:attachment":[{"href":"https:\/\/midulceesperastore.com\/es\/wp-json\/wp\/v2\/media?parent=1696"}],"curies":[{"name":"wp","href":"https:\/\/api.w.org\/{rel}","templated":true}]}}