{"id":110,"date":"2025-11-04T14:21:21","date_gmt":"2025-11-04T14:21:21","guid":{"rendered":"https:\/\/midulceesperausa.inabaweb.com\/?page_id=110"},"modified":"2025-11-18T00:18:10","modified_gmt":"2025-11-18T00:18:10","slug":"politicas-de-cookies","status":"publish","type":"page","link":"https:\/\/midulceesperastore.com\/es\/politicas-de-cookies\/","title":{"rendered":"Pol\u00edticas de cookies"},"content":{"rendered":"\t\t<div data-elementor-type=\"wp-page\" data-elementor-id=\"110\" class=\"elementor elementor-110\" data-elementor-post-type=\"page\">\n\t\t\t\t<div class=\"elementor-element elementor-element-23f4681c e-flex e-con-boxed e-con e-parent\" data-id=\"23f4681c\" data-element_type=\"container\" data-settings=\"{&quot;background_background&quot;:&quot;classic&quot;}\">\n\t\t\t\t\t<div class=\"e-con-inner\">\n\t\t\t\t<div class=\"elementor-element elementor-element-65fc3447 elementor-invisible elementor-widget elementor-widget-heading\" data-id=\"65fc3447\" data-element_type=\"widget\" data-settings=\"{&quot;_animation&quot;:&quot;rollIn&quot;,&quot;_animation_delay&quot;:200}\" data-widget_type=\"heading.default\">\n\t\t\t\t\t<h1 class=\"elementor-heading-title elementor-size-default\">Pol\u00edticas de cookies<\/h1>\t\t\t\t<\/div>\n\t\t\t\t<div class=\"elementor-element elementor-element-1454b41e elementor-invisible elementor-widget elementor-widget-text-editor\" data-id=\"1454b41e\" data-element_type=\"widget\" data-settings=\"{&quot;_animation&quot;:&quot;fadeIn&quot;}\" data-widget_type=\"text-editor.default\">\n\t\t\t\t\t\t\t\t\t<p data-pm-slice=\"1 1 []\"><a href=\"https:\/\/midulceesperastore.com\/es\/\">Inicio<\/a> \u00bb Cookies<\/p>\t\t\t\t\t\t\t\t<\/div>\n\t\t\t\t\t<\/div>\n\t\t\t\t<\/div>\n\t\t<div class=\"elementor-element elementor-element-6b0bbce2 e-flex e-con-boxed e-con e-parent\" data-id=\"6b0bbce2\" data-element_type=\"container\">\n\t\t\t\t\t<div class=\"e-con-inner\">\n\t\t\t\t<div class=\"elementor-element elementor-element-1bee50dd elementor-invisible elementor-widget elementor-widget-text-editor\" data-id=\"1bee50dd\" data-element_type=\"widget\" data-settings=\"{&quot;_animation&quot;:&quot;fadeIn&quot;}\" data-widget_type=\"text-editor.default\">\n\t\t\t\t\t\t\t\t\t<p data-start=\"153\" data-end=\"398\">En <strong data-start=\"156\" data-end=\"179\">Mi Dulce Espera LLC<\/strong>, utilizamos cookies para mejorar tu experiencia de navegaci\u00f3n, analizar el tr\u00e1fico del sitio y personalizar el contenido que ves. Esta pol\u00edtica explica qu\u00e9 son las cookies, c\u00f3mo las usamos y c\u00f3mo puedes gestionarlas.<\/p><h3 data-start=\"405\" data-end=\"440\"><strong data-start=\"412\" data-end=\"440\">1. \u00bfQu\u00e9 son las cookies?<\/strong><\/h3><p data-start=\"441\" data-end=\"729\">Las cookies son peque\u00f1os archivos de texto que se almacenan en tu dispositivo (ordenador, tablet o m\u00f3vil) cuando visitas una p\u00e1gina web. Permiten que el sitio recuerde tus preferencias, como idioma, carrito de compras o sesi\u00f3n iniciada, para ofrecerte una experiencia m\u00e1s personalizada.<\/p><h3 data-start=\"736\" data-end=\"781\"><strong data-start=\"743\" data-end=\"781\">2. Tipos de cookies que utilizamos<\/strong><\/h3><p data-start=\"782\" data-end=\"867\">En <strong data-start=\"785\" data-end=\"808\">Mi Dulce Espera LLC<\/strong> usamos distintos tipos de cookies con fines espec\u00edficos:<\/p><ul data-start=\"869\" data-end=\"1341\"><li data-start=\"869\" data-end=\"992\"><p data-start=\"871\" data-end=\"992\"><strong data-start=\"871\" data-end=\"894\">Cookies esenciales:<\/strong> necesarias para el funcionamiento del sitio (por ejemplo, carrito de compra o proceso de pago).<\/p><\/li><li data-start=\"993\" data-end=\"1111\"><p data-start=\"995\" data-end=\"1111\"><strong data-start=\"995\" data-end=\"1022\">Cookies de rendimiento:<\/strong> nos ayudan a entender c\u00f3mo los visitantes usan el sitio para mejorar su funcionalidad.<\/p><\/li><li data-start=\"1112\" data-end=\"1206\"><p data-start=\"1114\" data-end=\"1206\"><strong data-start=\"1114\" data-end=\"1145\">Cookies de personalizaci\u00f3n:<\/strong> permiten recordar tus preferencias (idioma, regi\u00f3n, etc.).<\/p><\/li><li data-start=\"1207\" data-end=\"1341\"><p data-start=\"1209\" data-end=\"1341\"><strong data-start=\"1209\" data-end=\"1234\">Cookies de marketing:<\/strong> utilizadas para mostrarte anuncios relevantes y medir la efectividad de nuestras campa\u00f1as publicitarias.<\/p><\/li><\/ul><h3 data-start=\"1348\" data-end=\"1401\"><strong data-start=\"1355\" data-end=\"1401\">3. C\u00f3mo gestionar o desactivar las cookies<\/strong><\/h3><p data-start=\"1402\" data-end=\"1608\">Puedes aceptar, rechazar o eliminar cookies desde la configuraci\u00f3n de tu navegador. Ten en cuenta que desactivar algunas cookies puede afectar la funcionalidad del sitio o limitar ciertas caracter\u00edsticas.<\/p><p data-start=\"1610\" data-end=\"1631\"><strong data-start=\"1610\" data-end=\"1629\">Enlaces \u00fatiles:<\/strong><\/p><ul data-start=\"1632\" data-end=\"2139\"><li data-start=\"1632\" data-end=\"1721\"><p data-start=\"1634\" data-end=\"1721\"><a class=\"decorated-link cursor-pointer\" target=\"_new\" rel=\"noopener\" data-start=\"1634\" data-end=\"1719\">Configurar cookies en Google Chrome<\/a><\/p><\/li><li data-start=\"1722\" data-end=\"1863\"><p data-start=\"1724\" data-end=\"1863\"><a class=\"decorated-link cursor-pointer\" target=\"_new\" rel=\"noopener\" data-start=\"1724\" data-end=\"1861\">Configurar cookies en Mozilla Firefox<\/a><\/p><\/li><li data-start=\"1864\" data-end=\"1958\"><p data-start=\"1866\" data-end=\"1958\"><a class=\"decorated-link cursor-pointer\" target=\"_new\" rel=\"noopener\" data-start=\"1866\" data-end=\"1956\">Configurar cookies en Safari<\/a><\/p><\/li><li data-start=\"1959\" data-end=\"2139\"><p data-start=\"1961\" data-end=\"2139\"><a class=\"decorated-link cursor-pointer\" target=\"_new\" rel=\"noopener\" data-start=\"1961\" data-end=\"2137\">Configurar cookies en Microsoft Edge<\/a><\/p><\/li><\/ul><h3 data-start=\"2146\" data-end=\"2180\"><strong data-start=\"2154\" data-end=\"2180\">4. Cookies de terceros<\/strong><\/h3><p data-start=\"2181\" data-end=\"2504\">Algunas cookies pueden ser colocadas por servicios externos que usamos, como Google Analytics, Facebook o TikTok, para recopilar datos estad\u00edsticos o mostrar contenido relevante en redes sociales.<br data-start=\"2377\" data-end=\"2380\" \/><strong data-start=\"2380\" data-end=\"2403\">Mi Dulce Espera LLC<\/strong> no controla estas cookies y te recomendamos revisar las pol\u00edticas de privacidad de esos servicios.<\/p><h3 data-start=\"2511\" data-end=\"2558\"><strong data-start=\"2518\" data-end=\"2558\">5. Cambios en la pol\u00edtica de cookies<\/strong><\/h3><p data-start=\"2559\" data-end=\"2724\">Podemos actualizar esta Pol\u00edtica de Cookies en cualquier momento. Te recomendamos revisarla peri\u00f3dicamente para mantenerte informado sobre c\u00f3mo usamos las cookies.<\/p><p data-start=\"2726\" data-end=\"2775\">\u00daltima actualizaci\u00f3n: <strong data-start=\"2748\" data-end=\"2773\">25 de octubre de 2025<\/strong><\/p><h3 data-start=\"2782\" data-end=\"2804\"><strong data-start=\"2789\" data-end=\"2804\">6. Contacto<\/strong><\/h3><p data-start=\"2805\" data-end=\"2930\">Si tienes dudas sobre nuestra Pol\u00edtica de Cookies o sobre c\u00f3mo gestionamos tu informaci\u00f3n, puedes comunicarte con nosotros:<\/p><p data-start=\"2932\" data-end=\"3087\">\ud83d\udccd <strong data-start=\"2935\" data-end=\"2949\">Direcci\u00f3n:<\/strong> 941 Melrose Ave., Trenton, NJ 06629<br data-start=\"2985\" data-end=\"2988\" \/>\ud83d\udcf1 <strong data-start=\"2991\" data-end=\"3015\">Tel\u00e9fono \/ WhatsApp:<\/strong> +1 (609) 733-2502<br data-start=\"3033\" data-end=\"3036\" \/>\ud83d\udce7 <strong data-start=\"3039\" data-end=\"3062\">Correo electr\u00f3nico:<\/strong> <a class=\"decorated-link cursor-pointer\" rel=\"noopener\" data-start=\"3063\" data-end=\"3085\">info@midulceesperastore.com<\/a><\/p>\t\t\t\t\t\t\t\t<\/div>\n\t\t\t\t\t<\/div>\n\t\t\t\t<\/div>\n\t\t\t\t<\/div>\n\t\t","protected":false},"excerpt":{"rendered":"<p>Inicio \u00bb Cookies En Mi Dulce Espera LLC, utilizamos cookies para mejorar tu experiencia de navegaci\u00f3n, analizar el tr\u00e1fico del sitio y personalizar el contenido que ves. Esta pol\u00edtica explica qu\u00e9 son las cookies, c\u00f3mo las usamos y c\u00f3mo puedes gestionarlas. 1. \u00bfQu\u00e9 son las cookies? Las cookies son peque\u00f1os archivos de texto que se [&hellip;]<\/p>\n","protected":false},"author":1,"featured_media":0,"parent":0,"menu_order":0,"comment_status":"closed","ping_status":"closed","template":"elementor_header_footer","meta":{"_joinchat":[],"footnotes":""},"class_list":["post-110","page","type-page","status-publish","hentry"],"yoast_head":"<!-- This site is optimized with the Yoast SEO plugin v26.8 - https:\/\/yoast.com\/product\/yoast-seo-wordpress\/ -->\n<title>Pol\u00edticas de cookies - Midulceesperastore<\/title>\n<meta name=\"robots\" content=\"index, follow, max-snippet:-1, max-image-preview:large, max-video-preview:-1\" \/>\n<link rel=\"canonical\" href=\"https:\/\/midulceesperastore.com\/es\/politicas-de-cookies\/\" \/>\n<meta property=\"og:locale\" content=\"es_ES\" \/>\n<meta property=\"og:type\" content=\"article\" \/>\n<meta property=\"og:title\" content=\"Pol\u00edticas de cookies - Midulceesperastore\" \/>\n<meta property=\"og:description\" content=\"Inicio \u00bb Cookies En Mi Dulce Espera LLC, utilizamos cookies para mejorar tu experiencia de navegaci\u00f3n, analizar el tr\u00e1fico del sitio y personalizar el contenido que ves. Esta pol\u00edtica explica qu\u00e9 son las cookies, c\u00f3mo las usamos y c\u00f3mo puedes gestionarlas. 1. \u00bfQu\u00e9 son las cookies? Las cookies son peque\u00f1os archivos de texto que se [&hellip;]\" \/>\n<meta property=\"og:url\" content=\"https:\/\/midulceesperastore.com\/es\/politicas-de-cookies\/\" \/>\n<meta property=\"og:site_name\" content=\"Midulceesperastore\" \/>\n<meta property=\"article:publisher\" content=\"https:\/\/www.facebook.com\/people\/Mi-Dulce-Espera-L-L-C\/\" \/>\n<meta property=\"article:modified_time\" content=\"2025-11-18T00:18:10+00:00\" \/>\n<meta property=\"og:image\" content=\"https:\/\/midulceesperastore.com\/es\/wp-content\/uploads\/2025\/12\/Set-de-Bienvenida-para-Bebes.png\" \/>\n\t<meta property=\"og:image:width\" content=\"512\" \/>\n\t<meta property=\"og:image:height\" content=\"512\" \/>\n\t<meta property=\"og:image:type\" content=\"image\/png\" \/>\n<meta name=\"twitter:card\" content=\"summary_large_image\" \/>\n<meta name=\"twitter:label1\" content=\"Tiempo de lectura\" \/>\n\t<meta name=\"twitter:data1\" content=\"2 minutos\" \/>\n<script type=\"application\/ld+json\" class=\"yoast-schema-graph\">{\"@context\":\"https:\/\/schema.org\",\"@graph\":[{\"@type\":\"WebPage\",\"@id\":\"https:\/\/midulceesperastore.com\/es\/politicas-de-cookies\/\",\"url\":\"https:\/\/midulceesperastore.com\/es\/politicas-de-cookies\/\",\"name\":\"Pol\u00edticas de cookies - Midulceesperastore\",\"isPartOf\":{\"@id\":\"https:\/\/midulceesperastore.com\/es\/#website\"},\"datePublished\":\"2025-11-04T14:21:21+00:00\",\"dateModified\":\"2025-11-18T00:18:10+00:00\",\"breadcrumb\":{\"@id\":\"https:\/\/midulceesperastore.com\/es\/politicas-de-cookies\/#breadcrumb\"},\"inLanguage\":\"es\",\"potentialAction\":[{\"@type\":\"ReadAction\",\"target\":[\"https:\/\/midulceesperastore.com\/es\/politicas-de-cookies\/\"]}]},{\"@type\":\"BreadcrumbList\",\"@id\":\"https:\/\/midulceesperastore.com\/es\/politicas-de-cookies\/#breadcrumb\",\"itemListElement\":[{\"@type\":\"ListItem\",\"position\":1,\"name\":\"Portada\",\"item\":\"https:\/\/midulceesperastore.com\/es\/\"},{\"@type\":\"ListItem\",\"position\":2,\"name\":\"Pol\u00edticas de cookies\"}]},{\"@type\":\"WebSite\",\"@id\":\"https:\/\/midulceesperastore.com\/es\/#website\",\"url\":\"https:\/\/midulceesperastore.com\/es\/\",\"name\":\"Midulceesperastore\",\"description\":\"Set de Bienvenida para Beb\u00e9s\",\"publisher\":{\"@id\":\"https:\/\/midulceesperastore.com\/es\/#organization\"},\"potentialAction\":[{\"@type\":\"SearchAction\",\"target\":{\"@type\":\"EntryPoint\",\"urlTemplate\":\"https:\/\/midulceesperastore.com\/es\/?s={search_term_string}\"},\"query-input\":{\"@type\":\"PropertyValueSpecification\",\"valueRequired\":true,\"valueName\":\"search_term_string\"}}],\"inLanguage\":\"es\"},{\"@type\":\"Organization\",\"@id\":\"https:\/\/midulceesperastore.com\/es\/#organization\",\"name\":\"Midulceesperastore\",\"url\":\"https:\/\/midulceesperastore.com\/es\/\",\"logo\":{\"@type\":\"ImageObject\",\"inLanguage\":\"es\",\"@id\":\"https:\/\/midulceesperastore.com\/es\/#\/schema\/logo\/image\/\",\"url\":\"https:\/\/midulceesperastore.com\/es\/wp-content\/uploads\/2025\/12\/cropped-Set-de-Bienvenida-para-Bebes-1.png\",\"contentUrl\":\"https:\/\/midulceesperastore.com\/es\/wp-content\/uploads\/2025\/12\/cropped-Set-de-Bienvenida-para-Bebes-1.png\",\"width\":512,\"height\":512,\"caption\":\"Midulceesperastore\"},\"image\":{\"@id\":\"https:\/\/midulceesperastore.com\/es\/#\/schema\/logo\/image\/\"},\"sameAs\":[\"https:\/\/www.facebook.com\/people\/Mi-Dulce-Espera-L-L-C\/\"]}]}<\/script>\n<!-- \/ Yoast SEO plugin. -->","yoast_head_json":{"title":"Pol\u00edticas de cookies - Midulceesperastore","robots":{"index":"index","follow":"follow","max-snippet":"max-snippet:-1","max-image-preview":"max-image-preview:large","max-video-preview":"max-video-preview:-1"},"canonical":"https:\/\/midulceesperastore.com\/es\/politicas-de-cookies\/","og_locale":"es_ES","og_type":"article","og_title":"Pol\u00edticas de cookies - Midulceesperastore","og_description":"Inicio \u00bb Cookies En Mi Dulce Espera LLC, utilizamos cookies para mejorar tu experiencia de navegaci\u00f3n, analizar el tr\u00e1fico del sitio y personalizar el contenido que ves. Esta pol\u00edtica explica qu\u00e9 son las cookies, c\u00f3mo las usamos y c\u00f3mo puedes gestionarlas. 1. \u00bfQu\u00e9 son las cookies? Las cookies son peque\u00f1os archivos de texto que se [&hellip;]","og_url":"https:\/\/midulceesperastore.com\/es\/politicas-de-cookies\/","og_site_name":"Midulceesperastore","article_publisher":"https:\/\/www.facebook.com\/people\/Mi-Dulce-Espera-L-L-C\/","article_modified_time":"2025-11-18T00:18:10+00:00","og_image":[{"width":512,"height":512,"url":"https:\/\/midulceesperastore.com\/es\/wp-content\/uploads\/2025\/12\/Set-de-Bienvenida-para-Bebes.png","type":"image\/png"}],"twitter_card":"summary_large_image","twitter_misc":{"Tiempo de lectura":"2 minutos"},"schema":{"@context":"https:\/\/schema.org","@graph":[{"@type":"WebPage","@id":"https:\/\/midulceesperastore.com\/es\/politicas-de-cookies\/","url":"https:\/\/midulceesperastore.com\/es\/politicas-de-cookies\/","name":"Pol\u00edticas de cookies - Midulceesperastore","isPartOf":{"@id":"https:\/\/midulceesperastore.com\/es\/#website"},"datePublished":"2025-11-04T14:21:21+00:00","dateModified":"2025-11-18T00:18:10+00:00","breadcrumb":{"@id":"https:\/\/midulceesperastore.com\/es\/politicas-de-cookies\/#breadcrumb"},"inLanguage":"es","potentialAction":[{"@type":"ReadAction","target":["https:\/\/midulceesperastore.com\/es\/politicas-de-cookies\/"]}]},{"@type":"BreadcrumbList","@id":"https:\/\/midulceesperastore.com\/es\/politicas-de-cookies\/#breadcrumb","itemListElement":[{"@type":"ListItem","position":1,"name":"Portada","item":"https:\/\/midulceesperastore.com\/es\/"},{"@type":"ListItem","position":2,"name":"Pol\u00edticas de cookies"}]},{"@type":"WebSite","@id":"https:\/\/midulceesperastore.com\/es\/#website","url":"https:\/\/midulceesperastore.com\/es\/","name":"Midulceesperastore","description":"Set de Bienvenida para Beb\u00e9s","publisher":{"@id":"https:\/\/midulceesperastore.com\/es\/#organization"},"potentialAction":[{"@type":"SearchAction","target":{"@type":"EntryPoint","urlTemplate":"https:\/\/midulceesperastore.com\/es\/?s={search_term_string}"},"query-input":{"@type":"PropertyValueSpecification","valueRequired":true,"valueName":"search_term_string"}}],"inLanguage":"es"},{"@type":"Organization","@id":"https:\/\/midulceesperastore.com\/es\/#organization","name":"Midulceesperastore","url":"https:\/\/midulceesperastore.com\/es\/","logo":{"@type":"ImageObject","inLanguage":"es","@id":"https:\/\/midulceesperastore.com\/es\/#\/schema\/logo\/image\/","url":"https:\/\/midulceesperastore.com\/es\/wp-content\/uploads\/2025\/12\/cropped-Set-de-Bienvenida-para-Bebes-1.png","contentUrl":"https:\/\/midulceesperastore.com\/es\/wp-content\/uploads\/2025\/12\/cropped-Set-de-Bienvenida-para-Bebes-1.png","width":512,"height":512,"caption":"Midulceesperastore"},"image":{"@id":"https:\/\/midulceesperastore.com\/es\/#\/schema\/logo\/image\/"},"sameAs":["https:\/\/www.facebook.com\/people\/Mi-Dulce-Espera-L-L-C\/"]}]}},"_hostinger_reach_plugin_has_subscription_block":false,"_hostinger_reach_plugin_is_elementor":false,"_links":{"self":[{"href":"https:\/\/midulceesperastore.com\/es\/wp-json\/wp\/v2\/pages\/110","targetHints":{"allow":["GET"]}}],"collection":[{"href":"https:\/\/midulceesperastore.com\/es\/wp-json\/wp\/v2\/pages"}],"about":[{"href":"https:\/\/midulceesperastore.com\/es\/wp-json\/wp\/v2\/types\/page"}],"author":[{"embeddable":true,"href":"https:\/\/midulceesperastore.com\/es\/wp-json\/wp\/v2\/users\/1"}],"replies":[{"embeddable":true,"href":"https:\/\/midulceesperastore.com\/es\/wp-json\/wp\/v2\/comments?post=110"}],"version-history":[{"count":13,"href":"https:\/\/midulceesperastore.com\/es\/wp-json\/wp\/v2\/pages\/110\/revisions"}],"predecessor-version":[{"id":1251,"href":"https:\/\/midulceesperastore.com\/es\/wp-json\/wp\/v2\/pages\/110\/revisions\/1251"}],"wp:attachment":[{"href":"https:\/\/midulceesperastore.com\/es\/wp-json\/wp\/v2\/media?parent=110"}],"curies":[{"name":"wp","href":"https:\/\/api.w.org\/{rel}","templated":true}]}}