{"id":107,"date":"2025-11-04T14:20:56","date_gmt":"2025-11-04T14:20:56","guid":{"rendered":"https:\/\/midulceesperausa.inabaweb.com\/?page_id=107"},"modified":"2025-11-18T00:17:12","modified_gmt":"2025-11-18T00:17:12","slug":"politicas-de-privacidad","status":"publish","type":"page","link":"https:\/\/midulceesperastore.com\/es\/politicas-de-privacidad\/","title":{"rendered":"Pol\u00edticas de privacidad"},"content":{"rendered":"\t\t<div data-elementor-type=\"wp-page\" data-elementor-id=\"107\" class=\"elementor elementor-107\" data-elementor-post-type=\"page\">\n\t\t\t\t<div class=\"elementor-element elementor-element-4d589f14 e-flex e-con-boxed e-con e-parent\" data-id=\"4d589f14\" data-element_type=\"container\" data-settings=\"{&quot;background_background&quot;:&quot;classic&quot;}\">\n\t\t\t\t\t<div class=\"e-con-inner\">\n\t\t\t\t<div class=\"elementor-element elementor-element-62a3926b elementor-invisible elementor-widget elementor-widget-heading\" data-id=\"62a3926b\" data-element_type=\"widget\" data-settings=\"{&quot;_animation&quot;:&quot;rollIn&quot;,&quot;_animation_delay&quot;:200}\" data-widget_type=\"heading.default\">\n\t\t\t\t\t<h1 class=\"elementor-heading-title elementor-size-default\">Pol\u00edticas de privacidad<\/h1>\t\t\t\t<\/div>\n\t\t\t\t<div class=\"elementor-element elementor-element-2930e141 elementor-invisible elementor-widget elementor-widget-text-editor\" data-id=\"2930e141\" data-element_type=\"widget\" data-settings=\"{&quot;_animation&quot;:&quot;fadeIn&quot;}\" data-widget_type=\"text-editor.default\">\n\t\t\t\t\t\t\t\t\t<p data-pm-slice=\"1 1 []\"><a href=\"https:\/\/midulceesperastore.com\/es\/\">Inicio<\/a> \u00bb Privacidad<\/p>\t\t\t\t\t\t\t\t<\/div>\n\t\t\t\t\t<\/div>\n\t\t\t\t<\/div>\n\t\t<div class=\"elementor-element elementor-element-5eb671c6 e-flex e-con-boxed e-con e-parent\" data-id=\"5eb671c6\" data-element_type=\"container\">\n\t\t\t\t\t<div class=\"e-con-inner\">\n\t\t\t\t<div class=\"elementor-element elementor-element-17bfbdfd elementor-invisible elementor-widget elementor-widget-text-editor\" data-id=\"17bfbdfd\" data-element_type=\"widget\" data-settings=\"{&quot;_animation&quot;:&quot;fadeIn&quot;}\" data-widget_type=\"text-editor.default\">\n\t\t\t\t\t\t\t\t\t<p data-start=\"160\" data-end=\"406\">En <strong data-start=\"163\" data-end=\"186\">Mi Dulce Espera LLC<\/strong>, respetamos tu privacidad y valoramos la confianza que depositas en nosotros. Esta pol\u00edtica explica c\u00f3mo recopilamos, usamos y protegemos tu informaci\u00f3n personal cuando visitas o realizas compras en nuestro sitio web.<\/p><h3 data-start=\"413\" data-end=\"454\"><strong data-start=\"420\" data-end=\"454\">1. Informaci\u00f3n que recopilamos<\/strong><\/h3><p data-start=\"455\" data-end=\"601\">Recopilamos informaci\u00f3n personal que t\u00fa nos proporcionas voluntariamente al realizar una compra, registrarte o contactarnos. Esto puede incluir:<\/p><ul data-start=\"602\" data-end=\"767\"><li data-start=\"602\" data-end=\"621\"><p data-start=\"604\" data-end=\"621\">Nombre completo<\/p><\/li><li data-start=\"622\" data-end=\"658\"><p data-start=\"624\" data-end=\"658\">Direcci\u00f3n de env\u00edo y facturaci\u00f3n<\/p><\/li><li data-start=\"659\" data-end=\"702\"><p data-start=\"661\" data-end=\"702\">Correo electr\u00f3nico y n\u00famero de tel\u00e9fono<\/p><\/li><li data-start=\"703\" data-end=\"767\"><p data-start=\"705\" data-end=\"767\">Informaci\u00f3n de pago (procesada de forma segura por terceros)<\/p><\/li><\/ul><p data-start=\"769\" data-end=\"928\">Tambi\u00e9n recopilamos datos no personales autom\u00e1ticamente, como la direcci\u00f3n IP, tipo de navegador y tiempo de visita, para mejorar la experiencia del usuario.<\/p><h3 data-start=\"935\" data-end=\"971\"><strong data-start=\"943\" data-end=\"971\">2. Uso de la informaci\u00f3n<\/strong><\/h3><p data-start=\"972\" data-end=\"1021\">La informaci\u00f3n que recopilamos se utiliza para:<\/p><ul data-start=\"1022\" data-end=\"1241\"><li data-start=\"1022\" data-end=\"1055\"><p data-start=\"1024\" data-end=\"1055\">Procesar y enviar tus pedidos<\/p><\/li><li data-start=\"1056\" data-end=\"1097\"><p data-start=\"1058\" data-end=\"1097\">Personalizar tu experiencia de compra<\/p><\/li><li data-start=\"1098\" data-end=\"1152\"><p data-start=\"1100\" data-end=\"1152\">Comunicarnos contigo sobre tu pedido o promociones<\/p><\/li><li data-start=\"1153\" data-end=\"1195\"><p data-start=\"1155\" data-end=\"1195\">Mejorar nuestros productos y servicios<\/p><\/li><li data-start=\"1196\" data-end=\"1241\"><p data-start=\"1198\" data-end=\"1241\">Cumplir con requisitos legales o fiscales<\/p><\/li><\/ul><h3 data-start=\"1248\" data-end=\"1285\"><strong data-start=\"1255\" data-end=\"1285\">3. Protecci\u00f3n de tus datos<\/strong><\/h3><p data-start=\"1286\" data-end=\"1521\">Tu informaci\u00f3n personal se almacena en servidores seguros y solo es accesible por personal autorizado. Implementamos medidas de seguridad f\u00edsicas y digitales para evitar el acceso no autorizado, alteraci\u00f3n o divulgaci\u00f3n de tus datos.<\/p><h3 data-start=\"1528\" data-end=\"1555\"><strong data-start=\"1535\" data-end=\"1555\">4. Pagos seguros<\/strong><\/h3><p data-start=\"1556\" data-end=\"1755\">No almacenamos informaci\u00f3n de tarjetas de cr\u00e9dito o d\u00e9bito. Todos los pagos se procesan de forma segura a trav\u00e9s de plataformas externas de pago que cumplen con los est\u00e1ndares de seguridad PCI-DSS.<\/p><h3 data-start=\"1762\" data-end=\"1790\"><strong data-start=\"1769\" data-end=\"1790\">5. Comunicaciones<\/strong><\/h3><p data-start=\"1791\" data-end=\"2038\">Podemos enviarte correos electr\u00f3nicos con actualizaciones de pedidos, promociones o noticias de <strong data-start=\"1887\" data-end=\"1910\">Mi Dulce Espera LLC<\/strong>. Puedes darte de baja en cualquier momento haciendo clic en el enlace de cancelaci\u00f3n de suscripci\u00f3n incluido en cada mensaje.<\/p><h3 data-start=\"2045\" data-end=\"2078\"><strong data-start=\"2052\" data-end=\"2078\">6. Privacidad infantil<\/strong><\/h3><p data-start=\"2079\" data-end=\"2320\">Nuestros servicios est\u00e1n dirigidos a adultos. No recopilamos intencionalmente informaci\u00f3n personal de menores de 13 a\u00f1os. Si eres padre, madre o tutor y crees que tu hijo nos ha proporcionado datos personales, cont\u00e1ctanos para eliminarlos.<\/p><h3 data-start=\"2327\" data-end=\"2357\"><strong data-start=\"2334\" data-end=\"2357\">7. Enlaces externos<\/strong><\/h3><p data-start=\"2358\" data-end=\"2543\">Nuestro sitio web puede incluir enlaces a redes sociales o sitios de terceros. <strong data-start=\"2437\" data-end=\"2460\">Mi Dulce Espera LLC<\/strong> no se hace responsable de las pr\u00e1cticas de privacidad de dichos sitios externos.<\/p><h3 data-start=\"2550\" data-end=\"2588\"><strong data-start=\"2557\" data-end=\"2588\">8. Cambios en esta pol\u00edtica<\/strong><\/h3><p data-start=\"2589\" data-end=\"2747\">Podemos actualizar esta Pol\u00edtica de Privacidad ocasionalmente. Cualquier cambio ser\u00e1 publicado en esta p\u00e1gina con la fecha de actualizaci\u00f3n correspondiente.<\/p><p data-start=\"2749\" data-end=\"2798\">\u00daltima actualizaci\u00f3n: <strong data-start=\"2771\" data-end=\"2796\">25 de octubre de 2025<\/strong><\/p><h3 data-start=\"2805\" data-end=\"2830\"><strong data-start=\"2812\" data-end=\"2830\">9. Cont\u00e1ctanos<\/strong><\/h3><p data-start=\"2831\" data-end=\"2940\">Si tienes dudas sobre esta pol\u00edtica o sobre c\u00f3mo manejamos tu informaci\u00f3n, puedes comunicarte con nosotros:<\/p><p data-start=\"2942\" data-end=\"3097\">\ud83d\udccd <strong data-start=\"2945\" data-end=\"2959\">Direcci\u00f3n:<\/strong> 941 Melrose Ave., Trenton, NJ 06629<br data-start=\"2995\" data-end=\"2998\" \/>\ud83d\udcf1 <strong data-start=\"3001\" data-end=\"3025\">Tel\u00e9fono \/ WhatsApp:<\/strong> +1 (609) 733-2502<br data-start=\"3043\" data-end=\"3046\" \/>\ud83d\udce7 <strong data-start=\"3049\" data-end=\"3072\">Correo electr\u00f3nico:<\/strong> <a class=\"decorated-link cursor-pointer\" rel=\"noopener\" data-start=\"3073\" data-end=\"3095\">info@midulceesperastore.com<\/a><\/p>\t\t\t\t\t\t\t\t<\/div>\n\t\t\t\t\t<\/div>\n\t\t\t\t<\/div>\n\t\t\t\t<\/div>\n\t\t","protected":false},"excerpt":{"rendered":"<p>Inicio \u00bb Privacidad En Mi Dulce Espera LLC, respetamos tu privacidad y valoramos la confianza que depositas en nosotros. Esta pol\u00edtica explica c\u00f3mo recopilamos, usamos y protegemos tu informaci\u00f3n personal cuando visitas o realizas compras en nuestro sitio web. 1. Informaci\u00f3n que recopilamos Recopilamos informaci\u00f3n personal que t\u00fa nos proporcionas voluntariamente al realizar una compra, [&hellip;]<\/p>\n","protected":false},"author":1,"featured_media":0,"parent":0,"menu_order":0,"comment_status":"closed","ping_status":"closed","template":"elementor_header_footer","meta":{"_joinchat":[],"footnotes":""},"class_list":["post-107","page","type-page","status-publish","hentry"],"yoast_head":"<!-- This site is optimized with the Yoast SEO plugin v26.8 - https:\/\/yoast.com\/product\/yoast-seo-wordpress\/ -->\n<title>Pol\u00edticas de privacidad - Midulceesperastore<\/title>\n<meta name=\"robots\" content=\"index, follow, max-snippet:-1, max-image-preview:large, max-video-preview:-1\" \/>\n<link rel=\"canonical\" href=\"https:\/\/midulceesperastore.com\/es\/politicas-de-privacidad\/\" \/>\n<meta property=\"og:locale\" content=\"es_ES\" \/>\n<meta property=\"og:type\" content=\"article\" \/>\n<meta property=\"og:title\" content=\"Pol\u00edticas de privacidad - Midulceesperastore\" \/>\n<meta property=\"og:description\" content=\"Inicio \u00bb Privacidad En Mi Dulce Espera LLC, respetamos tu privacidad y valoramos la confianza que depositas en nosotros. Esta pol\u00edtica explica c\u00f3mo recopilamos, usamos y protegemos tu informaci\u00f3n personal cuando visitas o realizas compras en nuestro sitio web. 1. Informaci\u00f3n que recopilamos Recopilamos informaci\u00f3n personal que t\u00fa nos proporcionas voluntariamente al realizar una compra, [&hellip;]\" \/>\n<meta property=\"og:url\" content=\"https:\/\/midulceesperastore.com\/es\/politicas-de-privacidad\/\" \/>\n<meta property=\"og:site_name\" content=\"Midulceesperastore\" \/>\n<meta property=\"article:publisher\" content=\"https:\/\/www.facebook.com\/people\/Mi-Dulce-Espera-L-L-C\/\" \/>\n<meta property=\"article:modified_time\" content=\"2025-11-18T00:17:12+00:00\" \/>\n<meta property=\"og:image\" content=\"https:\/\/midulceesperastore.com\/es\/wp-content\/uploads\/2025\/12\/Set-de-Bienvenida-para-Bebes.png\" \/>\n\t<meta property=\"og:image:width\" content=\"512\" \/>\n\t<meta property=\"og:image:height\" content=\"512\" \/>\n\t<meta property=\"og:image:type\" content=\"image\/png\" \/>\n<meta name=\"twitter:card\" content=\"summary_large_image\" \/>\n<meta name=\"twitter:label1\" content=\"Tiempo de lectura\" \/>\n\t<meta name=\"twitter:data1\" content=\"2 minutos\" \/>\n<script type=\"application\/ld+json\" class=\"yoast-schema-graph\">{\"@context\":\"https:\/\/schema.org\",\"@graph\":[{\"@type\":\"WebPage\",\"@id\":\"https:\/\/midulceesperastore.com\/es\/politicas-de-privacidad\/\",\"url\":\"https:\/\/midulceesperastore.com\/es\/politicas-de-privacidad\/\",\"name\":\"Pol\u00edticas de privacidad - Midulceesperastore\",\"isPartOf\":{\"@id\":\"https:\/\/midulceesperastore.com\/es\/#website\"},\"datePublished\":\"2025-11-04T14:20:56+00:00\",\"dateModified\":\"2025-11-18T00:17:12+00:00\",\"breadcrumb\":{\"@id\":\"https:\/\/midulceesperastore.com\/es\/politicas-de-privacidad\/#breadcrumb\"},\"inLanguage\":\"es\",\"potentialAction\":[{\"@type\":\"ReadAction\",\"target\":[\"https:\/\/midulceesperastore.com\/es\/politicas-de-privacidad\/\"]}]},{\"@type\":\"BreadcrumbList\",\"@id\":\"https:\/\/midulceesperastore.com\/es\/politicas-de-privacidad\/#breadcrumb\",\"itemListElement\":[{\"@type\":\"ListItem\",\"position\":1,\"name\":\"Portada\",\"item\":\"https:\/\/midulceesperastore.com\/es\/\"},{\"@type\":\"ListItem\",\"position\":2,\"name\":\"Pol\u00edticas de privacidad\"}]},{\"@type\":\"WebSite\",\"@id\":\"https:\/\/midulceesperastore.com\/es\/#website\",\"url\":\"https:\/\/midulceesperastore.com\/es\/\",\"name\":\"Midulceesperastore\",\"description\":\"Set de Bienvenida para Beb\u00e9s\",\"publisher\":{\"@id\":\"https:\/\/midulceesperastore.com\/es\/#organization\"},\"potentialAction\":[{\"@type\":\"SearchAction\",\"target\":{\"@type\":\"EntryPoint\",\"urlTemplate\":\"https:\/\/midulceesperastore.com\/es\/?s={search_term_string}\"},\"query-input\":{\"@type\":\"PropertyValueSpecification\",\"valueRequired\":true,\"valueName\":\"search_term_string\"}}],\"inLanguage\":\"es\"},{\"@type\":\"Organization\",\"@id\":\"https:\/\/midulceesperastore.com\/es\/#organization\",\"name\":\"Midulceesperastore\",\"url\":\"https:\/\/midulceesperastore.com\/es\/\",\"logo\":{\"@type\":\"ImageObject\",\"inLanguage\":\"es\",\"@id\":\"https:\/\/midulceesperastore.com\/es\/#\/schema\/logo\/image\/\",\"url\":\"https:\/\/midulceesperastore.com\/es\/wp-content\/uploads\/2025\/12\/cropped-Set-de-Bienvenida-para-Bebes-1.png\",\"contentUrl\":\"https:\/\/midulceesperastore.com\/es\/wp-content\/uploads\/2025\/12\/cropped-Set-de-Bienvenida-para-Bebes-1.png\",\"width\":512,\"height\":512,\"caption\":\"Midulceesperastore\"},\"image\":{\"@id\":\"https:\/\/midulceesperastore.com\/es\/#\/schema\/logo\/image\/\"},\"sameAs\":[\"https:\/\/www.facebook.com\/people\/Mi-Dulce-Espera-L-L-C\/\"]}]}<\/script>\n<!-- \/ Yoast SEO plugin. -->","yoast_head_json":{"title":"Pol\u00edticas de privacidad - Midulceesperastore","robots":{"index":"index","follow":"follow","max-snippet":"max-snippet:-1","max-image-preview":"max-image-preview:large","max-video-preview":"max-video-preview:-1"},"canonical":"https:\/\/midulceesperastore.com\/es\/politicas-de-privacidad\/","og_locale":"es_ES","og_type":"article","og_title":"Pol\u00edticas de privacidad - Midulceesperastore","og_description":"Inicio \u00bb Privacidad En Mi Dulce Espera LLC, respetamos tu privacidad y valoramos la confianza que depositas en nosotros. Esta pol\u00edtica explica c\u00f3mo recopilamos, usamos y protegemos tu informaci\u00f3n personal cuando visitas o realizas compras en nuestro sitio web. 1. Informaci\u00f3n que recopilamos Recopilamos informaci\u00f3n personal que t\u00fa nos proporcionas voluntariamente al realizar una compra, [&hellip;]","og_url":"https:\/\/midulceesperastore.com\/es\/politicas-de-privacidad\/","og_site_name":"Midulceesperastore","article_publisher":"https:\/\/www.facebook.com\/people\/Mi-Dulce-Espera-L-L-C\/","article_modified_time":"2025-11-18T00:17:12+00:00","og_image":[{"width":512,"height":512,"url":"https:\/\/midulceesperastore.com\/es\/wp-content\/uploads\/2025\/12\/Set-de-Bienvenida-para-Bebes.png","type":"image\/png"}],"twitter_card":"summary_large_image","twitter_misc":{"Tiempo de lectura":"2 minutos"},"schema":{"@context":"https:\/\/schema.org","@graph":[{"@type":"WebPage","@id":"https:\/\/midulceesperastore.com\/es\/politicas-de-privacidad\/","url":"https:\/\/midulceesperastore.com\/es\/politicas-de-privacidad\/","name":"Pol\u00edticas de privacidad - Midulceesperastore","isPartOf":{"@id":"https:\/\/midulceesperastore.com\/es\/#website"},"datePublished":"2025-11-04T14:20:56+00:00","dateModified":"2025-11-18T00:17:12+00:00","breadcrumb":{"@id":"https:\/\/midulceesperastore.com\/es\/politicas-de-privacidad\/#breadcrumb"},"inLanguage":"es","potentialAction":[{"@type":"ReadAction","target":["https:\/\/midulceesperastore.com\/es\/politicas-de-privacidad\/"]}]},{"@type":"BreadcrumbList","@id":"https:\/\/midulceesperastore.com\/es\/politicas-de-privacidad\/#breadcrumb","itemListElement":[{"@type":"ListItem","position":1,"name":"Portada","item":"https:\/\/midulceesperastore.com\/es\/"},{"@type":"ListItem","position":2,"name":"Pol\u00edticas de privacidad"}]},{"@type":"WebSite","@id":"https:\/\/midulceesperastore.com\/es\/#website","url":"https:\/\/midulceesperastore.com\/es\/","name":"Midulceesperastore","description":"Set de Bienvenida para Beb\u00e9s","publisher":{"@id":"https:\/\/midulceesperastore.com\/es\/#organization"},"potentialAction":[{"@type":"SearchAction","target":{"@type":"EntryPoint","urlTemplate":"https:\/\/midulceesperastore.com\/es\/?s={search_term_string}"},"query-input":{"@type":"PropertyValueSpecification","valueRequired":true,"valueName":"search_term_string"}}],"inLanguage":"es"},{"@type":"Organization","@id":"https:\/\/midulceesperastore.com\/es\/#organization","name":"Midulceesperastore","url":"https:\/\/midulceesperastore.com\/es\/","logo":{"@type":"ImageObject","inLanguage":"es","@id":"https:\/\/midulceesperastore.com\/es\/#\/schema\/logo\/image\/","url":"https:\/\/midulceesperastore.com\/es\/wp-content\/uploads\/2025\/12\/cropped-Set-de-Bienvenida-para-Bebes-1.png","contentUrl":"https:\/\/midulceesperastore.com\/es\/wp-content\/uploads\/2025\/12\/cropped-Set-de-Bienvenida-para-Bebes-1.png","width":512,"height":512,"caption":"Midulceesperastore"},"image":{"@id":"https:\/\/midulceesperastore.com\/es\/#\/schema\/logo\/image\/"},"sameAs":["https:\/\/www.facebook.com\/people\/Mi-Dulce-Espera-L-L-C\/"]}]}},"_hostinger_reach_plugin_has_subscription_block":false,"_hostinger_reach_plugin_is_elementor":false,"_links":{"self":[{"href":"https:\/\/midulceesperastore.com\/es\/wp-json\/wp\/v2\/pages\/107","targetHints":{"allow":["GET"]}}],"collection":[{"href":"https:\/\/midulceesperastore.com\/es\/wp-json\/wp\/v2\/pages"}],"about":[{"href":"https:\/\/midulceesperastore.com\/es\/wp-json\/wp\/v2\/types\/page"}],"author":[{"embeddable":true,"href":"https:\/\/midulceesperastore.com\/es\/wp-json\/wp\/v2\/users\/1"}],"replies":[{"embeddable":true,"href":"https:\/\/midulceesperastore.com\/es\/wp-json\/wp\/v2\/comments?post=107"}],"version-history":[{"count":22,"href":"https:\/\/midulceesperastore.com\/es\/wp-json\/wp\/v2\/pages\/107\/revisions"}],"predecessor-version":[{"id":1248,"href":"https:\/\/midulceesperastore.com\/es\/wp-json\/wp\/v2\/pages\/107\/revisions\/1248"}],"wp:attachment":[{"href":"https:\/\/midulceesperastore.com\/es\/wp-json\/wp\/v2\/media?parent=107"}],"curies":[{"name":"wp","href":"https:\/\/api.w.org\/{rel}","templated":true}]}}